{"id":9886,"date":"2026-04-30T18:51:41","date_gmt":"2026-04-30T18:51:41","guid":{"rendered":"https:\/\/papayawhip-oyster-671994.hostingersite.com\/?post_type=product&#038;p=9886"},"modified":"2026-04-30T18:51:41","modified_gmt":"2026-04-30T18:51:41","slug":"marine-collagen","status":"publish","type":"product","link":"https:\/\/musclegainalbania.com\/?product=marine-collagen","title":{"rendered":"Marine Collagen"},"content":{"rendered":"<p data-start=\"41\" data-end=\"262\">Marine Collagen nga Applied Nutrition \u00ebsht\u00eb nj\u00eb suplement premium i bazuar n\u00eb <strong data-start=\"119\" data-end=\"183\">kolagjen t\u00eb hidrolizuar nga peshq t\u00eb eg\u00ebr (wild-caught fish)<\/strong>, i formuluar p\u00ebr t\u00eb mb\u00ebshtetur <strong data-start=\"215\" data-end=\"261\">l\u00ebkur\u00ebn, flok\u00ebt, thonjt\u00eb, nyjet dhe kockat<\/strong>.<\/p>\n<p data-start=\"264\" data-end=\"481\">Ky produkt p\u00ebrdor <strong data-start=\"282\" data-end=\"321\">marine collagen peptides t\u00eb tipit I<\/strong>, q\u00eb jan\u00eb t\u00eb njohura p\u00ebr <strong data-start=\"346\" data-end=\"396\">thithje t\u00eb lart\u00eb dhe biodisponueshm\u00ebri t\u00eb mir\u00eb<\/strong>, duke e b\u00ebr\u00eb nj\u00eb zgjedhje shum\u00eb t\u00eb popullarizuar n\u00eb rutinat e bukuris\u00eb dhe wellness.<\/p>\n<h3 data-section-id=\"1dip94x\" data-start=\"483\" data-end=\"509\">\u00a0P\u00ebrfitimet kryesore:<\/h3>\n<ul data-start=\"510\" data-end=\"788\">\n<li data-section-id=\"1pn0uap\" data-start=\"510\" data-end=\"581\">Ndihmon n\u00eb <strong data-start=\"523\" data-end=\"581\">p\u00ebrmir\u00ebsimin e elasticitetit dhe hidratimit t\u00eb l\u00ebkur\u00ebs<\/strong><\/li>\n<li data-section-id=\"knc9uj\" data-start=\"582\" data-end=\"642\">Mb\u00ebshtet <strong data-start=\"593\" data-end=\"642\">flok\u00eb m\u00eb t\u00eb fort\u00eb dhe thonj m\u00eb t\u00eb sh\u00ebndetsh\u00ebm<\/strong><\/li>\n<li data-section-id=\"1cin5fv\" data-start=\"643\" data-end=\"693\">Kontribuon n\u00eb <strong data-start=\"659\" data-end=\"693\">sh\u00ebndetin e nyjeve dhe kockave<\/strong><\/li>\n<li data-section-id=\"ymbbxr\" data-start=\"694\" data-end=\"739\">Ndihmon n\u00eb <strong data-start=\"707\" data-end=\"739\">rikuperimin e indeve lidh\u00ebse<\/strong><\/li>\n<li data-section-id=\"adfpkq\" data-start=\"740\" data-end=\"788\">Burim i past\u00ebr kolagjeni nga <strong data-start=\"771\" data-end=\"788\">peshq t\u00eb eg\u00ebr<\/strong><\/li>\n<\/ul>\n<h3 data-section-id=\"1qn5906\" data-start=\"1089\" data-end=\"1106\">P\u00ebrdorimi:<\/h3>\n<p data-start=\"1107\" data-end=\"1187\">Merrni 1 scoop (rreth 12g) n\u00eb dit\u00eb, t\u00eb p\u00ebrzier me pije t\u00eb ftoht\u00eb ose t\u00eb ngroht\u00eb.<\/p>\n","protected":false},"excerpt":{"rendered":"<p>Marine Collagen nga Applied Nutrition \u00ebsht\u00eb nj\u00eb suplement premium i bazuar n\u00eb kolagjen t\u00eb hidrolizuar nga peshq t\u00eb eg\u00ebr (wild-caught fish), i formuluar p\u00ebr t\u00eb mb\u00ebshtetur l\u00ebkur\u00ebn, flok\u00ebt, thonjt\u00eb, nyjet dhe kockat. Ky produkt p\u00ebrdor marine collagen peptides t\u00eb tipit I, q\u00eb jan\u00eb t\u00eb njohura p\u00ebr thithje t\u00eb lart\u00eb dhe biodisponueshm\u00ebri t\u00eb mir\u00eb, duke e [&hellip;]<\/p>\n","protected":false},"featured_media":9888,"comment_status":"open","ping_status":"closed","template":"","meta":{"site-sidebar-layout":"default","site-content-layout":"","ast-site-content-layout":"default","site-content-style":"default","site-sidebar-style":"default","ast-global-header-display":"","ast-banner-title-visibility":"","ast-main-header-display":"","ast-hfb-above-header-display":"","ast-hfb-below-header-display":"","ast-hfb-mobile-header-display":"","site-post-title":"","ast-breadcrumbs-content":"","ast-featured-img":"","footer-sml-layout":"","ast-disable-related-posts":"","theme-transparent-header-meta":"default","adv-header-id-meta":"","stick-header-meta":"","header-above-stick-meta":"","header-main-stick-meta":"","header-below-stick-meta":"","astra-migrate-meta-layouts":"set","ast-page-background-enabled":"default","ast-page-background-meta":{"desktop":{"background-color":"","background-image":"","background-repeat":"repeat","background-position":"center center","background-size":"auto","background-attachment":"scroll","background-type":"","background-media":"","overlay-type":"","overlay-color":"","overlay-opacity":"","overlay-gradient":""},"tablet":{"background-color":"","background-image":"","background-repeat":"repeat","background-position":"center center","background-size":"auto","background-attachment":"scroll","background-type":"","background-media":"","overlay-type":"","overlay-color":"","overlay-opacity":"","overlay-gradient":""},"mobile":{"background-color":"","background-image":"","background-repeat":"repeat","background-position":"center center","background-size":"auto","background-attachment":"scroll","background-type":"","background-media":"","overlay-type":"","overlay-color":"","overlay-opacity":"","overlay-gradient":""}},"ast-content-background-meta":{"desktop":{"background-color":"var(--ast-global-color-5)","background-image":"","background-repeat":"repeat","background-position":"center center","background-size":"auto","background-attachment":"scroll","background-type":"","background-media":"","overlay-type":"","overlay-color":"","overlay-opacity":"","overlay-gradient":""},"tablet":{"background-color":"var(--ast-global-color-5)","background-image":"","background-repeat":"repeat","background-position":"center center","background-size":"auto","background-attachment":"scroll","background-type":"","background-media":"","overlay-type":"","overlay-color":"","overlay-opacity":"","overlay-gradient":""},"mobile":{"background-color":"var(--ast-global-color-5)","background-image":"","background-repeat":"repeat","background-position":"center center","background-size":"auto","background-attachment":"scroll","background-type":"","background-media":"","overlay-type":"","overlay-color":"","overlay-opacity":"","overlay-gradient":""}}},"product_brand":[],"product_cat":[34],"product_tag":[],"class_list":{"0":"post-9886","1":"product","2":"type-product","3":"status-publish","4":"has-post-thumbnail","6":"product_cat-metabolizem","7":"desktop-align-center","8":"tablet-align-center","9":"mobile-align-center","11":"first","12":"instock","13":"shipping-taxable","14":"purchasable","15":"product-type-simple"},"_links":{"self":[{"href":"https:\/\/musclegainalbania.com\/index.php?rest_route=\/wp\/v2\/product\/9886","targetHints":{"allow":["GET"]}}],"collection":[{"href":"https:\/\/musclegainalbania.com\/index.php?rest_route=\/wp\/v2\/product"}],"about":[{"href":"https:\/\/musclegainalbania.com\/index.php?rest_route=\/wp\/v2\/types\/product"}],"replies":[{"embeddable":true,"href":"https:\/\/musclegainalbania.com\/index.php?rest_route=%2Fwp%2Fv2%2Fcomments&post=9886"}],"wp:featuredmedia":[{"embeddable":true,"href":"https:\/\/musclegainalbania.com\/index.php?rest_route=\/wp\/v2\/media\/9888"}],"wp:attachment":[{"href":"https:\/\/musclegainalbania.com\/index.php?rest_route=%2Fwp%2Fv2%2Fmedia&parent=9886"}],"wp:term":[{"taxonomy":"product_brand","embeddable":true,"href":"https:\/\/musclegainalbania.com\/index.php?rest_route=%2Fwp%2Fv2%2Fproduct_brand&post=9886"},{"taxonomy":"product_cat","embeddable":true,"href":"https:\/\/musclegainalbania.com\/index.php?rest_route=%2Fwp%2Fv2%2Fproduct_cat&post=9886"},{"taxonomy":"product_tag","embeddable":true,"href":"https:\/\/musclegainalbania.com\/index.php?rest_route=%2Fwp%2Fv2%2Fproduct_tag&post=9886"}],"curies":[{"name":"wp","href":"https:\/\/api.w.org\/{rel}","templated":true}]}}