{"id":9883,"date":"2026-04-30T18:49:03","date_gmt":"2026-04-30T18:49:03","guid":{"rendered":"https:\/\/papayawhip-oyster-671994.hostingersite.com\/?post_type=product&#038;p=9883"},"modified":"2026-04-30T18:49:04","modified_gmt":"2026-04-30T18:49:04","slug":"collagen-peptides","status":"publish","type":"product","link":"https:\/\/musclegainalbania.com\/?product=collagen-peptides","title":{"rendered":"Collagen Peptides"},"content":{"rendered":"<p data-start=\"43\" data-end=\"219\">Collagen Peptides nga Applied Nutrition \u00ebsht\u00eb nj\u00eb suplement proteinik i hidrolizuar i formuluar p\u00ebr t\u00eb mb\u00ebshtetur <strong data-start=\"157\" data-end=\"218\">sh\u00ebndetin e l\u00ebkur\u00ebs, nyjeve, kockave, flok\u00ebve dhe thonjve<\/strong>.<\/p>\n<p data-start=\"221\" data-end=\"408\">Ky produkt p\u00ebrmban <strong data-start=\"240\" data-end=\"277\">20g collagen peptides p\u00ebr porcion<\/strong>, t\u00eb nxjerr\u00eb nga kolagjeni i vi\u00e7it (Type 1 bovine), dhe \u00ebsht\u00eb i dizajnuar p\u00ebr p\u00ebrthithje t\u00eb leht\u00eb nga trupi p\u00ebr rezultate optimale.<\/p>\n<h3 data-section-id=\"1dip94x\" data-start=\"410\" data-end=\"436\">\u00a0P\u00ebrfitimet kryesore:<\/h3>\n<ul data-start=\"437\" data-end=\"707\">\n<li data-section-id=\"gdjdvm\" data-start=\"437\" data-end=\"490\">Mb\u00ebshtet <strong data-start=\"448\" data-end=\"490\">elasticitetin dhe hidratimin e l\u00ebkur\u00ebs<\/strong><\/li>\n<li data-section-id=\"c5jqn0\" data-start=\"491\" data-end=\"540\">Kontribuon n\u00eb <strong data-start=\"507\" data-end=\"540\">forcimin e nyjeve dhe kockave<\/strong><\/li>\n<li data-section-id=\"1wiqjhy\" data-start=\"541\" data-end=\"598\">Ndihmon n\u00eb <strong data-start=\"554\" data-end=\"598\">rritjen e flok\u00ebve dhe forcimin e thonjve<\/strong><\/li>\n<li data-section-id=\"t8mcry\" data-start=\"599\" data-end=\"658\">P\u00ebrmir\u00ebson <strong data-start=\"612\" data-end=\"658\">rikuperimin dhe sh\u00ebndetin e indeve lidh\u00ebse<\/strong><\/li>\n<li data-section-id=\"67hbul\" data-start=\"659\" data-end=\"707\">Burim i past\u00ebr proteinash pa sheqer dhe yndyr\u00eb<\/li>\n<\/ul>\n<h3 data-section-id=\"1qn5906\" data-start=\"1011\" data-end=\"1028\">\u00a0P\u00ebrdorimi:<\/h3>\n<p data-start=\"1029\" data-end=\"1146\">Merrni 1\u20132 porcione n\u00eb dit\u00eb (20g), t\u00eb p\u00ebrziera me uj\u00eb ose pije t\u00eb preferuar, idealisht n\u00eb m\u00ebngjes ose pas st\u00ebrvitjes.<\/p>\n","protected":false},"excerpt":{"rendered":"<p>Collagen Peptides nga Applied Nutrition \u00ebsht\u00eb nj\u00eb suplement proteinik i hidrolizuar i formuluar p\u00ebr t\u00eb mb\u00ebshtetur sh\u00ebndetin e l\u00ebkur\u00ebs, nyjeve, kockave, flok\u00ebve dhe thonjve. Ky produkt p\u00ebrmban 20g collagen peptides p\u00ebr porcion, t\u00eb nxjerr\u00eb nga kolagjeni i vi\u00e7it (Type 1 bovine), dhe \u00ebsht\u00eb i dizajnuar p\u00ebr p\u00ebrthithje t\u00eb leht\u00eb nga trupi p\u00ebr rezultate optimale. \u00a0P\u00ebrfitimet [&hellip;]<\/p>\n","protected":false},"featured_media":9885,"comment_status":"open","ping_status":"closed","template":"","meta":{"site-sidebar-layout":"default","site-content-layout":"","ast-site-content-layout":"default","site-content-style":"default","site-sidebar-style":"default","ast-global-header-display":"","ast-banner-title-visibility":"","ast-main-header-display":"","ast-hfb-above-header-display":"","ast-hfb-below-header-display":"","ast-hfb-mobile-header-display":"","site-post-title":"","ast-breadcrumbs-content":"","ast-featured-img":"","footer-sml-layout":"","ast-disable-related-posts":"","theme-transparent-header-meta":"default","adv-header-id-meta":"","stick-header-meta":"","header-above-stick-meta":"","header-main-stick-meta":"","header-below-stick-meta":"","astra-migrate-meta-layouts":"set","ast-page-background-enabled":"default","ast-page-background-meta":{"desktop":{"background-color":"","background-image":"","background-repeat":"repeat","background-position":"center center","background-size":"auto","background-attachment":"scroll","background-type":"","background-media":"","overlay-type":"","overlay-color":"","overlay-opacity":"","overlay-gradient":""},"tablet":{"background-color":"","background-image":"","background-repeat":"repeat","background-position":"center center","background-size":"auto","background-attachment":"scroll","background-type":"","background-media":"","overlay-type":"","overlay-color":"","overlay-opacity":"","overlay-gradient":""},"mobile":{"background-color":"","background-image":"","background-repeat":"repeat","background-position":"center center","background-size":"auto","background-attachment":"scroll","background-type":"","background-media":"","overlay-type":"","overlay-color":"","overlay-opacity":"","overlay-gradient":""}},"ast-content-background-meta":{"desktop":{"background-color":"var(--ast-global-color-5)","background-image":"","background-repeat":"repeat","background-position":"center center","background-size":"auto","background-attachment":"scroll","background-type":"","background-media":"","overlay-type":"","overlay-color":"","overlay-opacity":"","overlay-gradient":""},"tablet":{"background-color":"var(--ast-global-color-5)","background-image":"","background-repeat":"repeat","background-position":"center center","background-size":"auto","background-attachment":"scroll","background-type":"","background-media":"","overlay-type":"","overlay-color":"","overlay-opacity":"","overlay-gradient":""},"mobile":{"background-color":"var(--ast-global-color-5)","background-image":"","background-repeat":"repeat","background-position":"center center","background-size":"auto","background-attachment":"scroll","background-type":"","background-media":"","overlay-type":"","overlay-color":"","overlay-opacity":"","overlay-gradient":""}}},"product_brand":[],"product_cat":[34],"product_tag":[],"class_list":{"0":"post-9883","1":"product","2":"type-product","3":"status-publish","4":"has-post-thumbnail","6":"product_cat-metabolizem","7":"desktop-align-center","8":"tablet-align-center","9":"mobile-align-center","11":"first","12":"instock","13":"shipping-taxable","14":"purchasable","15":"product-type-simple"},"_links":{"self":[{"href":"https:\/\/musclegainalbania.com\/index.php?rest_route=\/wp\/v2\/product\/9883","targetHints":{"allow":["GET"]}}],"collection":[{"href":"https:\/\/musclegainalbania.com\/index.php?rest_route=\/wp\/v2\/product"}],"about":[{"href":"https:\/\/musclegainalbania.com\/index.php?rest_route=\/wp\/v2\/types\/product"}],"replies":[{"embeddable":true,"href":"https:\/\/musclegainalbania.com\/index.php?rest_route=%2Fwp%2Fv2%2Fcomments&post=9883"}],"wp:featuredmedia":[{"embeddable":true,"href":"https:\/\/musclegainalbania.com\/index.php?rest_route=\/wp\/v2\/media\/9885"}],"wp:attachment":[{"href":"https:\/\/musclegainalbania.com\/index.php?rest_route=%2Fwp%2Fv2%2Fmedia&parent=9883"}],"wp:term":[{"taxonomy":"product_brand","embeddable":true,"href":"https:\/\/musclegainalbania.com\/index.php?rest_route=%2Fwp%2Fv2%2Fproduct_brand&post=9883"},{"taxonomy":"product_cat","embeddable":true,"href":"https:\/\/musclegainalbania.com\/index.php?rest_route=%2Fwp%2Fv2%2Fproduct_cat&post=9883"},{"taxonomy":"product_tag","embeddable":true,"href":"https:\/\/musclegainalbania.com\/index.php?rest_route=%2Fwp%2Fv2%2Fproduct_tag&post=9883"}],"curies":[{"name":"wp","href":"https:\/\/api.w.org\/{rel}","templated":true}]}}