{"id":9877,"date":"2026-04-30T18:31:23","date_gmt":"2026-04-30T18:31:23","guid":{"rendered":"https:\/\/papayawhip-oyster-671994.hostingersite.com\/?post_type=product&#038;p=9877"},"modified":"2026-04-30T18:31:23","modified_gmt":"2026-04-30T18:31:23","slug":"i-drive-capsules","status":"publish","type":"product","link":"https:\/\/musclegainalbania.com\/?product=i-drive-capsules","title":{"rendered":"i-Drive Capsules"},"content":{"rendered":"<p data-start=\"33\" data-end=\"259\">i-Drive nga Applied Nutrition \u00ebsht\u00eb nj\u00eb suplement i avancuar i njohur si <strong data-start=\"106\" data-end=\"138\">Glucose Disposal Agent (GDA)<\/strong>, i formuluar p\u00ebr t\u00eb mb\u00ebshtetur m\u00ebnyr\u00ebn se si trupi p\u00ebrdor karbohidratet dhe l\u00ebnd\u00ebt ushqyese pas ushqimit ose st\u00ebrvitjes.<\/p>\n<p data-start=\"261\" data-end=\"434\">Ai ndihmon n\u00eb <strong data-start=\"275\" data-end=\"321\">p\u00ebrmir\u00ebsimin e ndjeshm\u00ebris\u00eb ndaj insulin\u00ebs<\/strong>, duke drejtuar glukoz\u00ebn dhe nutrient\u00ebt si aminoacidet dhe kreatina drejt muskujve n\u00eb vend q\u00eb t\u00eb ruhen si yndyr\u00eb.<\/p>\n<h3 data-section-id=\"1dip94x\" data-start=\"436\" data-end=\"462\">\u00a0P\u00ebrfitimet kryesore:<\/h3>\n<ul data-start=\"463\" data-end=\"787\">\n<li data-section-id=\"15q2n1k\" data-start=\"463\" data-end=\"527\">Mb\u00ebshtet <strong data-start=\"474\" data-end=\"527\">p\u00ebrdorimin m\u00eb efikas t\u00eb karbohidrateve si energji<\/strong><\/li>\n<li data-section-id=\"1kkp0pd\" data-start=\"528\" data-end=\"585\">Ndihmon n\u00eb <strong data-start=\"541\" data-end=\"585\">transportin e l\u00ebnd\u00ebve ushqyese n\u00eb muskuj<\/strong><\/li>\n<li data-section-id=\"14mzvgs\" data-start=\"586\" data-end=\"638\">P\u00ebrmir\u00ebson <strong data-start=\"599\" data-end=\"638\">rikuperimin dhe performanc\u00ebn fizike<\/strong><\/li>\n<li data-section-id=\"1dd43c7\" data-start=\"639\" data-end=\"692\">Mb\u00ebshtet <strong data-start=\"650\" data-end=\"692\">kontrollin e glukoz\u00ebs dhe metabolizmin<\/strong><\/li>\n<li data-section-id=\"1hxzqb8\" data-start=\"693\" data-end=\"787\">Mund t\u00eb ndihmoj\u00eb n\u00eb <strong data-start=\"715\" data-end=\"787\">p\u00ebrmir\u00ebsimin e p\u00ebrb\u00ebrjes trupore (muskuj m\u00eb t\u00eb plot\u00eb, m\u00eb pak yndyr\u00eb)<\/strong><\/li>\n<\/ul>\n<h3 data-section-id=\"1qn5906\" data-start=\"1019\" data-end=\"1036\">P\u00ebrdorimi:<\/h3>\n<p data-start=\"1037\" data-end=\"1135\">Merrni 1 porcion rreth <strong data-start=\"1060\" data-end=\"1113\">20 minuta para nj\u00eb vakti t\u00eb pasur me karbohidrate<\/strong> ose rreth st\u00ebrvitjes.<\/p>\n","protected":false},"excerpt":{"rendered":"<p>i-Drive nga Applied Nutrition \u00ebsht\u00eb nj\u00eb suplement i avancuar i njohur si Glucose Disposal Agent (GDA), i formuluar p\u00ebr t\u00eb mb\u00ebshtetur m\u00ebnyr\u00ebn se si trupi p\u00ebrdor karbohidratet dhe l\u00ebnd\u00ebt ushqyese pas ushqimit ose st\u00ebrvitjes. Ai ndihmon n\u00eb p\u00ebrmir\u00ebsimin e ndjeshm\u00ebris\u00eb ndaj insulin\u00ebs, duke drejtuar glukoz\u00ebn dhe nutrient\u00ebt si aminoacidet dhe kreatina drejt muskujve n\u00eb vend [&hellip;]<\/p>\n","protected":false},"featured_media":9878,"comment_status":"open","ping_status":"closed","template":"","meta":{"site-sidebar-layout":"default","site-content-layout":"","ast-site-content-layout":"default","site-content-style":"default","site-sidebar-style":"default","ast-global-header-display":"","ast-banner-title-visibility":"","ast-main-header-display":"","ast-hfb-above-header-display":"","ast-hfb-below-header-display":"","ast-hfb-mobile-header-display":"","site-post-title":"","ast-breadcrumbs-content":"","ast-featured-img":"","footer-sml-layout":"","ast-disable-related-posts":"","theme-transparent-header-meta":"default","adv-header-id-meta":"","stick-header-meta":"","header-above-stick-meta":"","header-main-stick-meta":"","header-below-stick-meta":"","astra-migrate-meta-layouts":"set","ast-page-background-enabled":"default","ast-page-background-meta":{"desktop":{"background-color":"","background-image":"","background-repeat":"repeat","background-position":"center center","background-size":"auto","background-attachment":"scroll","background-type":"","background-media":"","overlay-type":"","overlay-color":"","overlay-opacity":"","overlay-gradient":""},"tablet":{"background-color":"","background-image":"","background-repeat":"repeat","background-position":"center center","background-size":"auto","background-attachment":"scroll","background-type":"","background-media":"","overlay-type":"","overlay-color":"","overlay-opacity":"","overlay-gradient":""},"mobile":{"background-color":"","background-image":"","background-repeat":"repeat","background-position":"center center","background-size":"auto","background-attachment":"scroll","background-type":"","background-media":"","overlay-type":"","overlay-color":"","overlay-opacity":"","overlay-gradient":""}},"ast-content-background-meta":{"desktop":{"background-color":"var(--ast-global-color-5)","background-image":"","background-repeat":"repeat","background-position":"center center","background-size":"auto","background-attachment":"scroll","background-type":"","background-media":"","overlay-type":"","overlay-color":"","overlay-opacity":"","overlay-gradient":""},"tablet":{"background-color":"var(--ast-global-color-5)","background-image":"","background-repeat":"repeat","background-position":"center center","background-size":"auto","background-attachment":"scroll","background-type":"","background-media":"","overlay-type":"","overlay-color":"","overlay-opacity":"","overlay-gradient":""},"mobile":{"background-color":"var(--ast-global-color-5)","background-image":"","background-repeat":"repeat","background-position":"center center","background-size":"auto","background-attachment":"scroll","background-type":"","background-media":"","overlay-type":"","overlay-color":"","overlay-opacity":"","overlay-gradient":""}}},"product_brand":[],"product_cat":[34],"product_tag":[],"class_list":{"0":"post-9877","1":"product","2":"type-product","3":"status-publish","4":"has-post-thumbnail","6":"product_cat-metabolizem","7":"desktop-align-center","8":"tablet-align-center","9":"mobile-align-center","11":"first","12":"instock","13":"shipping-taxable","14":"purchasable","15":"product-type-simple"},"_links":{"self":[{"href":"https:\/\/musclegainalbania.com\/index.php?rest_route=\/wp\/v2\/product\/9877","targetHints":{"allow":["GET"]}}],"collection":[{"href":"https:\/\/musclegainalbania.com\/index.php?rest_route=\/wp\/v2\/product"}],"about":[{"href":"https:\/\/musclegainalbania.com\/index.php?rest_route=\/wp\/v2\/types\/product"}],"replies":[{"embeddable":true,"href":"https:\/\/musclegainalbania.com\/index.php?rest_route=%2Fwp%2Fv2%2Fcomments&post=9877"}],"wp:featuredmedia":[{"embeddable":true,"href":"https:\/\/musclegainalbania.com\/index.php?rest_route=\/wp\/v2\/media\/9878"}],"wp:attachment":[{"href":"https:\/\/musclegainalbania.com\/index.php?rest_route=%2Fwp%2Fv2%2Fmedia&parent=9877"}],"wp:term":[{"taxonomy":"product_brand","embeddable":true,"href":"https:\/\/musclegainalbania.com\/index.php?rest_route=%2Fwp%2Fv2%2Fproduct_brand&post=9877"},{"taxonomy":"product_cat","embeddable":true,"href":"https:\/\/musclegainalbania.com\/index.php?rest_route=%2Fwp%2Fv2%2Fproduct_cat&post=9877"},{"taxonomy":"product_tag","embeddable":true,"href":"https:\/\/musclegainalbania.com\/index.php?rest_route=%2Fwp%2Fv2%2Fproduct_tag&post=9877"}],"curies":[{"name":"wp","href":"https:\/\/api.w.org\/{rel}","templated":true}]}}