{"id":9874,"date":"2026-04-30T18:27:49","date_gmt":"2026-04-30T18:27:49","guid":{"rendered":"https:\/\/papayawhip-oyster-671994.hostingersite.com\/?post_type=product&#038;p=9874"},"modified":"2026-04-30T18:27:49","modified_gmt":"2026-04-30T18:27:49","slug":"nad-resveratrol","status":"publish","type":"product","link":"https:\/\/musclegainalbania.com\/?product=nad-resveratrol","title":{"rendered":"NAD+ Resveratrol"},"content":{"rendered":"<p data-start=\"42\" data-end=\"378\">NAD+ Resveratrol nga Applied Nutrition \u00ebsht\u00eb nj\u00eb suplement i avancuar p\u00ebr <strong data-start=\"116\" data-end=\"197\">mb\u00ebshtetje t\u00eb energjis\u00eb qelizore, anti-plakjes dhe mir\u00ebqenies s\u00eb p\u00ebrgjithshme<\/strong>. Ai kombinon p\u00ebrb\u00ebr\u00ebs shum\u00eb t\u00eb fuqish\u00ebm si <strong data-start=\"241\" data-end=\"283\">NAD+, Trans-Resveratrol dhe Vitamin\u00eb C<\/strong>, t\u00eb cil\u00ebt punojn\u00eb s\u00eb bashku p\u00ebr t\u00eb mb\u00ebshtetur funksionimin optimal t\u00eb trupit n\u00eb nivel qelizor.<\/p>\n<p data-start=\"380\" data-end=\"534\">Ky formulim \u00ebsht\u00eb i dizajnuar p\u00ebr t\u00eb ndihmuar n\u00eb <strong data-start=\"429\" data-end=\"533\">rritjen e energjis\u00eb, mbrojtjen e qelizave nga stresi oksidativ dhe mb\u00ebshtetjen e sh\u00ebndetit afatgjat\u00eb<\/strong>.<\/p>\n<h3 data-section-id=\"1dip94x\" data-start=\"536\" data-end=\"562\">P\u00ebrfitimet kryesore:<\/h3>\n<ul data-start=\"563\" data-end=\"855\">\n<li data-section-id=\"25kxoe\" data-start=\"563\" data-end=\"616\">Mb\u00ebshtet <strong data-start=\"574\" data-end=\"616\">prodhimin e energjis\u00eb n\u00eb nivel qelizor<\/strong><\/li>\n<li data-section-id=\"x8tf7l\" data-start=\"617\" data-end=\"675\">Kontribuon n\u00eb <strong data-start=\"633\" data-end=\"675\">funksionin normal t\u00eb sistemit imunitar<\/strong><\/li>\n<li data-section-id=\"8i0krt\" data-start=\"676\" data-end=\"734\">Ndihmon n\u00eb <strong data-start=\"689\" data-end=\"734\">mbrojtjen e qelizave nga stresi oksidativ<\/strong><\/li>\n<li data-section-id=\"143kmk1\" data-start=\"735\" data-end=\"807\">Mb\u00ebshtet <strong data-start=\"746\" data-end=\"807\">sh\u00ebndetin e l\u00ebkur\u00ebs dhe procesin e plakjes s\u00eb sh\u00ebndetshme<\/strong><\/li>\n<li data-section-id=\"16pe8za\" data-start=\"808\" data-end=\"855\">P\u00ebrmir\u00ebson <strong data-start=\"821\" data-end=\"855\">vitalitetin dhe fokusin mendor<\/strong><\/li>\n<\/ul>\n<h3 data-section-id=\"1qn5906\" data-start=\"1250\" data-end=\"1267\">\u00a0P\u00ebrdorimi:<\/h3>\n<p data-start=\"1268\" data-end=\"1315\">Merrni 2 kapsula n\u00eb dit\u00eb, preferohet me ushqim.<\/p>\n","protected":false},"excerpt":{"rendered":"<p>NAD+ Resveratrol nga Applied Nutrition \u00ebsht\u00eb nj\u00eb suplement i avancuar p\u00ebr mb\u00ebshtetje t\u00eb energjis\u00eb qelizore, anti-plakjes dhe mir\u00ebqenies s\u00eb p\u00ebrgjithshme. Ai kombinon p\u00ebrb\u00ebr\u00ebs shum\u00eb t\u00eb fuqish\u00ebm si NAD+, Trans-Resveratrol dhe Vitamin\u00eb C, t\u00eb cil\u00ebt punojn\u00eb s\u00eb bashku p\u00ebr t\u00eb mb\u00ebshtetur funksionimin optimal t\u00eb trupit n\u00eb nivel qelizor. Ky formulim \u00ebsht\u00eb i dizajnuar p\u00ebr t\u00eb ndihmuar [&hellip;]<\/p>\n","protected":false},"featured_media":9876,"comment_status":"open","ping_status":"closed","template":"","meta":{"site-sidebar-layout":"default","site-content-layout":"","ast-site-content-layout":"default","site-content-style":"default","site-sidebar-style":"default","ast-global-header-display":"","ast-banner-title-visibility":"","ast-main-header-display":"","ast-hfb-above-header-display":"","ast-hfb-below-header-display":"","ast-hfb-mobile-header-display":"","site-post-title":"","ast-breadcrumbs-content":"","ast-featured-img":"","footer-sml-layout":"","ast-disable-related-posts":"","theme-transparent-header-meta":"default","adv-header-id-meta":"","stick-header-meta":"","header-above-stick-meta":"","header-main-stick-meta":"","header-below-stick-meta":"","astra-migrate-meta-layouts":"set","ast-page-background-enabled":"default","ast-page-background-meta":{"desktop":{"background-color":"","background-image":"","background-repeat":"repeat","background-position":"center center","background-size":"auto","background-attachment":"scroll","background-type":"","background-media":"","overlay-type":"","overlay-color":"","overlay-opacity":"","overlay-gradient":""},"tablet":{"background-color":"","background-image":"","background-repeat":"repeat","background-position":"center center","background-size":"auto","background-attachment":"scroll","background-type":"","background-media":"","overlay-type":"","overlay-color":"","overlay-opacity":"","overlay-gradient":""},"mobile":{"background-color":"","background-image":"","background-repeat":"repeat","background-position":"center center","background-size":"auto","background-attachment":"scroll","background-type":"","background-media":"","overlay-type":"","overlay-color":"","overlay-opacity":"","overlay-gradient":""}},"ast-content-background-meta":{"desktop":{"background-color":"var(--ast-global-color-5)","background-image":"","background-repeat":"repeat","background-position":"center center","background-size":"auto","background-attachment":"scroll","background-type":"","background-media":"","overlay-type":"","overlay-color":"","overlay-opacity":"","overlay-gradient":""},"tablet":{"background-color":"var(--ast-global-color-5)","background-image":"","background-repeat":"repeat","background-position":"center center","background-size":"auto","background-attachment":"scroll","background-type":"","background-media":"","overlay-type":"","overlay-color":"","overlay-opacity":"","overlay-gradient":""},"mobile":{"background-color":"var(--ast-global-color-5)","background-image":"","background-repeat":"repeat","background-position":"center center","background-size":"auto","background-attachment":"scroll","background-type":"","background-media":"","overlay-type":"","overlay-color":"","overlay-opacity":"","overlay-gradient":""}}},"product_brand":[],"product_cat":[34],"product_tag":[],"class_list":{"0":"post-9874","1":"product","2":"type-product","3":"status-publish","4":"has-post-thumbnail","6":"product_cat-metabolizem","7":"desktop-align-center","8":"tablet-align-center","9":"mobile-align-center","11":"first","12":"instock","13":"shipping-taxable","14":"purchasable","15":"product-type-simple"},"_links":{"self":[{"href":"https:\/\/musclegainalbania.com\/index.php?rest_route=\/wp\/v2\/product\/9874","targetHints":{"allow":["GET"]}}],"collection":[{"href":"https:\/\/musclegainalbania.com\/index.php?rest_route=\/wp\/v2\/product"}],"about":[{"href":"https:\/\/musclegainalbania.com\/index.php?rest_route=\/wp\/v2\/types\/product"}],"replies":[{"embeddable":true,"href":"https:\/\/musclegainalbania.com\/index.php?rest_route=%2Fwp%2Fv2%2Fcomments&post=9874"}],"wp:featuredmedia":[{"embeddable":true,"href":"https:\/\/musclegainalbania.com\/index.php?rest_route=\/wp\/v2\/media\/9876"}],"wp:attachment":[{"href":"https:\/\/musclegainalbania.com\/index.php?rest_route=%2Fwp%2Fv2%2Fmedia&parent=9874"}],"wp:term":[{"taxonomy":"product_brand","embeddable":true,"href":"https:\/\/musclegainalbania.com\/index.php?rest_route=%2Fwp%2Fv2%2Fproduct_brand&post=9874"},{"taxonomy":"product_cat","embeddable":true,"href":"https:\/\/musclegainalbania.com\/index.php?rest_route=%2Fwp%2Fv2%2Fproduct_cat&post=9874"},{"taxonomy":"product_tag","embeddable":true,"href":"https:\/\/musclegainalbania.com\/index.php?rest_route=%2Fwp%2Fv2%2Fproduct_tag&post=9874"}],"curies":[{"name":"wp","href":"https:\/\/api.w.org\/{rel}","templated":true}]}}