{"id":9871,"date":"2026-04-30T18:25:24","date_gmt":"2026-04-30T18:25:24","guid":{"rendered":"https:\/\/papayawhip-oyster-671994.hostingersite.com\/?post_type=product&#038;p=9871"},"modified":"2026-04-30T18:25:24","modified_gmt":"2026-04-30T18:25:24","slug":"yava-labs-t-booster","status":"publish","type":"product","link":"https:\/\/musclegainalbania.com\/?product=yava-labs-t-booster","title":{"rendered":"Yava Labs T-Booster"},"content":{"rendered":"<p data-start=\"108\" data-end=\"509\">T-Booster nga Yava Labs \u00ebsht\u00eb nj\u00eb suplement ushqimor i avancuar i krijuar p\u00ebr t\u00eb mb\u00ebshtetur prodhimin natyral t\u00eb testosteronit, duke ndihmuar n\u00eb p\u00ebrmir\u00ebsimin e energjis\u00eb, forc\u00ebs dhe performanc\u00ebs fizike. Formula e tij e balancuar kombinon ekstrakte bimore dhe mikronutrient\u00eb esencial\u00eb p\u00ebr t\u00eb mb\u00ebshtetur sistemin hormonal mashkullor dhe mir\u00ebqenien e p\u00ebrgjithshme.<\/p>\n<p data-start=\"511\" data-end=\"703\">Ky produkt \u00ebsht\u00eb ideal p\u00ebr meshkuj aktiv\u00eb dhe sportist\u00eb q\u00eb k\u00ebrkojn\u00eb t\u00eb rrisin performanc\u00ebn, t\u00eb p\u00ebrmir\u00ebsojn\u00eb rikuperimin dhe t\u00eb mb\u00ebshtesin nj\u00eb nivel optimal t\u00eb testosteronit n\u00eb m\u00ebnyr\u00eb natyrale.<\/p>\n<p data-start=\"705\" data-end=\"729\"><strong data-start=\"705\" data-end=\"729\">P\u00ebrfitimet kryesore:<\/strong><\/p>\n<ul data-start=\"730\" data-end=\"962\">\n<li data-section-id=\"y9wfdz\" data-start=\"730\" data-end=\"777\">Mb\u00ebshtet prodhimin natyral t\u00eb testosteronit<\/li>\n<li data-section-id=\"1bn4f41\" data-start=\"778\" data-end=\"824\">Rrit energjin\u00eb, forc\u00ebn dhe q\u00ebndrueshm\u00ebrin\u00eb<\/li>\n<li data-section-id=\"5cjgue\" data-start=\"825\" data-end=\"871\">P\u00ebrmir\u00ebson libidon dhe performanc\u00ebn fizike<\/li>\n<li data-section-id=\"kc5jgt\" data-start=\"872\" data-end=\"914\">Ndihmon n\u00eb nd\u00ebrtimin e mas\u00ebs muskulore<\/li>\n<li data-section-id=\"9wkp3k\" data-start=\"915\" data-end=\"962\">Redukton lodhjen dhe p\u00ebrmir\u00ebson rikuperimin<\/li>\n<\/ul>\n<p data-start=\"1416\" data-end=\"1493\"><strong data-start=\"1416\" data-end=\"1444\">P\u00ebrdorimi i rekomanduar:<\/strong><br \/>\nMerrni 1\u20132 kapsula n\u00eb dit\u00eb, s\u00eb bashku me ushqim.<\/p>\n","protected":false},"excerpt":{"rendered":"<p>T-Booster nga Yava Labs \u00ebsht\u00eb nj\u00eb suplement ushqimor i avancuar i krijuar p\u00ebr t\u00eb mb\u00ebshtetur prodhimin natyral t\u00eb testosteronit, duke ndihmuar n\u00eb p\u00ebrmir\u00ebsimin e energjis\u00eb, forc\u00ebs dhe performanc\u00ebs fizike. Formula e tij e balancuar kombinon ekstrakte bimore dhe mikronutrient\u00eb esencial\u00eb p\u00ebr t\u00eb mb\u00ebshtetur sistemin hormonal mashkullor dhe mir\u00ebqenien e p\u00ebrgjithshme. Ky produkt \u00ebsht\u00eb ideal p\u00ebr [&hellip;]<\/p>\n","protected":false},"featured_media":9873,"comment_status":"open","ping_status":"closed","template":"","meta":{"site-sidebar-layout":"default","site-content-layout":"","ast-site-content-layout":"default","site-content-style":"default","site-sidebar-style":"default","ast-global-header-display":"","ast-banner-title-visibility":"","ast-main-header-display":"","ast-hfb-above-header-display":"","ast-hfb-below-header-display":"","ast-hfb-mobile-header-display":"","site-post-title":"","ast-breadcrumbs-content":"","ast-featured-img":"","footer-sml-layout":"","ast-disable-related-posts":"","theme-transparent-header-meta":"default","adv-header-id-meta":"","stick-header-meta":"","header-above-stick-meta":"","header-main-stick-meta":"","header-below-stick-meta":"","astra-migrate-meta-layouts":"set","ast-page-background-enabled":"default","ast-page-background-meta":{"desktop":{"background-color":"","background-image":"","background-repeat":"repeat","background-position":"center center","background-size":"auto","background-attachment":"scroll","background-type":"","background-media":"","overlay-type":"","overlay-color":"","overlay-opacity":"","overlay-gradient":""},"tablet":{"background-color":"","background-image":"","background-repeat":"repeat","background-position":"center center","background-size":"auto","background-attachment":"scroll","background-type":"","background-media":"","overlay-type":"","overlay-color":"","overlay-opacity":"","overlay-gradient":""},"mobile":{"background-color":"","background-image":"","background-repeat":"repeat","background-position":"center center","background-size":"auto","background-attachment":"scroll","background-type":"","background-media":"","overlay-type":"","overlay-color":"","overlay-opacity":"","overlay-gradient":""}},"ast-content-background-meta":{"desktop":{"background-color":"var(--ast-global-color-5)","background-image":"","background-repeat":"repeat","background-position":"center center","background-size":"auto","background-attachment":"scroll","background-type":"","background-media":"","overlay-type":"","overlay-color":"","overlay-opacity":"","overlay-gradient":""},"tablet":{"background-color":"var(--ast-global-color-5)","background-image":"","background-repeat":"repeat","background-position":"center center","background-size":"auto","background-attachment":"scroll","background-type":"","background-media":"","overlay-type":"","overlay-color":"","overlay-opacity":"","overlay-gradient":""},"mobile":{"background-color":"var(--ast-global-color-5)","background-image":"","background-repeat":"repeat","background-position":"center center","background-size":"auto","background-attachment":"scroll","background-type":"","background-media":"","overlay-type":"","overlay-color":"","overlay-opacity":"","overlay-gradient":""}}},"product_brand":[],"product_cat":[34],"product_tag":[],"class_list":{"0":"post-9871","1":"product","2":"type-product","3":"status-publish","4":"has-post-thumbnail","6":"product_cat-metabolizem","7":"desktop-align-center","8":"tablet-align-center","9":"mobile-align-center","11":"first","12":"instock","13":"shipping-taxable","14":"purchasable","15":"product-type-simple"},"_links":{"self":[{"href":"https:\/\/musclegainalbania.com\/index.php?rest_route=\/wp\/v2\/product\/9871","targetHints":{"allow":["GET"]}}],"collection":[{"href":"https:\/\/musclegainalbania.com\/index.php?rest_route=\/wp\/v2\/product"}],"about":[{"href":"https:\/\/musclegainalbania.com\/index.php?rest_route=\/wp\/v2\/types\/product"}],"replies":[{"embeddable":true,"href":"https:\/\/musclegainalbania.com\/index.php?rest_route=%2Fwp%2Fv2%2Fcomments&post=9871"}],"wp:featuredmedia":[{"embeddable":true,"href":"https:\/\/musclegainalbania.com\/index.php?rest_route=\/wp\/v2\/media\/9873"}],"wp:attachment":[{"href":"https:\/\/musclegainalbania.com\/index.php?rest_route=%2Fwp%2Fv2%2Fmedia&parent=9871"}],"wp:term":[{"taxonomy":"product_brand","embeddable":true,"href":"https:\/\/musclegainalbania.com\/index.php?rest_route=%2Fwp%2Fv2%2Fproduct_brand&post=9871"},{"taxonomy":"product_cat","embeddable":true,"href":"https:\/\/musclegainalbania.com\/index.php?rest_route=%2Fwp%2Fv2%2Fproduct_cat&post=9871"},{"taxonomy":"product_tag","embeddable":true,"href":"https:\/\/musclegainalbania.com\/index.php?rest_route=%2Fwp%2Fv2%2Fproduct_tag&post=9871"}],"curies":[{"name":"wp","href":"https:\/\/api.w.org\/{rel}","templated":true}]}}