{"id":9868,"date":"2026-04-30T18:23:06","date_gmt":"2026-04-30T18:23:06","guid":{"rendered":"https:\/\/papayawhip-oyster-671994.hostingersite.com\/?post_type=product&#038;p=9868"},"modified":"2026-04-30T18:23:07","modified_gmt":"2026-04-30T18:23:07","slug":"test-x-capsules","status":"publish","type":"product","link":"https:\/\/musclegainalbania.com\/?product=test-x-capsules","title":{"rendered":"Test X Capsules"},"content":{"rendered":"<p data-start=\"32\" data-end=\"344\">Test X nga Applied Nutrition \u00ebsht\u00eb nj\u00eb suplement i avancuar p\u00ebr <strong data-start=\"96\" data-end=\"167\">mb\u00ebshtetje t\u00eb testosteronit natyral, forc\u00ebs dhe performanc\u00ebs fizike<\/strong>. \u00cbsht\u00eb i formuluar me nj\u00eb p\u00ebrzierje t\u00eb fuqishme p\u00ebrb\u00ebr\u00ebsish bimor\u00eb dhe nutrient\u00ebsh q\u00eb ndihmojn\u00eb trupin t\u00eb funksionoj\u00eb n\u00eb nivel optimal gjat\u00eb st\u00ebrvitjes dhe jet\u00ebs s\u00eb p\u00ebrditshme.<\/p>\n<h3 data-section-id=\"1dip94x\" data-start=\"346\" data-end=\"372\">P\u00ebrfitimet kryesore:<\/h3>\n<ul data-start=\"373\" data-end=\"609\">\n<li data-section-id=\"1q81wmf\" data-start=\"373\" data-end=\"422\">Mb\u00ebshtet <strong data-start=\"384\" data-end=\"422\">prodhimin natyral t\u00eb testosteronit<\/strong><\/li>\n<li data-section-id=\"lbxbvg\" data-start=\"423\" data-end=\"476\">Ndihmon n\u00eb <strong data-start=\"436\" data-end=\"476\">rritjen e forc\u00ebs dhe mas\u00ebs muskulore<\/strong><\/li>\n<li data-section-id=\"1fqj0j4\" data-start=\"477\" data-end=\"527\">P\u00ebrmir\u00ebson <strong data-start=\"490\" data-end=\"527\">energjin\u00eb dhe performanc\u00ebn fizike<\/strong><\/li>\n<li data-section-id=\"1b5ycei\" data-start=\"528\" data-end=\"567\">Kontribuon n\u00eb <strong data-start=\"544\" data-end=\"567\">balancimin hormonal<\/strong><\/li>\n<li data-section-id=\"o1n53s\" data-start=\"568\" data-end=\"609\">Mb\u00ebshtet <strong data-start=\"579\" data-end=\"609\">rikuperimin pas st\u00ebrvitjes<\/strong><\/li>\n<\/ul>\n<h3 data-section-id=\"1qn5906\" data-start=\"833\" data-end=\"850\">\u00a0P\u00ebrdorimi:<\/h3>\n<p data-start=\"851\" data-end=\"919\">Merrni 4 kapsula n\u00eb dit\u00eb me ushqim, ose sipas udh\u00ebzimeve n\u00eb paketim.<\/p>\n","protected":false},"excerpt":{"rendered":"<p>Test X nga Applied Nutrition \u00ebsht\u00eb nj\u00eb suplement i avancuar p\u00ebr mb\u00ebshtetje t\u00eb testosteronit natyral, forc\u00ebs dhe performanc\u00ebs fizike. \u00cbsht\u00eb i formuluar me nj\u00eb p\u00ebrzierje t\u00eb fuqishme p\u00ebrb\u00ebr\u00ebsish bimor\u00eb dhe nutrient\u00ebsh q\u00eb ndihmojn\u00eb trupin t\u00eb funksionoj\u00eb n\u00eb nivel optimal gjat\u00eb st\u00ebrvitjes dhe jet\u00ebs s\u00eb p\u00ebrditshme. P\u00ebrfitimet kryesore: Mb\u00ebshtet prodhimin natyral t\u00eb testosteronit Ndihmon n\u00eb rritjen [&hellip;]<\/p>\n","protected":false},"featured_media":9869,"comment_status":"open","ping_status":"closed","template":"","meta":{"site-sidebar-layout":"default","site-content-layout":"","ast-site-content-layout":"default","site-content-style":"default","site-sidebar-style":"default","ast-global-header-display":"","ast-banner-title-visibility":"","ast-main-header-display":"","ast-hfb-above-header-display":"","ast-hfb-below-header-display":"","ast-hfb-mobile-header-display":"","site-post-title":"","ast-breadcrumbs-content":"","ast-featured-img":"","footer-sml-layout":"","ast-disable-related-posts":"","theme-transparent-header-meta":"default","adv-header-id-meta":"","stick-header-meta":"","header-above-stick-meta":"","header-main-stick-meta":"","header-below-stick-meta":"","astra-migrate-meta-layouts":"set","ast-page-background-enabled":"default","ast-page-background-meta":{"desktop":{"background-color":"","background-image":"","background-repeat":"repeat","background-position":"center center","background-size":"auto","background-attachment":"scroll","background-type":"","background-media":"","overlay-type":"","overlay-color":"","overlay-opacity":"","overlay-gradient":""},"tablet":{"background-color":"","background-image":"","background-repeat":"repeat","background-position":"center center","background-size":"auto","background-attachment":"scroll","background-type":"","background-media":"","overlay-type":"","overlay-color":"","overlay-opacity":"","overlay-gradient":""},"mobile":{"background-color":"","background-image":"","background-repeat":"repeat","background-position":"center center","background-size":"auto","background-attachment":"scroll","background-type":"","background-media":"","overlay-type":"","overlay-color":"","overlay-opacity":"","overlay-gradient":""}},"ast-content-background-meta":{"desktop":{"background-color":"var(--ast-global-color-5)","background-image":"","background-repeat":"repeat","background-position":"center center","background-size":"auto","background-attachment":"scroll","background-type":"","background-media":"","overlay-type":"","overlay-color":"","overlay-opacity":"","overlay-gradient":""},"tablet":{"background-color":"var(--ast-global-color-5)","background-image":"","background-repeat":"repeat","background-position":"center center","background-size":"auto","background-attachment":"scroll","background-type":"","background-media":"","overlay-type":"","overlay-color":"","overlay-opacity":"","overlay-gradient":""},"mobile":{"background-color":"var(--ast-global-color-5)","background-image":"","background-repeat":"repeat","background-position":"center center","background-size":"auto","background-attachment":"scroll","background-type":"","background-media":"","overlay-type":"","overlay-color":"","overlay-opacity":"","overlay-gradient":""}}},"product_brand":[],"product_cat":[34],"product_tag":[],"class_list":{"0":"post-9868","1":"product","2":"type-product","3":"status-publish","4":"has-post-thumbnail","6":"product_cat-metabolizem","7":"desktop-align-center","8":"tablet-align-center","9":"mobile-align-center","11":"first","12":"instock","13":"shipping-taxable","14":"purchasable","15":"product-type-simple"},"_links":{"self":[{"href":"https:\/\/musclegainalbania.com\/index.php?rest_route=\/wp\/v2\/product\/9868","targetHints":{"allow":["GET"]}}],"collection":[{"href":"https:\/\/musclegainalbania.com\/index.php?rest_route=\/wp\/v2\/product"}],"about":[{"href":"https:\/\/musclegainalbania.com\/index.php?rest_route=\/wp\/v2\/types\/product"}],"replies":[{"embeddable":true,"href":"https:\/\/musclegainalbania.com\/index.php?rest_route=%2Fwp%2Fv2%2Fcomments&post=9868"}],"wp:featuredmedia":[{"embeddable":true,"href":"https:\/\/musclegainalbania.com\/index.php?rest_route=\/wp\/v2\/media\/9869"}],"wp:attachment":[{"href":"https:\/\/musclegainalbania.com\/index.php?rest_route=%2Fwp%2Fv2%2Fmedia&parent=9868"}],"wp:term":[{"taxonomy":"product_brand","embeddable":true,"href":"https:\/\/musclegainalbania.com\/index.php?rest_route=%2Fwp%2Fv2%2Fproduct_brand&post=9868"},{"taxonomy":"product_cat","embeddable":true,"href":"https:\/\/musclegainalbania.com\/index.php?rest_route=%2Fwp%2Fv2%2Fproduct_cat&post=9868"},{"taxonomy":"product_tag","embeddable":true,"href":"https:\/\/musclegainalbania.com\/index.php?rest_route=%2Fwp%2Fv2%2Fproduct_tag&post=9868"}],"curies":[{"name":"wp","href":"https:\/\/api.w.org\/{rel}","templated":true}]}}