{"id":9865,"date":"2026-04-30T18:21:17","date_gmt":"2026-04-30T18:21:17","guid":{"rendered":"https:\/\/papayawhip-oyster-671994.hostingersite.com\/?post_type=product&#038;p=9865"},"modified":"2026-05-02T13:36:28","modified_gmt":"2026-05-02T13:36:28","slug":"tongkat-ali-long-jack-testosterone-supplement-1200mg","status":"publish","type":"product","link":"https:\/\/musclegainalbania.com\/?product=tongkat-ali-long-jack-testosterone-supplement-1200mg","title":{"rendered":"Tongkat Ali Long Jack Testosterone Supplement 1200mg"},"content":{"rendered":"<p data-start=\"37\" data-end=\"281\">Tongkat Ali nga Applied Nutrition \u00ebsht\u00eb nj\u00eb suplement bimor i fuqish\u00ebm i bazuar n\u00eb ekstraktin <strong data-start=\"131\" data-end=\"165\">Eurycoma longifolia (Longjack)<\/strong>, i njohur tradicionalisht p\u00ebr mb\u00ebshtetjen e <strong data-start=\"210\" data-end=\"280\">vitalitetit mashkullor, performanc\u00ebs fizike dhe balanc\u00ebs hormonale<\/strong>.<\/p>\n<p data-start=\"283\" data-end=\"428\">Ky produkt p\u00ebrmban nj\u00eb <strong data-start=\"306\" data-end=\"345\">ekstrakt shum\u00eb t\u00eb koncentruar 100:1<\/strong>, q\u00eb do t\u00eb thot\u00eb nj\u00eb doz\u00eb e fort\u00eb dhe e standardizuar p\u00ebr rezultate t\u00eb q\u00ebndrueshme.<\/p>\n<h3 data-section-id=\"1dip94x\" data-start=\"430\" data-end=\"456\">\u00a0P\u00ebrfitimet kryesore:<\/h3>\n<ul data-start=\"457\" data-end=\"724\">\n<li data-section-id=\"14rrsje\" data-start=\"457\" data-end=\"504\">Mb\u00ebshtet <strong data-start=\"468\" data-end=\"504\">nivelin natyral t\u00eb testosteronit<\/strong><\/li>\n<li data-section-id=\"e01lna\" data-start=\"505\" data-end=\"566\">Rrit <strong data-start=\"512\" data-end=\"566\">energjin\u00eb, q\u00ebndrueshm\u00ebrin\u00eb dhe performanc\u00ebn fizike<\/strong><\/li>\n<li data-section-id=\"1heph8b\" data-start=\"567\" data-end=\"617\">Ndihmon n\u00eb <strong data-start=\"580\" data-end=\"617\">rritjen e libidos dhe vitalitetit<\/strong><\/li>\n<li data-section-id=\"14sq1rt\" data-start=\"618\" data-end=\"673\">Kontribuon n\u00eb <strong data-start=\"634\" data-end=\"673\">reduktimin e stresit dhe kortizolit<\/strong><\/li>\n<li data-section-id=\"1ex4uz2\" data-start=\"674\" data-end=\"724\">P\u00ebrmir\u00ebson <strong data-start=\"687\" data-end=\"724\">p\u00ebrb\u00ebrjen trupore dhe rikuperimin<\/strong><\/li>\n<\/ul>\n<h3 data-section-id=\"1qn5906\" data-start=\"957\" data-end=\"974\">\u00a0P\u00ebrdorimi:<\/h3>\n<p data-start=\"975\" data-end=\"1054\">Merrni 2 kapsula n\u00eb dit\u00eb, preferohet me ushqim ose sipas udh\u00ebzimeve n\u00eb paketim.<\/p>\n","protected":false},"excerpt":{"rendered":"<p>Tongkat Ali nga Applied Nutrition \u00ebsht\u00eb nj\u00eb suplement bimor i fuqish\u00ebm i bazuar n\u00eb ekstraktin Eurycoma longifolia (Longjack), i njohur tradicionalisht p\u00ebr mb\u00ebshtetjen e vitalitetit mashkullor, performanc\u00ebs fizike dhe balanc\u00ebs hormonale. Ky produkt p\u00ebrmban nj\u00eb ekstrakt shum\u00eb t\u00eb koncentruar 100:1, q\u00eb do t\u00eb thot\u00eb nj\u00eb doz\u00eb e fort\u00eb dhe e standardizuar p\u00ebr rezultate t\u00eb q\u00ebndrueshme. [&hellip;]<\/p>\n","protected":false},"featured_media":9866,"comment_status":"open","ping_status":"closed","template":"","meta":{"site-sidebar-layout":"default","site-content-layout":"","ast-site-content-layout":"default","site-content-style":"default","site-sidebar-style":"default","ast-global-header-display":"","ast-banner-title-visibility":"","ast-main-header-display":"","ast-hfb-above-header-display":"","ast-hfb-below-header-display":"","ast-hfb-mobile-header-display":"","site-post-title":"","ast-breadcrumbs-content":"","ast-featured-img":"","footer-sml-layout":"","ast-disable-related-posts":"","theme-transparent-header-meta":"default","adv-header-id-meta":"","stick-header-meta":"","header-above-stick-meta":"","header-main-stick-meta":"","header-below-stick-meta":"","astra-migrate-meta-layouts":"set","ast-page-background-enabled":"default","ast-page-background-meta":{"desktop":{"background-color":"","background-image":"","background-repeat":"repeat","background-position":"center center","background-size":"auto","background-attachment":"scroll","background-type":"","background-media":"","overlay-type":"","overlay-color":"","overlay-opacity":"","overlay-gradient":""},"tablet":{"background-color":"","background-image":"","background-repeat":"repeat","background-position":"center center","background-size":"auto","background-attachment":"scroll","background-type":"","background-media":"","overlay-type":"","overlay-color":"","overlay-opacity":"","overlay-gradient":""},"mobile":{"background-color":"","background-image":"","background-repeat":"repeat","background-position":"center center","background-size":"auto","background-attachment":"scroll","background-type":"","background-media":"","overlay-type":"","overlay-color":"","overlay-opacity":"","overlay-gradient":""}},"ast-content-background-meta":{"desktop":{"background-color":"var(--ast-global-color-5)","background-image":"","background-repeat":"repeat","background-position":"center center","background-size":"auto","background-attachment":"scroll","background-type":"","background-media":"","overlay-type":"","overlay-color":"","overlay-opacity":"","overlay-gradient":""},"tablet":{"background-color":"var(--ast-global-color-5)","background-image":"","background-repeat":"repeat","background-position":"center center","background-size":"auto","background-attachment":"scroll","background-type":"","background-media":"","overlay-type":"","overlay-color":"","overlay-opacity":"","overlay-gradient":""},"mobile":{"background-color":"var(--ast-global-color-5)","background-image":"","background-repeat":"repeat","background-position":"center center","background-size":"auto","background-attachment":"scroll","background-type":"","background-media":"","overlay-type":"","overlay-color":"","overlay-opacity":"","overlay-gradient":""}}},"product_brand":[],"product_cat":[34],"product_tag":[],"class_list":{"0":"post-9865","1":"product","2":"type-product","3":"status-publish","4":"has-post-thumbnail","6":"product_cat-metabolizem","7":"desktop-align-center","8":"tablet-align-center","9":"mobile-align-center","11":"first","12":"instock","13":"shipping-taxable","14":"purchasable","15":"product-type-simple"},"_links":{"self":[{"href":"https:\/\/musclegainalbania.com\/index.php?rest_route=\/wp\/v2\/product\/9865","targetHints":{"allow":["GET"]}}],"collection":[{"href":"https:\/\/musclegainalbania.com\/index.php?rest_route=\/wp\/v2\/product"}],"about":[{"href":"https:\/\/musclegainalbania.com\/index.php?rest_route=\/wp\/v2\/types\/product"}],"replies":[{"embeddable":true,"href":"https:\/\/musclegainalbania.com\/index.php?rest_route=%2Fwp%2Fv2%2Fcomments&post=9865"}],"wp:featuredmedia":[{"embeddable":true,"href":"https:\/\/musclegainalbania.com\/index.php?rest_route=\/wp\/v2\/media\/9866"}],"wp:attachment":[{"href":"https:\/\/musclegainalbania.com\/index.php?rest_route=%2Fwp%2Fv2%2Fmedia&parent=9865"}],"wp:term":[{"taxonomy":"product_brand","embeddable":true,"href":"https:\/\/musclegainalbania.com\/index.php?rest_route=%2Fwp%2Fv2%2Fproduct_brand&post=9865"},{"taxonomy":"product_cat","embeddable":true,"href":"https:\/\/musclegainalbania.com\/index.php?rest_route=%2Fwp%2Fv2%2Fproduct_cat&post=9865"},{"taxonomy":"product_tag","embeddable":true,"href":"https:\/\/musclegainalbania.com\/index.php?rest_route=%2Fwp%2Fv2%2Fproduct_tag&post=9865"}],"curies":[{"name":"wp","href":"https:\/\/api.w.org\/{rel}","templated":true}]}}