{"id":9862,"date":"2026-04-30T18:18:44","date_gmt":"2026-04-30T18:18:44","guid":{"rendered":"https:\/\/papayawhip-oyster-671994.hostingersite.com\/?post_type=product&#038;p=9862"},"modified":"2026-04-30T18:18:45","modified_gmt":"2026-04-30T18:18:45","slug":"digestive-enzyme","status":"publish","type":"product","link":"https:\/\/musclegainalbania.com\/?product=digestive-enzyme","title":{"rendered":"Digestive Enzyme"},"content":{"rendered":"<p data-start=\"42\" data-end=\"238\">Digestive Enzyme nga Applied Nutrition \u00ebsht\u00eb nj\u00eb suplement i avancuar me nj\u00eb p\u00ebrzierje enzimesh t\u00eb dizajnuara p\u00ebr t\u00eb mb\u00ebshtetur <strong data-start=\"170\" data-end=\"237\">tretjen e ushqimit dhe p\u00ebrthithjen optimale t\u00eb l\u00ebnd\u00ebve ushqyese<\/strong>.<\/p>\n<p data-start=\"240\" data-end=\"456\">Formul\u00eb e bazuar n\u00eb kompleksin <strong data-start=\"271\" data-end=\"286\">ZyMate\u00ae Max<\/strong>, q\u00eb p\u00ebrmban enzima si <strong data-start=\"309\" data-end=\"369\">amylase, protease, lipase, lactase, bromelain dhe papain<\/strong>, t\u00eb cilat ndihmojn\u00eb n\u00eb zb\u00ebrthimin e karbohidrateve, proteinave, yndyrave dhe laktoz\u00ebs.<\/p>\n<h3 data-section-id=\"1dip94x\" data-start=\"458\" data-end=\"484\">P\u00ebrfitimet kryesore:<\/h3>\n<ul data-start=\"485\" data-end=\"744\">\n<li data-section-id=\"i9w55g\" data-start=\"485\" data-end=\"527\">Mb\u00ebshtet <strong data-start=\"496\" data-end=\"527\">tretjen e plot\u00eb t\u00eb ushqimit<\/strong><\/li>\n<li data-section-id=\"w64csj\" data-start=\"528\" data-end=\"577\">Ndihmon n\u00eb <strong data-start=\"541\" data-end=\"577\">reduktimin e fryrjes dhe gazrave<\/strong><\/li>\n<li data-section-id=\"1lwon2i\" data-start=\"578\" data-end=\"625\">P\u00ebrmir\u00ebson <strong data-start=\"591\" data-end=\"625\">p\u00ebrthithjen e l\u00ebnd\u00ebve ushqyese<\/strong><\/li>\n<li data-section-id=\"13bptwo\" data-start=\"626\" data-end=\"691\">Mb\u00ebshtet <strong data-start=\"637\" data-end=\"691\">komoditetin e sistemit tret\u00ebs pas vakteve t\u00eb r\u00ebnda<\/strong><\/li>\n<li data-section-id=\"6d5ded\" data-start=\"692\" data-end=\"744\">Mund t\u00eb ndihmoj\u00eb me <strong data-start=\"714\" data-end=\"744\">intoleranc\u00ebn ndaj laktoz\u00ebs<\/strong><\/li>\n<\/ul>\n<h3 data-section-id=\"1qn5906\" data-start=\"981\" data-end=\"998\">\ud83d\udc8a P\u00ebrdorimi:<\/h3>\n<p data-start=\"999\" data-end=\"1077\">Merrni 1 kapsul\u00eb me ushqim, 1\u20132 her\u00eb n\u00eb dit\u00eb, ose sipas udh\u00ebzimeve n\u00eb paketim.<\/p>\n","protected":false},"excerpt":{"rendered":"<p>Digestive Enzyme nga Applied Nutrition \u00ebsht\u00eb nj\u00eb suplement i avancuar me nj\u00eb p\u00ebrzierje enzimesh t\u00eb dizajnuara p\u00ebr t\u00eb mb\u00ebshtetur tretjen e ushqimit dhe p\u00ebrthithjen optimale t\u00eb l\u00ebnd\u00ebve ushqyese. Formul\u00eb e bazuar n\u00eb kompleksin ZyMate\u00ae Max, q\u00eb p\u00ebrmban enzima si amylase, protease, lipase, lactase, bromelain dhe papain, t\u00eb cilat ndihmojn\u00eb n\u00eb zb\u00ebrthimin e karbohidrateve, proteinave, yndyrave [&hellip;]<\/p>\n","protected":false},"featured_media":9863,"comment_status":"open","ping_status":"closed","template":"","meta":{"site-sidebar-layout":"default","site-content-layout":"","ast-site-content-layout":"default","site-content-style":"default","site-sidebar-style":"default","ast-global-header-display":"","ast-banner-title-visibility":"","ast-main-header-display":"","ast-hfb-above-header-display":"","ast-hfb-below-header-display":"","ast-hfb-mobile-header-display":"","site-post-title":"","ast-breadcrumbs-content":"","ast-featured-img":"","footer-sml-layout":"","ast-disable-related-posts":"","theme-transparent-header-meta":"default","adv-header-id-meta":"","stick-header-meta":"","header-above-stick-meta":"","header-main-stick-meta":"","header-below-stick-meta":"","astra-migrate-meta-layouts":"set","ast-page-background-enabled":"default","ast-page-background-meta":{"desktop":{"background-color":"","background-image":"","background-repeat":"repeat","background-position":"center center","background-size":"auto","background-attachment":"scroll","background-type":"","background-media":"","overlay-type":"","overlay-color":"","overlay-opacity":"","overlay-gradient":""},"tablet":{"background-color":"","background-image":"","background-repeat":"repeat","background-position":"center center","background-size":"auto","background-attachment":"scroll","background-type":"","background-media":"","overlay-type":"","overlay-color":"","overlay-opacity":"","overlay-gradient":""},"mobile":{"background-color":"","background-image":"","background-repeat":"repeat","background-position":"center center","background-size":"auto","background-attachment":"scroll","background-type":"","background-media":"","overlay-type":"","overlay-color":"","overlay-opacity":"","overlay-gradient":""}},"ast-content-background-meta":{"desktop":{"background-color":"var(--ast-global-color-5)","background-image":"","background-repeat":"repeat","background-position":"center center","background-size":"auto","background-attachment":"scroll","background-type":"","background-media":"","overlay-type":"","overlay-color":"","overlay-opacity":"","overlay-gradient":""},"tablet":{"background-color":"var(--ast-global-color-5)","background-image":"","background-repeat":"repeat","background-position":"center center","background-size":"auto","background-attachment":"scroll","background-type":"","background-media":"","overlay-type":"","overlay-color":"","overlay-opacity":"","overlay-gradient":""},"mobile":{"background-color":"var(--ast-global-color-5)","background-image":"","background-repeat":"repeat","background-position":"center center","background-size":"auto","background-attachment":"scroll","background-type":"","background-media":"","overlay-type":"","overlay-color":"","overlay-opacity":"","overlay-gradient":""}}},"product_brand":[],"product_cat":[34],"product_tag":[],"class_list":{"0":"post-9862","1":"product","2":"type-product","3":"status-publish","4":"has-post-thumbnail","6":"product_cat-metabolizem","7":"desktop-align-center","8":"tablet-align-center","9":"mobile-align-center","11":"first","12":"instock","13":"shipping-taxable","14":"purchasable","15":"product-type-simple"},"_links":{"self":[{"href":"https:\/\/musclegainalbania.com\/index.php?rest_route=\/wp\/v2\/product\/9862","targetHints":{"allow":["GET"]}}],"collection":[{"href":"https:\/\/musclegainalbania.com\/index.php?rest_route=\/wp\/v2\/product"}],"about":[{"href":"https:\/\/musclegainalbania.com\/index.php?rest_route=\/wp\/v2\/types\/product"}],"replies":[{"embeddable":true,"href":"https:\/\/musclegainalbania.com\/index.php?rest_route=%2Fwp%2Fv2%2Fcomments&post=9862"}],"wp:featuredmedia":[{"embeddable":true,"href":"https:\/\/musclegainalbania.com\/index.php?rest_route=\/wp\/v2\/media\/9863"}],"wp:attachment":[{"href":"https:\/\/musclegainalbania.com\/index.php?rest_route=%2Fwp%2Fv2%2Fmedia&parent=9862"}],"wp:term":[{"taxonomy":"product_brand","embeddable":true,"href":"https:\/\/musclegainalbania.com\/index.php?rest_route=%2Fwp%2Fv2%2Fproduct_brand&post=9862"},{"taxonomy":"product_cat","embeddable":true,"href":"https:\/\/musclegainalbania.com\/index.php?rest_route=%2Fwp%2Fv2%2Fproduct_cat&post=9862"},{"taxonomy":"product_tag","embeddable":true,"href":"https:\/\/musclegainalbania.com\/index.php?rest_route=%2Fwp%2Fv2%2Fproduct_tag&post=9862"}],"curies":[{"name":"wp","href":"https:\/\/api.w.org\/{rel}","templated":true}]}}