{"id":9859,"date":"2026-04-30T18:16:17","date_gmt":"2026-04-30T18:16:17","guid":{"rendered":"https:\/\/papayawhip-oyster-671994.hostingersite.com\/?post_type=product&#038;p=9859"},"modified":"2026-04-30T18:16:17","modified_gmt":"2026-04-30T18:16:17","slug":"zinc-magnesium-vitamin-b6-capsules-with-ashwagandha-zma","status":"publish","type":"product","link":"https:\/\/musclegainalbania.com\/?product=zinc-magnesium-vitamin-b6-capsules-with-ashwagandha-zma","title":{"rendered":"Zinc, Magnesium &#038; Vitamin B6 Capsules With Ashwagandha (ZMA)"},"content":{"rendered":"<p data-start=\"29\" data-end=\"221\">ZMA nga Applied Nutrition \u00ebsht\u00eb nj\u00eb suplement mineral i avancuar q\u00eb kombinon <strong data-start=\"106\" data-end=\"141\">Zinc, Magnesium dhe Vitamin\u00eb B6<\/strong>, i formuluar p\u00ebr t\u00eb mb\u00ebshtetur <strong data-start=\"173\" data-end=\"220\">rikuperimin, gjumin dhe funksionin hormonal<\/strong>.<\/p>\n<p data-start=\"223\" data-end=\"392\">Ai shpesh p\u00ebrmban gjithashtu p\u00ebrb\u00ebr\u00ebs shtes\u00eb si <strong data-start=\"271\" data-end=\"299\">Ashwagandha dhe AstraGin<\/strong>, t\u00eb cil\u00ebt ndihmojn\u00eb n\u00eb reduktimin e stresit dhe p\u00ebrmir\u00ebsojn\u00eb p\u00ebrthithjen e l\u00ebnd\u00ebve ushqyese.<\/p>\n<h3 data-section-id=\"1dip94x\" data-start=\"394\" data-end=\"420\">P\u00ebrfitimet kryesore:<\/h3>\n<ul data-start=\"421\" data-end=\"697\">\n<li data-section-id=\"1dl0w9g\" data-start=\"421\" data-end=\"471\">Ndihmon n\u00eb <strong data-start=\"434\" data-end=\"471\">p\u00ebrmir\u00ebsimin e cil\u00ebsis\u00eb s\u00eb gjumit<\/strong><\/li>\n<li data-section-id=\"nwziqk\" data-start=\"472\" data-end=\"522\">Mb\u00ebshtet <strong data-start=\"483\" data-end=\"522\">rikuperimin muskulor pas st\u00ebrvitjes<\/strong><\/li>\n<li data-section-id=\"f1gwl5\" data-start=\"523\" data-end=\"595\">Kontribuon n\u00eb <strong data-start=\"539\" data-end=\"595\">funksionin normal hormonal (p\u00ebrfshir\u00eb testosteronin)<\/strong><\/li>\n<li data-section-id=\"1pf5ez5\" data-start=\"596\" data-end=\"645\">Ndihmon n\u00eb <strong data-start=\"609\" data-end=\"645\">reduktimin e lodhjes dhe stresit<\/strong><\/li>\n<li data-section-id=\"1wgwbke\" data-start=\"646\" data-end=\"697\">Mb\u00ebshtet <strong data-start=\"657\" data-end=\"697\">funksionin normal t\u00eb sistemit nervor<\/strong><\/li>\n<\/ul>\n<h3 data-section-id=\"1qn5906\" data-start=\"836\" data-end=\"853\">P\u00ebrdorimi:<\/h3>\n<p data-start=\"854\" data-end=\"924\">Merrni zakonisht 2\u20133 kapsula para gjumit, sipas udh\u00ebzimeve n\u00eb paketim.<\/p>\n","protected":false},"excerpt":{"rendered":"<p>ZMA nga Applied Nutrition \u00ebsht\u00eb nj\u00eb suplement mineral i avancuar q\u00eb kombinon Zinc, Magnesium dhe Vitamin\u00eb B6, i formuluar p\u00ebr t\u00eb mb\u00ebshtetur rikuperimin, gjumin dhe funksionin hormonal. Ai shpesh p\u00ebrmban gjithashtu p\u00ebrb\u00ebr\u00ebs shtes\u00eb si Ashwagandha dhe AstraGin, t\u00eb cil\u00ebt ndihmojn\u00eb n\u00eb reduktimin e stresit dhe p\u00ebrmir\u00ebsojn\u00eb p\u00ebrthithjen e l\u00ebnd\u00ebve ushqyese. P\u00ebrfitimet kryesore: Ndihmon n\u00eb p\u00ebrmir\u00ebsimin [&hellip;]<\/p>\n","protected":false},"featured_media":9861,"comment_status":"open","ping_status":"closed","template":"","meta":{"site-sidebar-layout":"default","site-content-layout":"","ast-site-content-layout":"default","site-content-style":"default","site-sidebar-style":"default","ast-global-header-display":"","ast-banner-title-visibility":"","ast-main-header-display":"","ast-hfb-above-header-display":"","ast-hfb-below-header-display":"","ast-hfb-mobile-header-display":"","site-post-title":"","ast-breadcrumbs-content":"","ast-featured-img":"","footer-sml-layout":"","ast-disable-related-posts":"","theme-transparent-header-meta":"default","adv-header-id-meta":"","stick-header-meta":"","header-above-stick-meta":"","header-main-stick-meta":"","header-below-stick-meta":"","astra-migrate-meta-layouts":"set","ast-page-background-enabled":"default","ast-page-background-meta":{"desktop":{"background-color":"","background-image":"","background-repeat":"repeat","background-position":"center center","background-size":"auto","background-attachment":"scroll","background-type":"","background-media":"","overlay-type":"","overlay-color":"","overlay-opacity":"","overlay-gradient":""},"tablet":{"background-color":"","background-image":"","background-repeat":"repeat","background-position":"center center","background-size":"auto","background-attachment":"scroll","background-type":"","background-media":"","overlay-type":"","overlay-color":"","overlay-opacity":"","overlay-gradient":""},"mobile":{"background-color":"","background-image":"","background-repeat":"repeat","background-position":"center center","background-size":"auto","background-attachment":"scroll","background-type":"","background-media":"","overlay-type":"","overlay-color":"","overlay-opacity":"","overlay-gradient":""}},"ast-content-background-meta":{"desktop":{"background-color":"var(--ast-global-color-5)","background-image":"","background-repeat":"repeat","background-position":"center center","background-size":"auto","background-attachment":"scroll","background-type":"","background-media":"","overlay-type":"","overlay-color":"","overlay-opacity":"","overlay-gradient":""},"tablet":{"background-color":"var(--ast-global-color-5)","background-image":"","background-repeat":"repeat","background-position":"center center","background-size":"auto","background-attachment":"scroll","background-type":"","background-media":"","overlay-type":"","overlay-color":"","overlay-opacity":"","overlay-gradient":""},"mobile":{"background-color":"var(--ast-global-color-5)","background-image":"","background-repeat":"repeat","background-position":"center center","background-size":"auto","background-attachment":"scroll","background-type":"","background-media":"","overlay-type":"","overlay-color":"","overlay-opacity":"","overlay-gradient":""}}},"product_brand":[],"product_cat":[34],"product_tag":[],"class_list":{"0":"post-9859","1":"product","2":"type-product","3":"status-publish","4":"has-post-thumbnail","6":"product_cat-metabolizem","7":"desktop-align-center","8":"tablet-align-center","9":"mobile-align-center","11":"first","12":"instock","13":"shipping-taxable","14":"purchasable","15":"product-type-simple"},"_links":{"self":[{"href":"https:\/\/musclegainalbania.com\/index.php?rest_route=\/wp\/v2\/product\/9859","targetHints":{"allow":["GET"]}}],"collection":[{"href":"https:\/\/musclegainalbania.com\/index.php?rest_route=\/wp\/v2\/product"}],"about":[{"href":"https:\/\/musclegainalbania.com\/index.php?rest_route=\/wp\/v2\/types\/product"}],"replies":[{"embeddable":true,"href":"https:\/\/musclegainalbania.com\/index.php?rest_route=%2Fwp%2Fv2%2Fcomments&post=9859"}],"wp:featuredmedia":[{"embeddable":true,"href":"https:\/\/musclegainalbania.com\/index.php?rest_route=\/wp\/v2\/media\/9861"}],"wp:attachment":[{"href":"https:\/\/musclegainalbania.com\/index.php?rest_route=%2Fwp%2Fv2%2Fmedia&parent=9859"}],"wp:term":[{"taxonomy":"product_brand","embeddable":true,"href":"https:\/\/musclegainalbania.com\/index.php?rest_route=%2Fwp%2Fv2%2Fproduct_brand&post=9859"},{"taxonomy":"product_cat","embeddable":true,"href":"https:\/\/musclegainalbania.com\/index.php?rest_route=%2Fwp%2Fv2%2Fproduct_cat&post=9859"},{"taxonomy":"product_tag","embeddable":true,"href":"https:\/\/musclegainalbania.com\/index.php?rest_route=%2Fwp%2Fv2%2Fproduct_tag&post=9859"}],"curies":[{"name":"wp","href":"https:\/\/api.w.org\/{rel}","templated":true}]}}