{"id":9855,"date":"2026-04-30T18:04:47","date_gmt":"2026-04-30T18:04:47","guid":{"rendered":"https:\/\/papayawhip-oyster-671994.hostingersite.com\/?post_type=product&#038;p=9855"},"modified":"2026-04-30T18:04:47","modified_gmt":"2026-04-30T18:04:47","slug":"yava-labs-magnesium-zinc-complex-60-caps","status":"publish","type":"product","link":"https:\/\/musclegainalbania.com\/?product=yava-labs-magnesium-zinc-complex-60-caps","title":{"rendered":"Yava Labs Magnesium Zinc Complex 60 Caps"},"content":{"rendered":"<p data-start=\"116\" data-end=\"472\">Magnesium Zinc Complex nga Yava Labs \u00ebsht\u00eb nj\u00eb suplement ushqimor i avancuar q\u00eb kombinon minerale dhe vitamina esenciale p\u00ebr t\u00eb mb\u00ebshtetur funksionimin optimal t\u00eb trupit. Formula p\u00ebrmban magnez, zink dhe vitamina ky\u00e7e si B6, D3 dhe K2, duke ofruar nj\u00eb mb\u00ebshtetje t\u00eb plot\u00eb p\u00ebr sistemin nervor, muskujt dhe imunitetin.<\/p>\n<p data-start=\"474\" data-end=\"832\">Ky kompleks \u00ebsht\u00eb ideal p\u00ebr persona aktiv\u00eb, sportist\u00eb dhe k\u00ebdo q\u00eb k\u00ebrkon t\u00eb p\u00ebrmir\u00ebsoj\u00eb nivelet e energjis\u00eb, rikuperimin dhe mir\u00ebqenien e p\u00ebrgjithshme. Magnezi kontribuon n\u00eb reduktimin e lodhjes dhe funksionin normal t\u00eb muskujve, nd\u00ebrsa zinku ndihmon n\u00eb forcimin e sistemit imunitar dhe mbrojtjen nga stresi oksidativ.<\/p>\n<p data-start=\"834\" data-end=\"858\"><strong data-start=\"834\" data-end=\"858\">P\u00ebrfitimet kryesore:<\/strong><\/p>\n<ul data-start=\"859\" data-end=\"1105\">\n<li data-section-id=\"so2ykr\" data-start=\"859\" data-end=\"921\">Mb\u00ebshtet funksionin normal t\u00eb muskujve dhe sistemit nervor<\/li>\n<li data-section-id=\"13hznv5\" data-start=\"922\" data-end=\"969\">Ndihmon n\u00eb reduktimin e lodhjes dhe stresit<\/li>\n<li data-section-id=\"j0zbxu\" data-start=\"970\" data-end=\"998\">Forcon sistemin imunitar<\/li>\n<li data-section-id=\"10f0rex\" data-start=\"999\" data-end=\"1048\">Mb\u00ebshtet sh\u00ebndetin e kockave dhe metabolizmin<\/li>\n<li data-section-id=\"olwvw4\" data-start=\"1049\" data-end=\"1105\">P\u00ebrmir\u00ebson cil\u00ebsin\u00eb e gjumit dhe nivelet e energjis\u00eb<\/li>\n<\/ul>\n<p data-start=\"1107\" data-end=\"1136\"><strong data-start=\"1107\" data-end=\"1136\">P\u00ebrb\u00ebrja (p\u00ebr 1 kapsul\u00eb):<\/strong><\/p>\n<ul data-start=\"1137\" data-end=\"1285\">\n<li data-section-id=\"k51qy\" data-start=\"1137\" data-end=\"1156\">Magnez \u2013 100 mg<\/li>\n<li data-section-id=\"1m3i686\" data-start=\"1157\" data-end=\"1173\">Zink \u2013 10 mg<\/li>\n<li data-section-id=\"5ik8hx\" data-start=\"1174\" data-end=\"1198\">Vitamin\u00eb B6 \u2013 1.4 mg<\/li>\n<li data-section-id=\"y193g2\" data-start=\"1199\" data-end=\"1222\">Vitamin\u00eb D3 \u2013 25 \u00b5g<\/li>\n<li data-section-id=\"ljeod3\" data-start=\"1223\" data-end=\"1285\">Vitamin\u00eb K2 \u2013 100 \u00b5g<\/li>\n<\/ul>\n<p data-start=\"1287\" data-end=\"1365\"><strong data-start=\"1287\" data-end=\"1315\">P\u00ebrdorimi i rekomanduar:<\/strong><br \/>\nMerrni 1\u20132 kapsula n\u00eb dit\u00eb me uj\u00eb, sipas nevoj\u00ebs.<\/p>\n","protected":false},"excerpt":{"rendered":"<p>Magnesium Zinc Complex nga Yava Labs \u00ebsht\u00eb nj\u00eb suplement ushqimor i avancuar q\u00eb kombinon minerale dhe vitamina esenciale p\u00ebr t\u00eb mb\u00ebshtetur funksionimin optimal t\u00eb trupit. Formula p\u00ebrmban magnez, zink dhe vitamina ky\u00e7e si B6, D3 dhe K2, duke ofruar nj\u00eb mb\u00ebshtetje t\u00eb plot\u00eb p\u00ebr sistemin nervor, muskujt dhe imunitetin. Ky kompleks \u00ebsht\u00eb ideal p\u00ebr persona [&hellip;]<\/p>\n","protected":false},"featured_media":9857,"comment_status":"open","ping_status":"closed","template":"","meta":{"site-sidebar-layout":"default","site-content-layout":"","ast-site-content-layout":"default","site-content-style":"default","site-sidebar-style":"default","ast-global-header-display":"","ast-banner-title-visibility":"","ast-main-header-display":"","ast-hfb-above-header-display":"","ast-hfb-below-header-display":"","ast-hfb-mobile-header-display":"","site-post-title":"","ast-breadcrumbs-content":"","ast-featured-img":"","footer-sml-layout":"","ast-disable-related-posts":"","theme-transparent-header-meta":"default","adv-header-id-meta":"","stick-header-meta":"","header-above-stick-meta":"","header-main-stick-meta":"","header-below-stick-meta":"","astra-migrate-meta-layouts":"set","ast-page-background-enabled":"default","ast-page-background-meta":{"desktop":{"background-color":"","background-image":"","background-repeat":"repeat","background-position":"center center","background-size":"auto","background-attachment":"scroll","background-type":"","background-media":"","overlay-type":"","overlay-color":"","overlay-opacity":"","overlay-gradient":""},"tablet":{"background-color":"","background-image":"","background-repeat":"repeat","background-position":"center center","background-size":"auto","background-attachment":"scroll","background-type":"","background-media":"","overlay-type":"","overlay-color":"","overlay-opacity":"","overlay-gradient":""},"mobile":{"background-color":"","background-image":"","background-repeat":"repeat","background-position":"center center","background-size":"auto","background-attachment":"scroll","background-type":"","background-media":"","overlay-type":"","overlay-color":"","overlay-opacity":"","overlay-gradient":""}},"ast-content-background-meta":{"desktop":{"background-color":"var(--ast-global-color-5)","background-image":"","background-repeat":"repeat","background-position":"center center","background-size":"auto","background-attachment":"scroll","background-type":"","background-media":"","overlay-type":"","overlay-color":"","overlay-opacity":"","overlay-gradient":""},"tablet":{"background-color":"var(--ast-global-color-5)","background-image":"","background-repeat":"repeat","background-position":"center center","background-size":"auto","background-attachment":"scroll","background-type":"","background-media":"","overlay-type":"","overlay-color":"","overlay-opacity":"","overlay-gradient":""},"mobile":{"background-color":"var(--ast-global-color-5)","background-image":"","background-repeat":"repeat","background-position":"center center","background-size":"auto","background-attachment":"scroll","background-type":"","background-media":"","overlay-type":"","overlay-color":"","overlay-opacity":"","overlay-gradient":""}}},"product_brand":[],"product_cat":[34],"product_tag":[],"class_list":{"0":"post-9855","1":"product","2":"type-product","3":"status-publish","4":"has-post-thumbnail","6":"product_cat-metabolizem","7":"desktop-align-center","8":"tablet-align-center","9":"mobile-align-center","11":"first","12":"instock","13":"shipping-taxable","14":"purchasable","15":"product-type-simple"},"_links":{"self":[{"href":"https:\/\/musclegainalbania.com\/index.php?rest_route=\/wp\/v2\/product\/9855","targetHints":{"allow":["GET"]}}],"collection":[{"href":"https:\/\/musclegainalbania.com\/index.php?rest_route=\/wp\/v2\/product"}],"about":[{"href":"https:\/\/musclegainalbania.com\/index.php?rest_route=\/wp\/v2\/types\/product"}],"replies":[{"embeddable":true,"href":"https:\/\/musclegainalbania.com\/index.php?rest_route=%2Fwp%2Fv2%2Fcomments&post=9855"}],"wp:featuredmedia":[{"embeddable":true,"href":"https:\/\/musclegainalbania.com\/index.php?rest_route=\/wp\/v2\/media\/9857"}],"wp:attachment":[{"href":"https:\/\/musclegainalbania.com\/index.php?rest_route=%2Fwp%2Fv2%2Fmedia&parent=9855"}],"wp:term":[{"taxonomy":"product_brand","embeddable":true,"href":"https:\/\/musclegainalbania.com\/index.php?rest_route=%2Fwp%2Fv2%2Fproduct_brand&post=9855"},{"taxonomy":"product_cat","embeddable":true,"href":"https:\/\/musclegainalbania.com\/index.php?rest_route=%2Fwp%2Fv2%2Fproduct_cat&post=9855"},{"taxonomy":"product_tag","embeddable":true,"href":"https:\/\/musclegainalbania.com\/index.php?rest_route=%2Fwp%2Fv2%2Fproduct_tag&post=9855"}],"curies":[{"name":"wp","href":"https:\/\/api.w.org\/{rel}","templated":true}]}}