{"id":9842,"date":"2026-04-30T18:00:06","date_gmt":"2026-04-30T18:00:06","guid":{"rendered":"https:\/\/papayawhip-oyster-671994.hostingersite.com\/?post_type=product&#038;p=9842"},"modified":"2026-04-30T18:00:07","modified_gmt":"2026-04-30T18:00:07","slug":"yava-labs-prost-active","status":"publish","type":"product","link":"https:\/\/musclegainalbania.com\/?product=yava-labs-prost-active","title":{"rendered":"Yava Labs PROST Active+"},"content":{"rendered":"<p data-start=\"91\" data-end=\"411\">Prost Active+ nga Yava Labs \u00ebsht\u00eb nj\u00eb suplement ushqimor i formuluar posa\u00e7\u00ebrisht p\u00ebr t\u00eb mb\u00ebshtetur sh\u00ebndetin e prostat\u00ebs dhe funksionin normal t\u00eb sistemit urinar tek meshkujt. Me nj\u00eb kombinim t\u00eb p\u00ebrzgjedhur ekstraktesh bimore dhe mikronutrient\u00ebsh, ky produkt ndihmon n\u00eb ruajtjen e mir\u00ebqenies dhe komfortit t\u00eb p\u00ebrditsh\u00ebm.<\/p>\n<p data-start=\"413\" data-end=\"593\">Formula p\u00ebrmban p\u00ebrb\u00ebr\u00ebs aktiv\u00eb t\u00eb njohur p\u00ebr efektet e tyre mb\u00ebshtet\u00ebse ndaj prostat\u00ebs, duke ndihmuar n\u00eb reduktimin e shqet\u00ebsimeve urinare dhe n\u00eb p\u00ebrmir\u00ebsimin e cil\u00ebsis\u00eb s\u00eb jet\u00ebs.<\/p>\n<p data-start=\"595\" data-end=\"619\"><strong data-start=\"595\" data-end=\"619\">P\u00ebrfitimet kryesore:<\/strong><\/p>\n<ul data-start=\"620\" data-end=\"874\">\n<li data-section-id=\"s5qqvw\" data-start=\"620\" data-end=\"654\">Mb\u00ebshtet sh\u00ebndetin e prostat\u00ebs<\/li>\n<li data-section-id=\"544me6\" data-start=\"655\" data-end=\"707\">Ndihmon n\u00eb funksionimin normal t\u00eb traktit urinar<\/li>\n<li data-section-id=\"53uxld\" data-start=\"708\" data-end=\"780\">Kontribuon n\u00eb reduktimin e urinimit t\u00eb shpesht\u00eb, sidomos gjat\u00eb nat\u00ebs<\/li>\n<li data-section-id=\"y18esq\" data-start=\"781\" data-end=\"833\">P\u00ebrmir\u00ebson komfortin dhe mir\u00ebqenien tek meshkujt<\/li>\n<li data-section-id=\"eg1eo2\" data-start=\"834\" data-end=\"874\">Formul\u00eb natyrale me ekstrakte bimore<\/li>\n<\/ul>\n<p data-start=\"1098\" data-end=\"1187\"><strong data-start=\"1098\" data-end=\"1126\">P\u00ebrdorimi i rekomanduar:<\/strong><br \/>\nMerrni 1\u20132 kapsula n\u00eb dit\u00eb, me uj\u00eb, preferohet pas ushqimit.<\/p>\n","protected":false},"excerpt":{"rendered":"<p>Prost Active+ nga Yava Labs \u00ebsht\u00eb nj\u00eb suplement ushqimor i formuluar posa\u00e7\u00ebrisht p\u00ebr t\u00eb mb\u00ebshtetur sh\u00ebndetin e prostat\u00ebs dhe funksionin normal t\u00eb sistemit urinar tek meshkujt. Me nj\u00eb kombinim t\u00eb p\u00ebrzgjedhur ekstraktesh bimore dhe mikronutrient\u00ebsh, ky produkt ndihmon n\u00eb ruajtjen e mir\u00ebqenies dhe komfortit t\u00eb p\u00ebrditsh\u00ebm. Formula p\u00ebrmban p\u00ebrb\u00ebr\u00ebs aktiv\u00eb t\u00eb njohur p\u00ebr efektet e [&hellip;]<\/p>\n","protected":false},"featured_media":9854,"comment_status":"open","ping_status":"closed","template":"","meta":{"site-sidebar-layout":"default","site-content-layout":"","ast-site-content-layout":"default","site-content-style":"default","site-sidebar-style":"default","ast-global-header-display":"","ast-banner-title-visibility":"","ast-main-header-display":"","ast-hfb-above-header-display":"","ast-hfb-below-header-display":"","ast-hfb-mobile-header-display":"","site-post-title":"","ast-breadcrumbs-content":"","ast-featured-img":"","footer-sml-layout":"","ast-disable-related-posts":"","theme-transparent-header-meta":"default","adv-header-id-meta":"","stick-header-meta":"","header-above-stick-meta":"","header-main-stick-meta":"","header-below-stick-meta":"","astra-migrate-meta-layouts":"set","ast-page-background-enabled":"default","ast-page-background-meta":{"desktop":{"background-color":"","background-image":"","background-repeat":"repeat","background-position":"center center","background-size":"auto","background-attachment":"scroll","background-type":"","background-media":"","overlay-type":"","overlay-color":"","overlay-opacity":"","overlay-gradient":""},"tablet":{"background-color":"","background-image":"","background-repeat":"repeat","background-position":"center center","background-size":"auto","background-attachment":"scroll","background-type":"","background-media":"","overlay-type":"","overlay-color":"","overlay-opacity":"","overlay-gradient":""},"mobile":{"background-color":"","background-image":"","background-repeat":"repeat","background-position":"center center","background-size":"auto","background-attachment":"scroll","background-type":"","background-media":"","overlay-type":"","overlay-color":"","overlay-opacity":"","overlay-gradient":""}},"ast-content-background-meta":{"desktop":{"background-color":"var(--ast-global-color-5)","background-image":"","background-repeat":"repeat","background-position":"center center","background-size":"auto","background-attachment":"scroll","background-type":"","background-media":"","overlay-type":"","overlay-color":"","overlay-opacity":"","overlay-gradient":""},"tablet":{"background-color":"var(--ast-global-color-5)","background-image":"","background-repeat":"repeat","background-position":"center center","background-size":"auto","background-attachment":"scroll","background-type":"","background-media":"","overlay-type":"","overlay-color":"","overlay-opacity":"","overlay-gradient":""},"mobile":{"background-color":"var(--ast-global-color-5)","background-image":"","background-repeat":"repeat","background-position":"center center","background-size":"auto","background-attachment":"scroll","background-type":"","background-media":"","overlay-type":"","overlay-color":"","overlay-opacity":"","overlay-gradient":""}}},"product_brand":[],"product_cat":[34],"product_tag":[],"class_list":{"0":"post-9842","1":"product","2":"type-product","3":"status-publish","4":"has-post-thumbnail","6":"product_cat-metabolizem","7":"desktop-align-center","8":"tablet-align-center","9":"mobile-align-center","11":"first","12":"instock","13":"shipping-taxable","14":"purchasable","15":"product-type-simple"},"_links":{"self":[{"href":"https:\/\/musclegainalbania.com\/index.php?rest_route=\/wp\/v2\/product\/9842","targetHints":{"allow":["GET"]}}],"collection":[{"href":"https:\/\/musclegainalbania.com\/index.php?rest_route=\/wp\/v2\/product"}],"about":[{"href":"https:\/\/musclegainalbania.com\/index.php?rest_route=\/wp\/v2\/types\/product"}],"replies":[{"embeddable":true,"href":"https:\/\/musclegainalbania.com\/index.php?rest_route=%2Fwp%2Fv2%2Fcomments&post=9842"}],"wp:featuredmedia":[{"embeddable":true,"href":"https:\/\/musclegainalbania.com\/index.php?rest_route=\/wp\/v2\/media\/9854"}],"wp:attachment":[{"href":"https:\/\/musclegainalbania.com\/index.php?rest_route=%2Fwp%2Fv2%2Fmedia&parent=9842"}],"wp:term":[{"taxonomy":"product_brand","embeddable":true,"href":"https:\/\/musclegainalbania.com\/index.php?rest_route=%2Fwp%2Fv2%2Fproduct_brand&post=9842"},{"taxonomy":"product_cat","embeddable":true,"href":"https:\/\/musclegainalbania.com\/index.php?rest_route=%2Fwp%2Fv2%2Fproduct_cat&post=9842"},{"taxonomy":"product_tag","embeddable":true,"href":"https:\/\/musclegainalbania.com\/index.php?rest_route=%2Fwp%2Fv2%2Fproduct_tag&post=9842"}],"curies":[{"name":"wp","href":"https:\/\/api.w.org\/{rel}","templated":true}]}}