{"id":9839,"date":"2026-04-30T17:41:59","date_gmt":"2026-04-30T17:41:59","guid":{"rendered":"https:\/\/papayawhip-oyster-671994.hostingersite.com\/?post_type=product&#038;p=9839"},"modified":"2026-04-30T17:44:28","modified_gmt":"2026-04-30T17:44:28","slug":"detox-debloat-capsules","status":"publish","type":"product","link":"https:\/\/musclegainalbania.com\/?product=detox-debloat-capsules","title":{"rendered":"Detox &#038; Debloat Capsules"},"content":{"rendered":"<p data-start=\"64\" data-end=\"222\">Detox &amp; Debloat nga Applied Nutrition \u00ebsht\u00eb nj\u00eb suplement i formuluar p\u00ebr t\u00eb mb\u00ebshtetur <strong data-start=\"152\" data-end=\"221\">tretjen, reduktimin e fryrjes dhe pastrimin natyral t\u00eb organizmit<\/strong>.<\/p>\n<p data-start=\"224\" data-end=\"443\">Ai kombinon p\u00ebrb\u00ebr\u00ebs aktiv\u00eb si <strong data-start=\"255\" data-end=\"310\">activated charcoal, dandelion root dhe milk thistle<\/strong>, t\u00eb cil\u00ebt punojn\u00eb s\u00eb bashku p\u00ebr t\u00eb ndihmuar n\u00eb leht\u00ebsimin e diskomfortit abdominal dhe p\u00ebr t\u00eb mb\u00ebshtetur balanc\u00ebn e sistemit tret\u00ebs.<\/p>\n<h3 data-section-id=\"1dip94x\" data-start=\"445\" data-end=\"471\">\u00a0P\u00ebrfitimet kryesore:<\/h3>\n<ul data-start=\"472\" data-end=\"739\">\n<li data-section-id=\"w64csj\" data-start=\"472\" data-end=\"521\">Ndihmon n\u00eb <strong data-start=\"485\" data-end=\"521\">reduktimin e fryrjes dhe gazrave<\/strong><\/li>\n<li data-section-id=\"znsa95\" data-start=\"522\" data-end=\"568\">Mb\u00ebshtet <strong data-start=\"533\" data-end=\"568\">tretjen dhe sh\u00ebndetin e zorr\u00ebve<\/strong><\/li>\n<li data-section-id=\"18137ud\" data-start=\"569\" data-end=\"623\">Kontribuon n\u00eb <strong data-start=\"585\" data-end=\"623\">procesin natyral t\u00eb detoksifikimit<\/strong><\/li>\n<li data-section-id=\"if150n\" data-start=\"624\" data-end=\"687\">Ndihmon n\u00eb <strong data-start=\"637\" data-end=\"687\">leht\u00ebsimin e ndjesis\u00eb s\u00eb r\u00ebndes\u00ebs pas ushqimit<\/strong><\/li>\n<li data-section-id=\"u2iry3\" data-start=\"688\" data-end=\"739\">P\u00ebrmir\u00ebson <strong data-start=\"701\" data-end=\"739\">komfortin e p\u00ebrgjithsh\u00ebm digjestiv<\/strong><\/li>\n<\/ul>\n<h3 data-section-id=\"1qn5906\" data-start=\"878\" data-end=\"895\">\u00a0P\u00ebrdorimi:<\/h3>\n<p data-start=\"896\" data-end=\"964\">Merrni 2 kapsula n\u00eb dit\u00eb me ushqim, ose sipas udh\u00ebzimeve n\u00eb paketim.<\/p>\n","protected":false},"excerpt":{"rendered":"<p>Detox &amp; Debloat nga Applied Nutrition \u00ebsht\u00eb nj\u00eb suplement i formuluar p\u00ebr t\u00eb mb\u00ebshtetur tretjen, reduktimin e fryrjes dhe pastrimin natyral t\u00eb organizmit. Ai kombinon p\u00ebrb\u00ebr\u00ebs aktiv\u00eb si activated charcoal, dandelion root dhe milk thistle, t\u00eb cil\u00ebt punojn\u00eb s\u00eb bashku p\u00ebr t\u00eb ndihmuar n\u00eb leht\u00ebsimin e diskomfortit abdominal dhe p\u00ebr t\u00eb mb\u00ebshtetur balanc\u00ebn e sistemit [&hellip;]<\/p>\n","protected":false},"featured_media":9840,"comment_status":"open","ping_status":"closed","template":"","meta":{"site-sidebar-layout":"default","site-content-layout":"","ast-site-content-layout":"default","site-content-style":"default","site-sidebar-style":"default","ast-global-header-display":"","ast-banner-title-visibility":"","ast-main-header-display":"","ast-hfb-above-header-display":"","ast-hfb-below-header-display":"","ast-hfb-mobile-header-display":"","site-post-title":"","ast-breadcrumbs-content":"","ast-featured-img":"","footer-sml-layout":"","ast-disable-related-posts":"","theme-transparent-header-meta":"default","adv-header-id-meta":"","stick-header-meta":"","header-above-stick-meta":"","header-main-stick-meta":"","header-below-stick-meta":"","astra-migrate-meta-layouts":"set","ast-page-background-enabled":"default","ast-page-background-meta":{"desktop":{"background-color":"","background-image":"","background-repeat":"repeat","background-position":"center center","background-size":"auto","background-attachment":"scroll","background-type":"","background-media":"","overlay-type":"","overlay-color":"","overlay-opacity":"","overlay-gradient":""},"tablet":{"background-color":"","background-image":"","background-repeat":"repeat","background-position":"center center","background-size":"auto","background-attachment":"scroll","background-type":"","background-media":"","overlay-type":"","overlay-color":"","overlay-opacity":"","overlay-gradient":""},"mobile":{"background-color":"","background-image":"","background-repeat":"repeat","background-position":"center center","background-size":"auto","background-attachment":"scroll","background-type":"","background-media":"","overlay-type":"","overlay-color":"","overlay-opacity":"","overlay-gradient":""}},"ast-content-background-meta":{"desktop":{"background-color":"var(--ast-global-color-5)","background-image":"","background-repeat":"repeat","background-position":"center center","background-size":"auto","background-attachment":"scroll","background-type":"","background-media":"","overlay-type":"","overlay-color":"","overlay-opacity":"","overlay-gradient":""},"tablet":{"background-color":"var(--ast-global-color-5)","background-image":"","background-repeat":"repeat","background-position":"center center","background-size":"auto","background-attachment":"scroll","background-type":"","background-media":"","overlay-type":"","overlay-color":"","overlay-opacity":"","overlay-gradient":""},"mobile":{"background-color":"var(--ast-global-color-5)","background-image":"","background-repeat":"repeat","background-position":"center center","background-size":"auto","background-attachment":"scroll","background-type":"","background-media":"","overlay-type":"","overlay-color":"","overlay-opacity":"","overlay-gradient":""}}},"product_brand":[],"product_cat":[34],"product_tag":[],"class_list":{"0":"post-9839","1":"product","2":"type-product","3":"status-publish","4":"has-post-thumbnail","6":"product_cat-metabolizem","7":"desktop-align-center","8":"tablet-align-center","9":"mobile-align-center","11":"first","12":"instock","13":"shipping-taxable","14":"purchasable","15":"product-type-simple"},"_links":{"self":[{"href":"https:\/\/musclegainalbania.com\/index.php?rest_route=\/wp\/v2\/product\/9839","targetHints":{"allow":["GET"]}}],"collection":[{"href":"https:\/\/musclegainalbania.com\/index.php?rest_route=\/wp\/v2\/product"}],"about":[{"href":"https:\/\/musclegainalbania.com\/index.php?rest_route=\/wp\/v2\/types\/product"}],"replies":[{"embeddable":true,"href":"https:\/\/musclegainalbania.com\/index.php?rest_route=%2Fwp%2Fv2%2Fcomments&post=9839"}],"wp:featuredmedia":[{"embeddable":true,"href":"https:\/\/musclegainalbania.com\/index.php?rest_route=\/wp\/v2\/media\/9840"}],"wp:attachment":[{"href":"https:\/\/musclegainalbania.com\/index.php?rest_route=%2Fwp%2Fv2%2Fmedia&parent=9839"}],"wp:term":[{"taxonomy":"product_brand","embeddable":true,"href":"https:\/\/musclegainalbania.com\/index.php?rest_route=%2Fwp%2Fv2%2Fproduct_brand&post=9839"},{"taxonomy":"product_cat","embeddable":true,"href":"https:\/\/musclegainalbania.com\/index.php?rest_route=%2Fwp%2Fv2%2Fproduct_cat&post=9839"},{"taxonomy":"product_tag","embeddable":true,"href":"https:\/\/musclegainalbania.com\/index.php?rest_route=%2Fwp%2Fv2%2Fproduct_tag&post=9839"}],"curies":[{"name":"wp","href":"https:\/\/api.w.org\/{rel}","templated":true}]}}