{"id":9833,"date":"2026-04-30T17:36:41","date_gmt":"2026-04-30T17:36:41","guid":{"rendered":"https:\/\/papayawhip-oyster-671994.hostingersite.com\/?post_type=product&#038;p=9833"},"modified":"2026-04-30T17:36:42","modified_gmt":"2026-04-30T17:36:42","slug":"yava-labs-vitamin-c","status":"publish","type":"product","link":"https:\/\/musclegainalbania.com\/?product=yava-labs-vitamin-c","title":{"rendered":"Yava Labs Vitamin C"},"content":{"rendered":"<p data-start=\"152\" data-end=\"576\">Vitamin C nga Yava Labs \u00ebsht\u00eb nj\u00eb suplement ushqimor me doz\u00eb t\u00eb lart\u00eb, i formuluar p\u00ebr t\u00eb mb\u00ebshtetur sistemin imunitar dhe p\u00ebr t\u00eb p\u00ebrmir\u00ebsuar mir\u00ebqenien e p\u00ebrgjithshme t\u00eb organizmit. \u00c7do kapsul\u00eb p\u00ebrmban 1000 mg vitamin\u00eb C n\u00eb form\u00ebn e past\u00ebr t\u00eb acidit L-askorbik, duke ofruar nj\u00eb burim t\u00eb fuqish\u00ebm antioksidant\u00ebsh q\u00eb ndihmojn\u00eb n\u00eb luftimin e radikaleve t\u00eb lira dhe mbrojtjen e qelizave.<\/p>\n<p data-start=\"578\" data-end=\"849\">Ky suplement luan nj\u00eb rol ky\u00e7 n\u00eb sintez\u00ebn e kolagjenit, duke kontribuar n\u00eb sh\u00ebndetin e l\u00ebkur\u00ebs, kockave dhe indeve lidh\u00ebse. Gjithashtu ndihmon n\u00eb forcimin e sistemit imunitar dhe n\u00eb p\u00ebrmir\u00ebsimin e rikuperimit pas aktivitetit fizik.<\/p>\n<p data-start=\"851\" data-end=\"875\"><strong data-start=\"851\" data-end=\"875\">P\u00ebrfitimet kryesore:<\/strong><\/p>\n<ul data-start=\"876\" data-end=\"1089\">\n<li data-section-id=\"1apl7g1\" data-start=\"876\" data-end=\"906\">Mb\u00ebshtet sistemin imunitar<\/li>\n<li data-section-id=\"15o018n\" data-start=\"907\" data-end=\"959\">Antioksidant i fuqish\u00ebm kund\u00ebr stresit oksidativ<\/li>\n<li data-section-id=\"pfyqvz\" data-start=\"960\" data-end=\"997\">Ndihmon n\u00eb prodhimin e kolagjenit<\/li>\n<li data-section-id=\"ty15wo\" data-start=\"998\" data-end=\"1043\">P\u00ebrmir\u00ebson sh\u00ebndetin e l\u00ebkur\u00ebs dhe indeve<\/li>\n<li data-section-id=\"ue660w\" data-start=\"1044\" data-end=\"1089\">I p\u00ebrshtatsh\u00ebm p\u00ebr p\u00ebrdorim t\u00eb p\u00ebrditsh\u00ebm<\/li>\n<\/ul>\n<p data-start=\"1091\" data-end=\"1104\"><strong data-start=\"1091\" data-end=\"1104\">P\u00ebrb\u00ebrja:<\/strong><\/p>\n<ul data-start=\"1105\" data-end=\"1224\">\n<li data-section-id=\"gpe87m\" data-start=\"1105\" data-end=\"1157\">1000 mg Vitamin\u00eb C (acid L-askorbik) p\u00ebr kapsul\u00eb<\/li>\n<li data-section-id=\"cvpnr2\" data-start=\"1158\" data-end=\"1224\">Kapsul\u00eb vegjetale (HPMC)<\/li>\n<\/ul>\n<p data-start=\"1226\" data-end=\"1343\"><strong data-start=\"1226\" data-end=\"1254\">P\u00ebrdorimi i rekomanduar:<\/strong><br \/>\nMerrni 1 kapsul\u00eb n\u00eb dit\u00eb, preferohet n\u00eb m\u00ebngjes.<\/p>\n","protected":false},"excerpt":{"rendered":"<p>Vitamin C nga Yava Labs \u00ebsht\u00eb nj\u00eb suplement ushqimor me doz\u00eb t\u00eb lart\u00eb, i formuluar p\u00ebr t\u00eb mb\u00ebshtetur sistemin imunitar dhe p\u00ebr t\u00eb p\u00ebrmir\u00ebsuar mir\u00ebqenien e p\u00ebrgjithshme t\u00eb organizmit. \u00c7do kapsul\u00eb p\u00ebrmban 1000 mg vitamin\u00eb C n\u00eb form\u00ebn e past\u00ebr t\u00eb acidit L-askorbik, duke ofruar nj\u00eb burim t\u00eb fuqish\u00ebm antioksidant\u00ebsh q\u00eb ndihmojn\u00eb n\u00eb luftimin e [&hellip;]<\/p>\n","protected":false},"featured_media":9834,"comment_status":"open","ping_status":"closed","template":"","meta":{"site-sidebar-layout":"default","site-content-layout":"","ast-site-content-layout":"default","site-content-style":"default","site-sidebar-style":"default","ast-global-header-display":"","ast-banner-title-visibility":"","ast-main-header-display":"","ast-hfb-above-header-display":"","ast-hfb-below-header-display":"","ast-hfb-mobile-header-display":"","site-post-title":"","ast-breadcrumbs-content":"","ast-featured-img":"","footer-sml-layout":"","ast-disable-related-posts":"","theme-transparent-header-meta":"default","adv-header-id-meta":"","stick-header-meta":"","header-above-stick-meta":"","header-main-stick-meta":"","header-below-stick-meta":"","astra-migrate-meta-layouts":"set","ast-page-background-enabled":"default","ast-page-background-meta":{"desktop":{"background-color":"","background-image":"","background-repeat":"repeat","background-position":"center center","background-size":"auto","background-attachment":"scroll","background-type":"","background-media":"","overlay-type":"","overlay-color":"","overlay-opacity":"","overlay-gradient":""},"tablet":{"background-color":"","background-image":"","background-repeat":"repeat","background-position":"center center","background-size":"auto","background-attachment":"scroll","background-type":"","background-media":"","overlay-type":"","overlay-color":"","overlay-opacity":"","overlay-gradient":""},"mobile":{"background-color":"","background-image":"","background-repeat":"repeat","background-position":"center center","background-size":"auto","background-attachment":"scroll","background-type":"","background-media":"","overlay-type":"","overlay-color":"","overlay-opacity":"","overlay-gradient":""}},"ast-content-background-meta":{"desktop":{"background-color":"var(--ast-global-color-5)","background-image":"","background-repeat":"repeat","background-position":"center center","background-size":"auto","background-attachment":"scroll","background-type":"","background-media":"","overlay-type":"","overlay-color":"","overlay-opacity":"","overlay-gradient":""},"tablet":{"background-color":"var(--ast-global-color-5)","background-image":"","background-repeat":"repeat","background-position":"center center","background-size":"auto","background-attachment":"scroll","background-type":"","background-media":"","overlay-type":"","overlay-color":"","overlay-opacity":"","overlay-gradient":""},"mobile":{"background-color":"var(--ast-global-color-5)","background-image":"","background-repeat":"repeat","background-position":"center center","background-size":"auto","background-attachment":"scroll","background-type":"","background-media":"","overlay-type":"","overlay-color":"","overlay-opacity":"","overlay-gradient":""}}},"product_brand":[],"product_cat":[34],"product_tag":[],"class_list":{"0":"post-9833","1":"product","2":"type-product","3":"status-publish","4":"has-post-thumbnail","6":"product_cat-metabolizem","7":"desktop-align-center","8":"tablet-align-center","9":"mobile-align-center","11":"first","12":"instock","13":"shipping-taxable","14":"purchasable","15":"product-type-simple"},"_links":{"self":[{"href":"https:\/\/musclegainalbania.com\/index.php?rest_route=\/wp\/v2\/product\/9833","targetHints":{"allow":["GET"]}}],"collection":[{"href":"https:\/\/musclegainalbania.com\/index.php?rest_route=\/wp\/v2\/product"}],"about":[{"href":"https:\/\/musclegainalbania.com\/index.php?rest_route=\/wp\/v2\/types\/product"}],"replies":[{"embeddable":true,"href":"https:\/\/musclegainalbania.com\/index.php?rest_route=%2Fwp%2Fv2%2Fcomments&post=9833"}],"wp:featuredmedia":[{"embeddable":true,"href":"https:\/\/musclegainalbania.com\/index.php?rest_route=\/wp\/v2\/media\/9834"}],"wp:attachment":[{"href":"https:\/\/musclegainalbania.com\/index.php?rest_route=%2Fwp%2Fv2%2Fmedia&parent=9833"}],"wp:term":[{"taxonomy":"product_brand","embeddable":true,"href":"https:\/\/musclegainalbania.com\/index.php?rest_route=%2Fwp%2Fv2%2Fproduct_brand&post=9833"},{"taxonomy":"product_cat","embeddable":true,"href":"https:\/\/musclegainalbania.com\/index.php?rest_route=%2Fwp%2Fv2%2Fproduct_cat&post=9833"},{"taxonomy":"product_tag","embeddable":true,"href":"https:\/\/musclegainalbania.com\/index.php?rest_route=%2Fwp%2Fv2%2Fproduct_tag&post=9833"}],"curies":[{"name":"wp","href":"https:\/\/api.w.org\/{rel}","templated":true}]}}