{"id":9830,"date":"2026-04-30T17:33:33","date_gmt":"2026-04-30T17:33:33","guid":{"rendered":"https:\/\/papayawhip-oyster-671994.hostingersite.com\/?post_type=product&#038;p=9830"},"modified":"2026-04-30T17:33:33","modified_gmt":"2026-04-30T17:33:33","slug":"sleep-support-capsules-60-capsules","status":"publish","type":"product","link":"https:\/\/musclegainalbania.com\/?product=sleep-support-capsules-60-capsules","title":{"rendered":"Sleep Support Capsules (60 Capsules)"},"content":{"rendered":"<p data-start=\"39\" data-end=\"220\">Sleep Support nga Applied Nutrition \u00ebsht\u00eb nj\u00eb suplement i avancuar i formuluar p\u00ebr t\u00eb ndihmuar <strong data-start=\"134\" data-end=\"219\">relaksimin, p\u00ebrmir\u00ebsimin e cil\u00ebsis\u00eb s\u00eb gjumit dhe rikuperimin natyral gjat\u00eb nat\u00ebs<\/strong>.<\/p>\n<p data-start=\"222\" data-end=\"427\">Ky produkt kombinon p\u00ebrb\u00ebr\u00ebs t\u00eb zgjedhur si <strong data-start=\"266\" data-end=\"351\">magnesium, glycine, L-theanine, 5-HTP, ashwagandha dhe ekstrakte bimore qet\u00ebsuese<\/strong>, t\u00eb cilat punojn\u00eb s\u00eb bashku p\u00ebr t\u00eb qet\u00ebsuar trupin dhe mendjen para gjumit.<\/p>\n<h3 data-section-id=\"1dip94x\" data-start=\"429\" data-end=\"455\">P\u00ebrfitimet kryesore:<\/h3>\n<ul data-start=\"456\" data-end=\"698\">\n<li data-section-id=\"1o9v1vq\" data-start=\"456\" data-end=\"516\">Ndihmon n\u00eb <strong data-start=\"469\" data-end=\"516\">fjetje m\u00eb t\u00eb shpejt\u00eb dhe gjum\u00eb m\u00eb t\u00eb thell\u00eb<\/strong><\/li>\n<li data-section-id=\"1pb96to\" data-start=\"517\" data-end=\"560\">Mb\u00ebshtet <strong data-start=\"528\" data-end=\"560\">relaksimin e sistemit nervor<\/strong><\/li>\n<li data-section-id=\"1eoc5x2\" data-start=\"561\" data-end=\"610\">Redukton <strong data-start=\"572\" data-end=\"610\">stresin dhe tensionin e p\u00ebrditsh\u00ebm<\/strong><\/li>\n<li data-section-id=\"ue0joe\" data-start=\"611\" data-end=\"668\">P\u00ebrmir\u00ebson <strong data-start=\"624\" data-end=\"668\">rikuperimin fizik dhe mendor gjat\u00eb nat\u00ebs<\/strong><\/li>\n<li data-section-id=\"12oqhod\" data-start=\"669\" data-end=\"698\">Formul\u00eb natyrale, pa var\u00ebsi<\/li>\n<\/ul>\n<h3 data-section-id=\"1qn5906\" data-start=\"830\" data-end=\"847\">\u00a0P\u00ebrdorimi:<\/h3>\n<p data-start=\"848\" data-end=\"933\">Merrni 1 porcion (ose sipas udh\u00ebzimit n\u00eb paketim) rreth <strong data-start=\"904\" data-end=\"932\">30\u201360 minuta para gjumit<\/strong>.<\/p>\n","protected":false},"excerpt":{"rendered":"<p>Sleep Support nga Applied Nutrition \u00ebsht\u00eb nj\u00eb suplement i avancuar i formuluar p\u00ebr t\u00eb ndihmuar relaksimin, p\u00ebrmir\u00ebsimin e cil\u00ebsis\u00eb s\u00eb gjumit dhe rikuperimin natyral gjat\u00eb nat\u00ebs. Ky produkt kombinon p\u00ebrb\u00ebr\u00ebs t\u00eb zgjedhur si magnesium, glycine, L-theanine, 5-HTP, ashwagandha dhe ekstrakte bimore qet\u00ebsuese, t\u00eb cilat punojn\u00eb s\u00eb bashku p\u00ebr t\u00eb qet\u00ebsuar trupin dhe mendjen para gjumit. [&hellip;]<\/p>\n","protected":false},"featured_media":9832,"comment_status":"open","ping_status":"closed","template":"","meta":{"site-sidebar-layout":"default","site-content-layout":"","ast-site-content-layout":"default","site-content-style":"default","site-sidebar-style":"default","ast-global-header-display":"","ast-banner-title-visibility":"","ast-main-header-display":"","ast-hfb-above-header-display":"","ast-hfb-below-header-display":"","ast-hfb-mobile-header-display":"","site-post-title":"","ast-breadcrumbs-content":"","ast-featured-img":"","footer-sml-layout":"","ast-disable-related-posts":"","theme-transparent-header-meta":"default","adv-header-id-meta":"","stick-header-meta":"","header-above-stick-meta":"","header-main-stick-meta":"","header-below-stick-meta":"","astra-migrate-meta-layouts":"set","ast-page-background-enabled":"default","ast-page-background-meta":{"desktop":{"background-color":"","background-image":"","background-repeat":"repeat","background-position":"center center","background-size":"auto","background-attachment":"scroll","background-type":"","background-media":"","overlay-type":"","overlay-color":"","overlay-opacity":"","overlay-gradient":""},"tablet":{"background-color":"","background-image":"","background-repeat":"repeat","background-position":"center center","background-size":"auto","background-attachment":"scroll","background-type":"","background-media":"","overlay-type":"","overlay-color":"","overlay-opacity":"","overlay-gradient":""},"mobile":{"background-color":"","background-image":"","background-repeat":"repeat","background-position":"center center","background-size":"auto","background-attachment":"scroll","background-type":"","background-media":"","overlay-type":"","overlay-color":"","overlay-opacity":"","overlay-gradient":""}},"ast-content-background-meta":{"desktop":{"background-color":"var(--ast-global-color-5)","background-image":"","background-repeat":"repeat","background-position":"center center","background-size":"auto","background-attachment":"scroll","background-type":"","background-media":"","overlay-type":"","overlay-color":"","overlay-opacity":"","overlay-gradient":""},"tablet":{"background-color":"var(--ast-global-color-5)","background-image":"","background-repeat":"repeat","background-position":"center center","background-size":"auto","background-attachment":"scroll","background-type":"","background-media":"","overlay-type":"","overlay-color":"","overlay-opacity":"","overlay-gradient":""},"mobile":{"background-color":"var(--ast-global-color-5)","background-image":"","background-repeat":"repeat","background-position":"center center","background-size":"auto","background-attachment":"scroll","background-type":"","background-media":"","overlay-type":"","overlay-color":"","overlay-opacity":"","overlay-gradient":""}}},"product_brand":[],"product_cat":[34],"product_tag":[],"class_list":{"0":"post-9830","1":"product","2":"type-product","3":"status-publish","4":"has-post-thumbnail","6":"product_cat-metabolizem","7":"desktop-align-center","8":"tablet-align-center","9":"mobile-align-center","11":"first","12":"instock","13":"shipping-taxable","14":"purchasable","15":"product-type-simple"},"_links":{"self":[{"href":"https:\/\/musclegainalbania.com\/index.php?rest_route=\/wp\/v2\/product\/9830","targetHints":{"allow":["GET"]}}],"collection":[{"href":"https:\/\/musclegainalbania.com\/index.php?rest_route=\/wp\/v2\/product"}],"about":[{"href":"https:\/\/musclegainalbania.com\/index.php?rest_route=\/wp\/v2\/types\/product"}],"replies":[{"embeddable":true,"href":"https:\/\/musclegainalbania.com\/index.php?rest_route=%2Fwp%2Fv2%2Fcomments&post=9830"}],"wp:featuredmedia":[{"embeddable":true,"href":"https:\/\/musclegainalbania.com\/index.php?rest_route=\/wp\/v2\/media\/9832"}],"wp:attachment":[{"href":"https:\/\/musclegainalbania.com\/index.php?rest_route=%2Fwp%2Fv2%2Fmedia&parent=9830"}],"wp:term":[{"taxonomy":"product_brand","embeddable":true,"href":"https:\/\/musclegainalbania.com\/index.php?rest_route=%2Fwp%2Fv2%2Fproduct_brand&post=9830"},{"taxonomy":"product_cat","embeddable":true,"href":"https:\/\/musclegainalbania.com\/index.php?rest_route=%2Fwp%2Fv2%2Fproduct_cat&post=9830"},{"taxonomy":"product_tag","embeddable":true,"href":"https:\/\/musclegainalbania.com\/index.php?rest_route=%2Fwp%2Fv2%2Fproduct_tag&post=9830"}],"curies":[{"name":"wp","href":"https:\/\/api.w.org\/{rel}","templated":true}]}}