{"id":9827,"date":"2026-04-30T17:29:46","date_gmt":"2026-04-30T17:29:46","guid":{"rendered":"https:\/\/papayawhip-oyster-671994.hostingersite.com\/?post_type=product&#038;p=9827"},"modified":"2026-04-30T17:29:46","modified_gmt":"2026-04-30T17:29:46","slug":"applied-nutrition-zinc-capsules","status":"publish","type":"product","link":"https:\/\/musclegainalbania.com\/?product=applied-nutrition-zinc-capsules","title":{"rendered":"Applied Nutrition Zinc  Capsules"},"content":{"rendered":"<p data-start=\"30\" data-end=\"206\">Zinc nga Applied Nutrition \u00ebsht\u00eb nj\u00eb suplement esencial mineral i formuluar p\u00ebr t\u00eb mb\u00ebshtetur <strong data-start=\"124\" data-end=\"205\">sistemin imunitar, metabolizmin normal dhe sh\u00ebndetin e p\u00ebrgjithsh\u00ebm t\u00eb trupit<\/strong>.<\/p>\n<p data-start=\"208\" data-end=\"372\">Ai p\u00ebrmban <strong data-start=\"219\" data-end=\"281\">zinc t\u00eb form\u00ebs s\u00eb leht\u00eb p\u00ebr t\u2019u p\u00ebrthithur (chelated zinc)<\/strong>, shpesh i kombinuar me Vitamin\u00eb C p\u00ebr mb\u00ebshtetje shtes\u00eb t\u00eb imunitetit dhe antioksidant\u00ebve.<\/p>\n<h3 data-section-id=\"1dip94x\" data-start=\"374\" data-end=\"400\">P\u00ebrfitimet kryesore:<\/h3>\n<ul data-start=\"401\" data-end=\"690\">\n<li data-section-id=\"1isvqi5\" data-start=\"401\" data-end=\"454\">Mb\u00ebshtet <strong data-start=\"412\" data-end=\"454\">funksionin normal t\u00eb sistemit imunitar<\/strong><\/li>\n<li data-section-id=\"ck1hnx\" data-start=\"455\" data-end=\"526\">Ndihmon n\u00eb <strong data-start=\"468\" data-end=\"526\">metabolizmin e proteinave, yndyrave dhe karbohidrateve<\/strong><\/li>\n<li data-section-id=\"1s51mb\" data-start=\"527\" data-end=\"587\">Kontribuon n\u00eb <strong data-start=\"543\" data-end=\"587\">sh\u00ebndetin e l\u00ebkur\u00ebs, flok\u00ebve dhe thonjve<\/strong><\/li>\n<li data-section-id=\"8i0krt\" data-start=\"588\" data-end=\"646\">Ndihmon n\u00eb <strong data-start=\"601\" data-end=\"646\">mbrojtjen e qelizave nga stresi oksidativ<\/strong><\/li>\n<li data-section-id=\"177gs8w\" data-start=\"647\" data-end=\"690\">I p\u00ebrshtatsh\u00ebm p\u00ebr p\u00ebrdorim t\u00eb p\u00ebrditsh\u00ebm<\/li>\n<\/ul>\n<h3 data-section-id=\"1qn5906\" data-start=\"692\" data-end=\"709\">P\u00ebrdorimi:<\/h3>\n<p data-start=\"710\" data-end=\"778\">Merrni 1 tablet\u00eb n\u00eb dit\u00eb me ushqim, ose sipas udh\u00ebzimeve n\u00eb paketim.<\/p>\n","protected":false},"excerpt":{"rendered":"<p>Zinc nga Applied Nutrition \u00ebsht\u00eb nj\u00eb suplement esencial mineral i formuluar p\u00ebr t\u00eb mb\u00ebshtetur sistemin imunitar, metabolizmin normal dhe sh\u00ebndetin e p\u00ebrgjithsh\u00ebm t\u00eb trupit. Ai p\u00ebrmban zinc t\u00eb form\u00ebs s\u00eb leht\u00eb p\u00ebr t\u2019u p\u00ebrthithur (chelated zinc), shpesh i kombinuar me Vitamin\u00eb C p\u00ebr mb\u00ebshtetje shtes\u00eb t\u00eb imunitetit dhe antioksidant\u00ebve. P\u00ebrfitimet kryesore: Mb\u00ebshtet funksionin normal t\u00eb [&hellip;]<\/p>\n","protected":false},"featured_media":9829,"comment_status":"open","ping_status":"closed","template":"","meta":{"site-sidebar-layout":"default","site-content-layout":"","ast-site-content-layout":"default","site-content-style":"default","site-sidebar-style":"default","ast-global-header-display":"","ast-banner-title-visibility":"","ast-main-header-display":"","ast-hfb-above-header-display":"","ast-hfb-below-header-display":"","ast-hfb-mobile-header-display":"","site-post-title":"","ast-breadcrumbs-content":"","ast-featured-img":"","footer-sml-layout":"","ast-disable-related-posts":"","theme-transparent-header-meta":"default","adv-header-id-meta":"","stick-header-meta":"","header-above-stick-meta":"","header-main-stick-meta":"","header-below-stick-meta":"","astra-migrate-meta-layouts":"set","ast-page-background-enabled":"default","ast-page-background-meta":{"desktop":{"background-color":"","background-image":"","background-repeat":"repeat","background-position":"center center","background-size":"auto","background-attachment":"scroll","background-type":"","background-media":"","overlay-type":"","overlay-color":"","overlay-opacity":"","overlay-gradient":""},"tablet":{"background-color":"","background-image":"","background-repeat":"repeat","background-position":"center center","background-size":"auto","background-attachment":"scroll","background-type":"","background-media":"","overlay-type":"","overlay-color":"","overlay-opacity":"","overlay-gradient":""},"mobile":{"background-color":"","background-image":"","background-repeat":"repeat","background-position":"center center","background-size":"auto","background-attachment":"scroll","background-type":"","background-media":"","overlay-type":"","overlay-color":"","overlay-opacity":"","overlay-gradient":""}},"ast-content-background-meta":{"desktop":{"background-color":"var(--ast-global-color-5)","background-image":"","background-repeat":"repeat","background-position":"center center","background-size":"auto","background-attachment":"scroll","background-type":"","background-media":"","overlay-type":"","overlay-color":"","overlay-opacity":"","overlay-gradient":""},"tablet":{"background-color":"var(--ast-global-color-5)","background-image":"","background-repeat":"repeat","background-position":"center center","background-size":"auto","background-attachment":"scroll","background-type":"","background-media":"","overlay-type":"","overlay-color":"","overlay-opacity":"","overlay-gradient":""},"mobile":{"background-color":"var(--ast-global-color-5)","background-image":"","background-repeat":"repeat","background-position":"center center","background-size":"auto","background-attachment":"scroll","background-type":"","background-media":"","overlay-type":"","overlay-color":"","overlay-opacity":"","overlay-gradient":""}}},"product_brand":[],"product_cat":[34],"product_tag":[],"class_list":{"0":"post-9827","1":"product","2":"type-product","3":"status-publish","4":"has-post-thumbnail","6":"product_cat-metabolizem","7":"desktop-align-center","8":"tablet-align-center","9":"mobile-align-center","11":"first","12":"instock","13":"shipping-taxable","14":"purchasable","15":"product-type-simple"},"_links":{"self":[{"href":"https:\/\/musclegainalbania.com\/index.php?rest_route=\/wp\/v2\/product\/9827","targetHints":{"allow":["GET"]}}],"collection":[{"href":"https:\/\/musclegainalbania.com\/index.php?rest_route=\/wp\/v2\/product"}],"about":[{"href":"https:\/\/musclegainalbania.com\/index.php?rest_route=\/wp\/v2\/types\/product"}],"replies":[{"embeddable":true,"href":"https:\/\/musclegainalbania.com\/index.php?rest_route=%2Fwp%2Fv2%2Fcomments&post=9827"}],"wp:featuredmedia":[{"embeddable":true,"href":"https:\/\/musclegainalbania.com\/index.php?rest_route=\/wp\/v2\/media\/9829"}],"wp:attachment":[{"href":"https:\/\/musclegainalbania.com\/index.php?rest_route=%2Fwp%2Fv2%2Fmedia&parent=9827"}],"wp:term":[{"taxonomy":"product_brand","embeddable":true,"href":"https:\/\/musclegainalbania.com\/index.php?rest_route=%2Fwp%2Fv2%2Fproduct_brand&post=9827"},{"taxonomy":"product_cat","embeddable":true,"href":"https:\/\/musclegainalbania.com\/index.php?rest_route=%2Fwp%2Fv2%2Fproduct_cat&post=9827"},{"taxonomy":"product_tag","embeddable":true,"href":"https:\/\/musclegainalbania.com\/index.php?rest_route=%2Fwp%2Fv2%2Fproduct_tag&post=9827"}],"curies":[{"name":"wp","href":"https:\/\/api.w.org\/{rel}","templated":true}]}}