{"id":9824,"date":"2026-04-30T17:26:48","date_gmt":"2026-04-30T17:26:48","guid":{"rendered":"https:\/\/papayawhip-oyster-671994.hostingersite.com\/?post_type=product&#038;p=9824"},"modified":"2026-05-06T15:25:50","modified_gmt":"2026-05-06T15:25:50","slug":"vitamin-b12-capsules","status":"publish","type":"product","link":"https:\/\/musclegainalbania.com\/?product=vitamin-b12-capsules","title":{"rendered":"Vitamin B12 Capsules"},"content":{"rendered":"<p data-start=\"0\" data-end=\"35\"><strong data-start=\"0\" data-end=\"35\">Vitamin B12 \u2013 Applied Nutrition<\/strong><\/p>\n<p data-start=\"37\" data-end=\"233\">Vitamin B12 nga Applied Nutrition \u00ebsht\u00eb nj\u00eb suplement thelb\u00ebsor i grupit B-kompleks, i formuluar p\u00ebr t\u00eb mb\u00ebshtetur <strong data-start=\"152\" data-end=\"232\">energjin\u00eb, sistemin nervor dhe formimin normal t\u00eb qelizave t\u00eb kuqe t\u00eb gjakut<\/strong>.<\/p>\n<p data-start=\"235\" data-end=\"406\">Ai p\u00ebrmban nj\u00eb doz\u00eb t\u00eb lart\u00eb t\u00eb Vitamin\u00ebs B12 (cyanocobalamin), e cila ndihmon n\u00eb <strong data-start=\"317\" data-end=\"357\">reduktimin e lodhjes dhe plog\u00ebshtis\u00eb<\/strong> dhe n\u00eb p\u00ebrmir\u00ebsimin e metabolizmit t\u00eb energjis\u00eb.<\/p>\n<p data-start=\"235\" data-end=\"406\">\u00a0P\u00ebrfitimet kryesore:<\/p>\n<ul data-start=\"435\" data-end=\"710\">\n<li data-section-id=\"1gxsy0a\" data-start=\"435\" data-end=\"493\">Ndihmon n\u00eb <strong data-start=\"448\" data-end=\"493\">uljen e lodhjes dhe munges\u00ebs s\u00eb energjis\u00eb<\/strong><\/li>\n<li data-section-id=\"1wgwbke\" data-start=\"494\" data-end=\"545\">Mb\u00ebshtet <strong data-start=\"505\" data-end=\"545\">funksionin normal t\u00eb sistemit nervor<\/strong><\/li>\n<li data-section-id=\"ta7bzm\" data-start=\"546\" data-end=\"611\">Kontribuon n\u00eb <strong data-start=\"562\" data-end=\"611\">formimin normal t\u00eb qelizave t\u00eb kuqe t\u00eb gjakut<\/strong><\/li>\n<li data-section-id=\"156of5v\" data-start=\"612\" data-end=\"661\">Ndihmon n\u00eb <strong data-start=\"625\" data-end=\"661\">metabolizmin normal t\u00eb energjis\u00eb<\/strong><\/li>\n<li data-section-id=\"1o2k3hq\" data-start=\"662\" data-end=\"710\">I p\u00ebrshtatsh\u00ebm p\u00ebr <strong data-start=\"683\" data-end=\"710\">vegan\u00eb dhe vegjetarian\u00eb<\/strong><\/li>\n<\/ul>\n<p data-start=\"730\" data-end=\"799\">P\u00ebrdorimi:<\/p>\n<p data-start=\"730\" data-end=\"799\">Merrni 1 tablet\u00eb n\u00eb dit\u00eb me ushqim<\/p>\n","protected":false},"excerpt":{"rendered":"<p>Vitamin B12 \u2013 Applied Nutrition Vitamin B12 nga Applied Nutrition \u00ebsht\u00eb nj\u00eb suplement thelb\u00ebsor i grupit B-kompleks, i formuluar p\u00ebr t\u00eb mb\u00ebshtetur energjin\u00eb, sistemin nervor dhe formimin normal t\u00eb qelizave t\u00eb kuqe t\u00eb gjakut. Ai p\u00ebrmban nj\u00eb doz\u00eb t\u00eb lart\u00eb t\u00eb Vitamin\u00ebs B12 (cyanocobalamin), e cila ndihmon n\u00eb reduktimin e lodhjes dhe plog\u00ebshtis\u00eb dhe n\u00eb [&hellip;]<\/p>\n","protected":false},"featured_media":9826,"comment_status":"open","ping_status":"closed","template":"","meta":{"site-sidebar-layout":"default","site-content-layout":"","ast-site-content-layout":"default","site-content-style":"default","site-sidebar-style":"default","ast-global-header-display":"","ast-banner-title-visibility":"","ast-main-header-display":"","ast-hfb-above-header-display":"","ast-hfb-below-header-display":"","ast-hfb-mobile-header-display":"","site-post-title":"","ast-breadcrumbs-content":"","ast-featured-img":"","footer-sml-layout":"","ast-disable-related-posts":"","theme-transparent-header-meta":"default","adv-header-id-meta":"","stick-header-meta":"","header-above-stick-meta":"","header-main-stick-meta":"","header-below-stick-meta":"","astra-migrate-meta-layouts":"set","ast-page-background-enabled":"default","ast-page-background-meta":{"desktop":{"background-color":"","background-image":"","background-repeat":"repeat","background-position":"center center","background-size":"auto","background-attachment":"scroll","background-type":"","background-media":"","overlay-type":"","overlay-color":"","overlay-opacity":"","overlay-gradient":""},"tablet":{"background-color":"","background-image":"","background-repeat":"repeat","background-position":"center center","background-size":"auto","background-attachment":"scroll","background-type":"","background-media":"","overlay-type":"","overlay-color":"","overlay-opacity":"","overlay-gradient":""},"mobile":{"background-color":"","background-image":"","background-repeat":"repeat","background-position":"center center","background-size":"auto","background-attachment":"scroll","background-type":"","background-media":"","overlay-type":"","overlay-color":"","overlay-opacity":"","overlay-gradient":""}},"ast-content-background-meta":{"desktop":{"background-color":"var(--ast-global-color-5)","background-image":"","background-repeat":"repeat","background-position":"center center","background-size":"auto","background-attachment":"scroll","background-type":"","background-media":"","overlay-type":"","overlay-color":"","overlay-opacity":"","overlay-gradient":""},"tablet":{"background-color":"var(--ast-global-color-5)","background-image":"","background-repeat":"repeat","background-position":"center center","background-size":"auto","background-attachment":"scroll","background-type":"","background-media":"","overlay-type":"","overlay-color":"","overlay-opacity":"","overlay-gradient":""},"mobile":{"background-color":"var(--ast-global-color-5)","background-image":"","background-repeat":"repeat","background-position":"center center","background-size":"auto","background-attachment":"scroll","background-type":"","background-media":"","overlay-type":"","overlay-color":"","overlay-opacity":"","overlay-gradient":""}}},"product_brand":[],"product_cat":[34],"product_tag":[],"class_list":{"0":"post-9824","1":"product","2":"type-product","3":"status-publish","4":"has-post-thumbnail","6":"product_cat-metabolizem","7":"desktop-align-center","8":"tablet-align-center","9":"mobile-align-center","11":"first","12":"instock","13":"shipping-taxable","14":"purchasable","15":"product-type-simple"},"_links":{"self":[{"href":"https:\/\/musclegainalbania.com\/index.php?rest_route=\/wp\/v2\/product\/9824","targetHints":{"allow":["GET"]}}],"collection":[{"href":"https:\/\/musclegainalbania.com\/index.php?rest_route=\/wp\/v2\/product"}],"about":[{"href":"https:\/\/musclegainalbania.com\/index.php?rest_route=\/wp\/v2\/types\/product"}],"replies":[{"embeddable":true,"href":"https:\/\/musclegainalbania.com\/index.php?rest_route=%2Fwp%2Fv2%2Fcomments&post=9824"}],"wp:featuredmedia":[{"embeddable":true,"href":"https:\/\/musclegainalbania.com\/index.php?rest_route=\/wp\/v2\/media\/9826"}],"wp:attachment":[{"href":"https:\/\/musclegainalbania.com\/index.php?rest_route=%2Fwp%2Fv2%2Fmedia&parent=9824"}],"wp:term":[{"taxonomy":"product_brand","embeddable":true,"href":"https:\/\/musclegainalbania.com\/index.php?rest_route=%2Fwp%2Fv2%2Fproduct_brand&post=9824"},{"taxonomy":"product_cat","embeddable":true,"href":"https:\/\/musclegainalbania.com\/index.php?rest_route=%2Fwp%2Fv2%2Fproduct_cat&post=9824"},{"taxonomy":"product_tag","embeddable":true,"href":"https:\/\/musclegainalbania.com\/index.php?rest_route=%2Fwp%2Fv2%2Fproduct_tag&post=9824"}],"curies":[{"name":"wp","href":"https:\/\/api.w.org\/{rel}","templated":true}]}}