{"id":9806,"date":"2026-04-30T17:09:46","date_gmt":"2026-04-30T17:09:46","guid":{"rendered":"https:\/\/papayawhip-oyster-671994.hostingersite.com\/?post_type=product&#038;p=9806"},"modified":"2026-04-30T17:13:46","modified_gmt":"2026-04-30T17:13:46","slug":"multi-vitamin-complex","status":"publish","type":"product","link":"https:\/\/musclegainalbania.com\/?product=multi-vitamin-complex","title":{"rendered":"Multi-Vitamin Complex"},"content":{"rendered":"<p data-start=\"95\" data-end=\"139\"><strong data-start=\"95\" data-end=\"139\">Multivitamin Complex \u2013 Applied Nutrition<\/strong><\/p>\n<p data-start=\"141\" data-end=\"379\">Mb\u00ebshtet sh\u00ebndetin dhe performanc\u00ebn t\u00ebnde \u00e7do dit\u00eb me <em data-start=\"195\" data-end=\"217\">Multivitamin Complex<\/em> nga <strong data-start=\"222\" data-end=\"263\"><span class=\"hover:entity-accent entity-underline inline cursor-pointer align-baseline\"><span class=\"whitespace-normal\">Applied Nutrition<\/span><\/span><\/strong>, nj\u00eb formul\u00eb e plot\u00eb q\u00eb p\u00ebrmban mbi <strong data-start=\"300\" data-end=\"355\">30 vitamina, minerale, probiotik\u00eb dhe antioksidant\u00eb<\/strong> p\u00ebr mir\u00ebqenie optimale.<\/p>\n<p data-start=\"381\" data-end=\"631\">Ky kompleks \u00ebsht\u00eb krijuar p\u00ebr t\u00eb ndihmuar funksionimin normal t\u00eb sistemit imunitar, sistemit nervor dhe performanc\u00ebn fizike dhe mendore, duke e b\u00ebr\u00eb ideal si p\u00ebr sportist\u00eb ashtu edhe p\u00ebr p\u00ebrdorim t\u00eb p\u00ebrditsh\u00ebm.<\/p>\n<p data-start=\"633\" data-end=\"814\">Fal\u00eb p\u00ebrb\u00ebr\u00ebsve me <strong data-start=\"652\" data-end=\"683\">bio-disponueshm\u00ebri t\u00eb lart\u00eb<\/strong>, trupi p\u00ebrthith maksimalisht \u00e7do nutrient p\u00ebr energji, vitalitet dhe rikuperim m\u00eb t\u00eb mir\u00eb.<\/p>\n<p data-start=\"816\" data-end=\"1092\">\u2714 30+ vitamina, minerale dhe antioksidant\u00eb<br data-start=\"858\" data-end=\"861\" \/>\u2714 Mb\u00ebshtet sistemin imunitar dhe energjin\u00eb ditore<br data-start=\"910\" data-end=\"913\" \/>\u2714 P\u00ebrmir\u00ebson funksionin kognitiv dhe muskulor<br data-start=\"958\" data-end=\"961\" \/>\u2714 Ndihmon n\u00eb reduktimin e lodhjes<br data-start=\"994\" data-end=\"997\" \/>\u2714 Kapsula vegjetariane (e p\u00ebrshtatshme p\u00ebr dieta t\u00eb ndryshme)<br data-start=\"1058\" data-end=\"1061\" \/>\u2714 Produkt i certifikuar Halal<\/p>\n<p data-start=\"1094\" data-end=\"1210\"><strong data-start=\"1094\" data-end=\"1108\">P\u00ebrdorimi:<\/strong> Konsumo <strong data-start=\"1117\" data-end=\"1146\">1 kapsul\u00eb, 3 her\u00eb n\u00eb dit\u00eb<\/strong> gjat\u00eb vakteve kryesore.<\/p>\n","protected":false},"excerpt":{"rendered":"<p>Multivitamin Complex \u2013 Applied Nutrition Mb\u00ebshtet sh\u00ebndetin dhe performanc\u00ebn t\u00ebnde \u00e7do dit\u00eb me Multivitamin Complex nga Applied Nutrition, nj\u00eb formul\u00eb e plot\u00eb q\u00eb p\u00ebrmban mbi 30 vitamina, minerale, probiotik\u00eb dhe antioksidant\u00eb p\u00ebr mir\u00ebqenie optimale. Ky kompleks \u00ebsht\u00eb krijuar p\u00ebr t\u00eb ndihmuar funksionimin normal t\u00eb sistemit imunitar, sistemit nervor dhe performanc\u00ebn fizike dhe mendore, duke e [&hellip;]<\/p>\n","protected":false},"featured_media":9807,"comment_status":"open","ping_status":"closed","template":"","meta":{"site-sidebar-layout":"default","site-content-layout":"","ast-site-content-layout":"default","site-content-style":"default","site-sidebar-style":"default","ast-global-header-display":"","ast-banner-title-visibility":"","ast-main-header-display":"","ast-hfb-above-header-display":"","ast-hfb-below-header-display":"","ast-hfb-mobile-header-display":"","site-post-title":"","ast-breadcrumbs-content":"","ast-featured-img":"","footer-sml-layout":"","ast-disable-related-posts":"","theme-transparent-header-meta":"default","adv-header-id-meta":"","stick-header-meta":"","header-above-stick-meta":"","header-main-stick-meta":"","header-below-stick-meta":"","astra-migrate-meta-layouts":"set","ast-page-background-enabled":"default","ast-page-background-meta":{"desktop":{"background-color":"","background-image":"","background-repeat":"repeat","background-position":"center center","background-size":"auto","background-attachment":"scroll","background-type":"","background-media":"","overlay-type":"","overlay-color":"","overlay-opacity":"","overlay-gradient":""},"tablet":{"background-color":"","background-image":"","background-repeat":"repeat","background-position":"center center","background-size":"auto","background-attachment":"scroll","background-type":"","background-media":"","overlay-type":"","overlay-color":"","overlay-opacity":"","overlay-gradient":""},"mobile":{"background-color":"","background-image":"","background-repeat":"repeat","background-position":"center center","background-size":"auto","background-attachment":"scroll","background-type":"","background-media":"","overlay-type":"","overlay-color":"","overlay-opacity":"","overlay-gradient":""}},"ast-content-background-meta":{"desktop":{"background-color":"var(--ast-global-color-5)","background-image":"","background-repeat":"repeat","background-position":"center center","background-size":"auto","background-attachment":"scroll","background-type":"","background-media":"","overlay-type":"","overlay-color":"","overlay-opacity":"","overlay-gradient":""},"tablet":{"background-color":"var(--ast-global-color-5)","background-image":"","background-repeat":"repeat","background-position":"center center","background-size":"auto","background-attachment":"scroll","background-type":"","background-media":"","overlay-type":"","overlay-color":"","overlay-opacity":"","overlay-gradient":""},"mobile":{"background-color":"var(--ast-global-color-5)","background-image":"","background-repeat":"repeat","background-position":"center center","background-size":"auto","background-attachment":"scroll","background-type":"","background-media":"","overlay-type":"","overlay-color":"","overlay-opacity":"","overlay-gradient":""}}},"product_brand":[],"product_cat":[34],"product_tag":[],"class_list":{"0":"post-9806","1":"product","2":"type-product","3":"status-publish","4":"has-post-thumbnail","6":"product_cat-metabolizem","7":"desktop-align-center","8":"tablet-align-center","9":"mobile-align-center","11":"first","12":"instock","13":"shipping-taxable","14":"purchasable","15":"product-type-simple"},"_links":{"self":[{"href":"https:\/\/musclegainalbania.com\/index.php?rest_route=\/wp\/v2\/product\/9806","targetHints":{"allow":["GET"]}}],"collection":[{"href":"https:\/\/musclegainalbania.com\/index.php?rest_route=\/wp\/v2\/product"}],"about":[{"href":"https:\/\/musclegainalbania.com\/index.php?rest_route=\/wp\/v2\/types\/product"}],"replies":[{"embeddable":true,"href":"https:\/\/musclegainalbania.com\/index.php?rest_route=%2Fwp%2Fv2%2Fcomments&post=9806"}],"wp:featuredmedia":[{"embeddable":true,"href":"https:\/\/musclegainalbania.com\/index.php?rest_route=\/wp\/v2\/media\/9807"}],"wp:attachment":[{"href":"https:\/\/musclegainalbania.com\/index.php?rest_route=%2Fwp%2Fv2%2Fmedia&parent=9806"}],"wp:term":[{"taxonomy":"product_brand","embeddable":true,"href":"https:\/\/musclegainalbania.com\/index.php?rest_route=%2Fwp%2Fv2%2Fproduct_brand&post=9806"},{"taxonomy":"product_cat","embeddable":true,"href":"https:\/\/musclegainalbania.com\/index.php?rest_route=%2Fwp%2Fv2%2Fproduct_cat&post=9806"},{"taxonomy":"product_tag","embeddable":true,"href":"https:\/\/musclegainalbania.com\/index.php?rest_route=%2Fwp%2Fv2%2Fproduct_tag&post=9806"}],"curies":[{"name":"wp","href":"https:\/\/api.w.org\/{rel}","templated":true}]}}