{"id":9770,"date":"2026-04-29T11:34:31","date_gmt":"2026-04-29T11:34:31","guid":{"rendered":"https:\/\/papayawhip-oyster-671994.hostingersite.com\/?post_type=product&#038;p=9770"},"modified":"2026-04-29T11:34:31","modified_gmt":"2026-04-29T11:34:31","slug":"abe-preworkout-30-servings","status":"publish","type":"product","link":"https:\/\/musclegainalbania.com\/?product=abe-preworkout-30-servings","title":{"rendered":"ABE Preworkout 30 Servings"},"content":{"rendered":"<p>ABE Pre-Workout \u2013 Energjia q\u00eb t\u00eb \u00e7on n\u00eb nivel tjet\u00ebr<\/p>\n<p>ABE nga Applied Nutrition \u00ebsht\u00eb formula perfekte p\u00ebr t\u00eb rritur performanc\u00ebn n\u00eb st\u00ebrvitje. I dizenjuar p\u00ebr fokus maksimal, energji t\u00eb menj\u00ebhershme dhe pomp\u00eb muskulare, ky pre-workout \u00ebsht\u00eb zgjedhja ideale p\u00ebr \u00e7do sportist q\u00eb k\u00ebrkon rezultate reale.<\/p>\n<p>*Rrit energjin\u00eb dhe q\u00ebndrueshm\u00ebrin\u00eb<br \/>\n* P\u00ebrmir\u00ebson fokusin dhe p\u00ebrqendrimin<br \/>\n*Mb\u00ebshtet performanc\u00ebn dhe fuqin\u00eb<br \/>\n* Jep \u201cpump\u201d m\u00eb t\u00eb fort\u00eb gjat\u00eb st\u00ebrvitjes<\/p>\n<p>P\u00ebrdorimi:<br \/>\nP\u00ebrziej 1 scoop (rreth 10g) me 250-300 ml uj\u00eb dhe konsumoje 15-30 minuta para st\u00ebrvitjes.<br \/>\nMos e tejkalo doz\u00ebn ditore t\u00eb rekomanduar.<\/p>\n","protected":false},"excerpt":{"rendered":"<p>ABE Pre-Workout \u2013 Energjia q\u00eb t\u00eb \u00e7on n\u00eb nivel tjet\u00ebr ABE nga Applied Nutrition \u00ebsht\u00eb formula perfekte p\u00ebr t\u00eb rritur performanc\u00ebn n\u00eb st\u00ebrvitje. I dizenjuar p\u00ebr fokus maksimal, energji t\u00eb menj\u00ebhershme dhe pomp\u00eb muskulare, ky pre-workout \u00ebsht\u00eb zgjedhja ideale p\u00ebr \u00e7do sportist q\u00eb k\u00ebrkon rezultate reale. *Rrit energjin\u00eb dhe q\u00ebndrueshm\u00ebrin\u00eb * P\u00ebrmir\u00ebson fokusin dhe p\u00ebrqendrimin [&hellip;]<\/p>\n","protected":false},"featured_media":9775,"comment_status":"open","ping_status":"closed","template":"","meta":{"site-sidebar-layout":"default","site-content-layout":"","ast-site-content-layout":"default","site-content-style":"default","site-sidebar-style":"default","ast-global-header-display":"","ast-banner-title-visibility":"","ast-main-header-display":"","ast-hfb-above-header-display":"","ast-hfb-below-header-display":"","ast-hfb-mobile-header-display":"","site-post-title":"","ast-breadcrumbs-content":"","ast-featured-img":"","footer-sml-layout":"","ast-disable-related-posts":"","theme-transparent-header-meta":"default","adv-header-id-meta":"","stick-header-meta":"","header-above-stick-meta":"","header-main-stick-meta":"","header-below-stick-meta":"","astra-migrate-meta-layouts":"set","ast-page-background-enabled":"default","ast-page-background-meta":{"desktop":{"background-color":"","background-image":"","background-repeat":"repeat","background-position":"center center","background-size":"auto","background-attachment":"scroll","background-type":"","background-media":"","overlay-type":"","overlay-color":"","overlay-opacity":"","overlay-gradient":""},"tablet":{"background-color":"","background-image":"","background-repeat":"repeat","background-position":"center center","background-size":"auto","background-attachment":"scroll","background-type":"","background-media":"","overlay-type":"","overlay-color":"","overlay-opacity":"","overlay-gradient":""},"mobile":{"background-color":"","background-image":"","background-repeat":"repeat","background-position":"center center","background-size":"auto","background-attachment":"scroll","background-type":"","background-media":"","overlay-type":"","overlay-color":"","overlay-opacity":"","overlay-gradient":""}},"ast-content-background-meta":{"desktop":{"background-color":"var(--ast-global-color-5)","background-image":"","background-repeat":"repeat","background-position":"center center","background-size":"auto","background-attachment":"scroll","background-type":"","background-media":"","overlay-type":"","overlay-color":"","overlay-opacity":"","overlay-gradient":""},"tablet":{"background-color":"var(--ast-global-color-5)","background-image":"","background-repeat":"repeat","background-position":"center center","background-size":"auto","background-attachment":"scroll","background-type":"","background-media":"","overlay-type":"","overlay-color":"","overlay-opacity":"","overlay-gradient":""},"mobile":{"background-color":"var(--ast-global-color-5)","background-image":"","background-repeat":"repeat","background-position":"center center","background-size":"auto","background-attachment":"scroll","background-type":"","background-media":"","overlay-type":"","overlay-color":"","overlay-opacity":"","overlay-gradient":""}}},"product_brand":[],"product_cat":[34],"product_tag":[],"class_list":{"0":"post-9770","1":"product","2":"type-product","3":"status-publish","4":"has-post-thumbnail","6":"product_cat-metabolizem","7":"desktop-align-center","8":"tablet-align-center","9":"mobile-align-center","11":"first","12":"instock","13":"shipping-taxable","14":"purchasable","15":"product-type-variable"},"_links":{"self":[{"href":"https:\/\/musclegainalbania.com\/index.php?rest_route=\/wp\/v2\/product\/9770","targetHints":{"allow":["GET"]}}],"collection":[{"href":"https:\/\/musclegainalbania.com\/index.php?rest_route=\/wp\/v2\/product"}],"about":[{"href":"https:\/\/musclegainalbania.com\/index.php?rest_route=\/wp\/v2\/types\/product"}],"replies":[{"embeddable":true,"href":"https:\/\/musclegainalbania.com\/index.php?rest_route=%2Fwp%2Fv2%2Fcomments&post=9770"}],"wp:featuredmedia":[{"embeddable":true,"href":"https:\/\/musclegainalbania.com\/index.php?rest_route=\/wp\/v2\/media\/9775"}],"wp:attachment":[{"href":"https:\/\/musclegainalbania.com\/index.php?rest_route=%2Fwp%2Fv2%2Fmedia&parent=9770"}],"wp:term":[{"taxonomy":"product_brand","embeddable":true,"href":"https:\/\/musclegainalbania.com\/index.php?rest_route=%2Fwp%2Fv2%2Fproduct_brand&post=9770"},{"taxonomy":"product_cat","embeddable":true,"href":"https:\/\/musclegainalbania.com\/index.php?rest_route=%2Fwp%2Fv2%2Fproduct_cat&post=9770"},{"taxonomy":"product_tag","embeddable":true,"href":"https:\/\/musclegainalbania.com\/index.php?rest_route=%2Fwp%2Fv2%2Fproduct_tag&post=9770"}],"curies":[{"name":"wp","href":"https:\/\/api.w.org\/{rel}","templated":true}]}}