{"id":9765,"date":"2026-04-29T11:01:42","date_gmt":"2026-04-29T11:01:42","guid":{"rendered":"https:\/\/papayawhip-oyster-671994.hostingersite.com\/?post_type=product&#038;p=9765"},"modified":"2026-04-29T11:06:17","modified_gmt":"2026-04-29T11:06:17","slug":"yava-labs-creapure-500g-unflavoured","status":"publish","type":"product","link":"https:\/\/musclegainalbania.com\/?product=yava-labs-creapure-500g-unflavoured","title":{"rendered":"Yava Labs CreaPure 500g Unflavoured"},"content":{"rendered":"<p data-start=\"0\" data-end=\"282\">Yava Labs Creapure\u00ae Creatine Monohydrate \u00ebsht\u00eb nj\u00eb suplement ushqimor i krijuar p\u00ebr ata q\u00eb duan t\u00eb st\u00ebrviten n\u00eb nivelin m\u00eb t\u00eb lart\u00eb. Creapure\u00ae \u00ebsht\u00eb forma m\u00eb e past\u00ebr dhe m\u00eb e studiuar e kreatin\u00ebs monohidrat n\u00eb bot\u00eb, e prodhuar n\u00eb Gjermani sipas standardeve m\u00eb t\u00eb larta t\u00eb cil\u00ebsis\u00eb.<\/p>\n<p data-start=\"284\" data-end=\"326\"><strong data-start=\"284\" data-end=\"324\">Pse t\u00eb zgjidhni Yava Labs Creapure\u00ae?<\/strong><\/p>\n<ul data-start=\"327\" data-end=\"880\">\n<li data-section-id=\"usq5mc\" data-start=\"327\" data-end=\"413\">100% kreatin\u00eb monohidrat e past\u00ebr \u2013 pa aditiv\u00eb, mbush\u00ebs apo substanca artificiale.<\/li>\n<li data-section-id=\"1b2azd0\" data-start=\"414\" data-end=\"514\">Mb\u00ebshtetje p\u00ebr forc\u00ebn dhe fuqin\u00eb \u2013 ideale p\u00ebr sporte force, sprint dhe st\u00ebrvitje q\u00ebndrueshm\u00ebrie.<\/li>\n<li data-section-id=\"avdm3h\" data-start=\"515\" data-end=\"636\">Rikuperim m\u00eb i shpejt\u00eb \u2013 ndihmon n\u00eb uljen e koh\u00ebs q\u00eb muskujt kan\u00eb nevoj\u00eb p\u00ebr t\u2019u rikuperuar pas ushtrimeve intensive.<\/li>\n<li data-section-id=\"1k4x0rq\" data-start=\"637\" data-end=\"737\">Siguri dhe cil\u00ebsi \u2013 Creapure\u00ae \u00ebsht\u00eb nj\u00eb standard cil\u00ebsie i konfirmuar nga teste dhe certifikata.<\/li>\n<li data-section-id=\"xhr1qc\" data-start=\"738\" data-end=\"880\">I besuar nga kampion\u00ebt \u2013 suplementi i zgjedhur nga atlet\u00eb t\u00eb nivelit t\u00eb lart\u00eb, p\u00ebrfshir\u00eb kampionin 2 her\u00eb Mr. Olympia Classic, Breon Ansley.<\/li>\n<\/ul>\n<p data-start=\"882\" data-end=\"907\"><strong data-start=\"882\" data-end=\"905\">P\u00ebrb\u00ebrja dhe dozimi<\/strong><\/p>\n<ul data-start=\"908\" data-end=\"1137\" data-is-last-node=\"\" data-is-only-node=\"\">\n<li data-section-id=\"1ud8vin\" data-start=\"908\" data-end=\"941\">Porcioni: 5 g (1 lug\u00eb mat\u00ebse)<\/li>\n<li data-section-id=\"clvn2n\" data-start=\"942\" data-end=\"993\">P\u00ebrb\u00ebr\u00ebsit: 100% Creapure\u00ae Creatine Monohydrate<\/li>\n<li data-section-id=\"axn7x1\" data-start=\"994\" data-end=\"1028\">Paketimi: 500 g (100 porcione)<\/li>\n<li data-section-id=\"1owde2\" data-start=\"1029\" data-end=\"1137\" data-is-last-node=\"\">P\u00ebrdorimi i rekomanduar: 3\u20135 g n\u00eb dit\u00eb, preferohet pas st\u00ebrvitjes ose n\u00eb nj\u00eb orar t\u00eb rregullt gjat\u00eb dit\u00ebs.<\/li>\n<\/ul>\n","protected":false},"excerpt":{"rendered":"<p>Yava Labs Creapure\u00ae Creatine Monohydrate \u00ebsht\u00eb nj\u00eb suplement ushqimor i krijuar p\u00ebr ata q\u00eb duan t\u00eb st\u00ebrviten n\u00eb nivelin m\u00eb t\u00eb lart\u00eb. Creapure\u00ae \u00ebsht\u00eb forma m\u00eb e past\u00ebr dhe m\u00eb e studiuar e kreatin\u00ebs monohidrat n\u00eb bot\u00eb, e prodhuar n\u00eb Gjermani sipas standardeve m\u00eb t\u00eb larta t\u00eb cil\u00ebsis\u00eb. Pse t\u00eb zgjidhni Yava Labs Creapure\u00ae? 100% [&hellip;]<\/p>\n","protected":false},"featured_media":9769,"comment_status":"open","ping_status":"closed","template":"","meta":{"site-sidebar-layout":"default","site-content-layout":"","ast-site-content-layout":"default","site-content-style":"default","site-sidebar-style":"default","ast-global-header-display":"","ast-banner-title-visibility":"","ast-main-header-display":"","ast-hfb-above-header-display":"","ast-hfb-below-header-display":"","ast-hfb-mobile-header-display":"","site-post-title":"","ast-breadcrumbs-content":"","ast-featured-img":"","footer-sml-layout":"","ast-disable-related-posts":"","theme-transparent-header-meta":"default","adv-header-id-meta":"","stick-header-meta":"","header-above-stick-meta":"","header-main-stick-meta":"","header-below-stick-meta":"","astra-migrate-meta-layouts":"set","ast-page-background-enabled":"default","ast-page-background-meta":{"desktop":{"background-color":"","background-image":"","background-repeat":"repeat","background-position":"center center","background-size":"auto","background-attachment":"scroll","background-type":"","background-media":"","overlay-type":"","overlay-color":"","overlay-opacity":"","overlay-gradient":""},"tablet":{"background-color":"","background-image":"","background-repeat":"repeat","background-position":"center center","background-size":"auto","background-attachment":"scroll","background-type":"","background-media":"","overlay-type":"","overlay-color":"","overlay-opacity":"","overlay-gradient":""},"mobile":{"background-color":"","background-image":"","background-repeat":"repeat","background-position":"center center","background-size":"auto","background-attachment":"scroll","background-type":"","background-media":"","overlay-type":"","overlay-color":"","overlay-opacity":"","overlay-gradient":""}},"ast-content-background-meta":{"desktop":{"background-color":"var(--ast-global-color-5)","background-image":"","background-repeat":"repeat","background-position":"center center","background-size":"auto","background-attachment":"scroll","background-type":"","background-media":"","overlay-type":"","overlay-color":"","overlay-opacity":"","overlay-gradient":""},"tablet":{"background-color":"var(--ast-global-color-5)","background-image":"","background-repeat":"repeat","background-position":"center center","background-size":"auto","background-attachment":"scroll","background-type":"","background-media":"","overlay-type":"","overlay-color":"","overlay-opacity":"","overlay-gradient":""},"mobile":{"background-color":"var(--ast-global-color-5)","background-image":"","background-repeat":"repeat","background-position":"center center","background-size":"auto","background-attachment":"scroll","background-type":"","background-media":"","overlay-type":"","overlay-color":"","overlay-opacity":"","overlay-gradient":""}}},"product_brand":[],"product_cat":[33],"product_tag":[],"class_list":{"0":"post-9765","1":"product","2":"type-product","3":"status-publish","4":"has-post-thumbnail","6":"product_cat-creatine","7":"desktop-align-center","8":"tablet-align-center","9":"mobile-align-center","11":"first","12":"instock","13":"shipping-taxable","14":"purchasable","15":"product-type-simple"},"_links":{"self":[{"href":"https:\/\/musclegainalbania.com\/index.php?rest_route=\/wp\/v2\/product\/9765","targetHints":{"allow":["GET"]}}],"collection":[{"href":"https:\/\/musclegainalbania.com\/index.php?rest_route=\/wp\/v2\/product"}],"about":[{"href":"https:\/\/musclegainalbania.com\/index.php?rest_route=\/wp\/v2\/types\/product"}],"replies":[{"embeddable":true,"href":"https:\/\/musclegainalbania.com\/index.php?rest_route=%2Fwp%2Fv2%2Fcomments&post=9765"}],"wp:featuredmedia":[{"embeddable":true,"href":"https:\/\/musclegainalbania.com\/index.php?rest_route=\/wp\/v2\/media\/9769"}],"wp:attachment":[{"href":"https:\/\/musclegainalbania.com\/index.php?rest_route=%2Fwp%2Fv2%2Fmedia&parent=9765"}],"wp:term":[{"taxonomy":"product_brand","embeddable":true,"href":"https:\/\/musclegainalbania.com\/index.php?rest_route=%2Fwp%2Fv2%2Fproduct_brand&post=9765"},{"taxonomy":"product_cat","embeddable":true,"href":"https:\/\/musclegainalbania.com\/index.php?rest_route=%2Fwp%2Fv2%2Fproduct_cat&post=9765"},{"taxonomy":"product_tag","embeddable":true,"href":"https:\/\/musclegainalbania.com\/index.php?rest_route=%2Fwp%2Fv2%2Fproduct_tag&post=9765"}],"curies":[{"name":"wp","href":"https:\/\/api.w.org\/{rel}","templated":true}]}}