{"id":9622,"date":"2026-04-28T18:28:35","date_gmt":"2026-04-28T18:28:35","guid":{"rendered":"https:\/\/papayawhip-oyster-671994.hostingersite.com\/?post_type=product&#038;p=9622"},"modified":"2026-04-28T18:28:52","modified_gmt":"2026-04-28T18:28:52","slug":"voltx10-preworkout","status":"publish","type":"product","link":"https:\/\/musclegainalbania.com\/?product=voltx10-preworkout","title":{"rendered":"VoltX10 PreWorkout"},"content":{"rendered":"<p>Voltx10 \u2013 Yava Labs<\/p>\n<p>Rrit fuqin\u00eb, fokusin dhe intensitetin e st\u00ebrvitjes me Voltx10, nj\u00eb pre-workout i fuqish\u00ebm i krijuar p\u00ebr t\u00eb \u00e7uar performanc\u00ebn t\u00ebnde n\u00eb nivel tjet\u00ebr.<\/p>\n<p>Kjo formul\u00eb e avancuar \u00ebsht\u00eb dizajnuar p\u00ebr t\u00eb rritur energjin\u00eb eksplozive, p\u00ebrmir\u00ebsuar fokusin mendor dhe shtuar q\u00ebndrueshm\u00ebrin\u00eb gjat\u00eb st\u00ebrvitjeve m\u00eb intensive.<\/p>\n<p>P\u00ebrfitimet kryesore:<\/p>\n<p>* Rrit energjin\u00eb dhe fuqin\u00eb gjat\u00eb st\u00ebrvitjes<br \/>\n* P\u00ebrmir\u00ebson fokusin dhe motivimin<br \/>\n* Shton q\u00ebndrueshm\u00ebrin\u00eb dhe performanc\u00ebn<br \/>\n* Ndihmon n\u00eb intensitet m\u00eb t\u00eb lart\u00eb t\u00eb ushtrimeve<\/p>\n<p>P\u00ebrb\u00ebrja kryesore:<\/p>\n<p>* Kafein\u00eb p\u00ebr energji dhe fokus<br \/>\n* Beta-Alanine p\u00ebr q\u00ebndrueshm\u00ebri muskulore<br \/>\n* Kreatin\u00eb p\u00ebr forc\u00eb dhe eksplozivitet<br \/>\n* Kompleks aminoacidesh p\u00ebr performanc\u00eb optimale<\/p>\n<p>P\u00ebrdorimi:<br \/>\nP\u00ebrziej 1 scoop me uj\u00eb dhe konsumojeni 20\u201330 minuta para st\u00ebrvitjes. Mos e tejkaloni doz\u00ebn e rekomanduar.<\/p>\n","protected":false},"excerpt":{"rendered":"<p>Voltx10 \u2013 Yava Labs Rrit fuqin\u00eb, fokusin dhe intensitetin e st\u00ebrvitjes me Voltx10, nj\u00eb pre-workout i fuqish\u00ebm i krijuar p\u00ebr t\u00eb \u00e7uar performanc\u00ebn t\u00ebnde n\u00eb nivel tjet\u00ebr. Kjo formul\u00eb e avancuar \u00ebsht\u00eb dizajnuar p\u00ebr t\u00eb rritur energjin\u00eb eksplozive, p\u00ebrmir\u00ebsuar fokusin mendor dhe shtuar q\u00ebndrueshm\u00ebrin\u00eb gjat\u00eb st\u00ebrvitjeve m\u00eb intensive. P\u00ebrfitimet kryesore: * Rrit energjin\u00eb dhe fuqin\u00eb [&hellip;]<\/p>\n","protected":false},"featured_media":9632,"comment_status":"open","ping_status":"closed","template":"","meta":{"site-sidebar-layout":"default","site-content-layout":"","ast-site-content-layout":"default","site-content-style":"default","site-sidebar-style":"default","ast-global-header-display":"","ast-banner-title-visibility":"","ast-main-header-display":"","ast-hfb-above-header-display":"","ast-hfb-below-header-display":"","ast-hfb-mobile-header-display":"","site-post-title":"","ast-breadcrumbs-content":"","ast-featured-img":"","footer-sml-layout":"","ast-disable-related-posts":"","theme-transparent-header-meta":"default","adv-header-id-meta":"","stick-header-meta":"","header-above-stick-meta":"","header-main-stick-meta":"","header-below-stick-meta":"","astra-migrate-meta-layouts":"set","ast-page-background-enabled":"default","ast-page-background-meta":{"desktop":{"background-color":"","background-image":"","background-repeat":"repeat","background-position":"center center","background-size":"auto","background-attachment":"scroll","background-type":"","background-media":"","overlay-type":"","overlay-color":"","overlay-opacity":"","overlay-gradient":""},"tablet":{"background-color":"","background-image":"","background-repeat":"repeat","background-position":"center center","background-size":"auto","background-attachment":"scroll","background-type":"","background-media":"","overlay-type":"","overlay-color":"","overlay-opacity":"","overlay-gradient":""},"mobile":{"background-color":"","background-image":"","background-repeat":"repeat","background-position":"center center","background-size":"auto","background-attachment":"scroll","background-type":"","background-media":"","overlay-type":"","overlay-color":"","overlay-opacity":"","overlay-gradient":""}},"ast-content-background-meta":{"desktop":{"background-color":"var(--ast-global-color-5)","background-image":"","background-repeat":"repeat","background-position":"center center","background-size":"auto","background-attachment":"scroll","background-type":"","background-media":"","overlay-type":"","overlay-color":"","overlay-opacity":"","overlay-gradient":""},"tablet":{"background-color":"var(--ast-global-color-5)","background-image":"","background-repeat":"repeat","background-position":"center center","background-size":"auto","background-attachment":"scroll","background-type":"","background-media":"","overlay-type":"","overlay-color":"","overlay-opacity":"","overlay-gradient":""},"mobile":{"background-color":"var(--ast-global-color-5)","background-image":"","background-repeat":"repeat","background-position":"center center","background-size":"auto","background-attachment":"scroll","background-type":"","background-media":"","overlay-type":"","overlay-color":"","overlay-opacity":"","overlay-gradient":""}}},"product_brand":[],"product_cat":[34],"product_tag":[],"class_list":{"0":"post-9622","1":"product","2":"type-product","3":"status-publish","4":"has-post-thumbnail","6":"product_cat-metabolizem","7":"desktop-align-center","8":"tablet-align-center","9":"mobile-align-center","11":"first","12":"instock","13":"shipping-taxable","14":"purchasable","15":"product-type-variable"},"_links":{"self":[{"href":"https:\/\/musclegainalbania.com\/index.php?rest_route=\/wp\/v2\/product\/9622","targetHints":{"allow":["GET"]}}],"collection":[{"href":"https:\/\/musclegainalbania.com\/index.php?rest_route=\/wp\/v2\/product"}],"about":[{"href":"https:\/\/musclegainalbania.com\/index.php?rest_route=\/wp\/v2\/types\/product"}],"replies":[{"embeddable":true,"href":"https:\/\/musclegainalbania.com\/index.php?rest_route=%2Fwp%2Fv2%2Fcomments&post=9622"}],"wp:featuredmedia":[{"embeddable":true,"href":"https:\/\/musclegainalbania.com\/index.php?rest_route=\/wp\/v2\/media\/9632"}],"wp:attachment":[{"href":"https:\/\/musclegainalbania.com\/index.php?rest_route=%2Fwp%2Fv2%2Fmedia&parent=9622"}],"wp:term":[{"taxonomy":"product_brand","embeddable":true,"href":"https:\/\/musclegainalbania.com\/index.php?rest_route=%2Fwp%2Fv2%2Fproduct_brand&post=9622"},{"taxonomy":"product_cat","embeddable":true,"href":"https:\/\/musclegainalbania.com\/index.php?rest_route=%2Fwp%2Fv2%2Fproduct_cat&post=9622"},{"taxonomy":"product_tag","embeddable":true,"href":"https:\/\/musclegainalbania.com\/index.php?rest_route=%2Fwp%2Fv2%2Fproduct_tag&post=9622"}],"curies":[{"name":"wp","href":"https:\/\/api.w.org\/{rel}","templated":true}]}}