{"id":9601,"date":"2026-04-28T18:02:29","date_gmt":"2026-04-28T18:02:29","guid":{"rendered":"https:\/\/papayawhip-oyster-671994.hostingersite.com\/?post_type=product&#038;p=9601"},"modified":"2026-04-28T18:02:29","modified_gmt":"2026-04-28T18:02:29","slug":"complex-mass-pro-6kg","status":"publish","type":"product","link":"https:\/\/musclegainalbania.com\/?product=complex-mass-pro-6kg","title":{"rendered":"Complex Mass Pro 6kg"},"content":{"rendered":"<p>Complex Mass Pro \u2013 Yava Labs<\/p>\n<p>Rrit mas\u00ebn muskulore dhe fuqin\u00eb me Complex Mass Pro, formul\u00eb e avancuar p\u00ebr shtim n\u00eb pesh\u00eb t\u00eb past\u00ebr dhe performanc\u00eb maksimale.<\/p>\n<p>Ky mass gainer premium kombinon proteina cil\u00ebsore me karbohidrate komplekse p\u00ebr t\u00eb siguruar energji t\u00eb q\u00ebndrueshme dhe furnizim optimal p\u00ebr nd\u00ebrtimin e muskujve dhe rikuperimin pas st\u00ebrvitjes.<\/p>\n<p>P\u00ebrfitimet kryesore:<\/p>\n<p>* Ndihmon n\u00eb rritjen e mas\u00ebs muskulore<br \/>\n* Jep kalori t\u00eb larta p\u00ebr shtim n\u00eb pesh\u00eb<br \/>\n* Mb\u00ebshtet forc\u00ebn dhe rikuperimin<br \/>\n* Ideal p\u00ebr hardgainers dhe persona aktiv\u00eb<\/p>\n<p>P\u00ebrb\u00ebrja kryesore:<\/p>\n<p>* Proteina me cil\u00ebsi t\u00eb lart\u00eb p\u00ebr nd\u00ebrtim muskulor<br \/>\n* Karbohidrate komplekse p\u00ebr energji afatgjat\u00eb<br \/>\n* Profil i pasur aminoacidesh<br \/>\n* Vitamina dhe minerale esenciale<\/p>\n<p>P\u00ebrdorimi:<br \/>\nP\u00ebrziej 3.5 scoops me uj\u00eb ose qum\u00ebsht dhe konsumojeni te ndara 2 her\u00eb n\u00eb dit\u00eb, idealisht pas st\u00ebrvitjes dhe\/ose gjat\u00eb dit\u00ebs p\u00ebr t\u00eb rritur marrjen e kalorive.<\/p>\n","protected":false},"excerpt":{"rendered":"<p>Complex Mass Pro \u2013 Yava Labs Rrit mas\u00ebn muskulore dhe fuqin\u00eb me Complex Mass Pro, formul\u00eb e avancuar p\u00ebr shtim n\u00eb pesh\u00eb t\u00eb past\u00ebr dhe performanc\u00eb maksimale. Ky mass gainer premium kombinon proteina cil\u00ebsore me karbohidrate komplekse p\u00ebr t\u00eb siguruar energji t\u00eb q\u00ebndrueshme dhe furnizim optimal p\u00ebr nd\u00ebrtimin e muskujve dhe rikuperimin pas st\u00ebrvitjes. P\u00ebrfitimet [&hellip;]<\/p>\n","protected":false},"featured_media":9610,"comment_status":"open","ping_status":"closed","template":"","meta":{"site-sidebar-layout":"default","site-content-layout":"","ast-site-content-layout":"default","site-content-style":"default","site-sidebar-style":"default","ast-global-header-display":"","ast-banner-title-visibility":"","ast-main-header-display":"","ast-hfb-above-header-display":"","ast-hfb-below-header-display":"","ast-hfb-mobile-header-display":"","site-post-title":"","ast-breadcrumbs-content":"","ast-featured-img":"","footer-sml-layout":"","ast-disable-related-posts":"","theme-transparent-header-meta":"default","adv-header-id-meta":"","stick-header-meta":"","header-above-stick-meta":"","header-main-stick-meta":"","header-below-stick-meta":"","astra-migrate-meta-layouts":"set","ast-page-background-enabled":"default","ast-page-background-meta":{"desktop":{"background-color":"","background-image":"","background-repeat":"repeat","background-position":"center center","background-size":"auto","background-attachment":"scroll","background-type":"","background-media":"","overlay-type":"","overlay-color":"","overlay-opacity":"","overlay-gradient":""},"tablet":{"background-color":"","background-image":"","background-repeat":"repeat","background-position":"center center","background-size":"auto","background-attachment":"scroll","background-type":"","background-media":"","overlay-type":"","overlay-color":"","overlay-opacity":"","overlay-gradient":""},"mobile":{"background-color":"","background-image":"","background-repeat":"repeat","background-position":"center center","background-size":"auto","background-attachment":"scroll","background-type":"","background-media":"","overlay-type":"","overlay-color":"","overlay-opacity":"","overlay-gradient":""}},"ast-content-background-meta":{"desktop":{"background-color":"var(--ast-global-color-5)","background-image":"","background-repeat":"repeat","background-position":"center center","background-size":"auto","background-attachment":"scroll","background-type":"","background-media":"","overlay-type":"","overlay-color":"","overlay-opacity":"","overlay-gradient":""},"tablet":{"background-color":"var(--ast-global-color-5)","background-image":"","background-repeat":"repeat","background-position":"center center","background-size":"auto","background-attachment":"scroll","background-type":"","background-media":"","overlay-type":"","overlay-color":"","overlay-opacity":"","overlay-gradient":""},"mobile":{"background-color":"var(--ast-global-color-5)","background-image":"","background-repeat":"repeat","background-position":"center center","background-size":"auto","background-attachment":"scroll","background-type":"","background-media":"","overlay-type":"","overlay-color":"","overlay-opacity":"","overlay-gradient":""}}},"product_brand":[],"product_cat":[32],"product_tag":[],"class_list":{"0":"post-9601","1":"product","2":"type-product","3":"status-publish","4":"has-post-thumbnail","6":"product_cat-proteina","7":"desktop-align-center","8":"tablet-align-center","9":"mobile-align-center","11":"first","12":"instock","13":"shipping-taxable","14":"purchasable","15":"product-type-variable"},"_links":{"self":[{"href":"https:\/\/musclegainalbania.com\/index.php?rest_route=\/wp\/v2\/product\/9601","targetHints":{"allow":["GET"]}}],"collection":[{"href":"https:\/\/musclegainalbania.com\/index.php?rest_route=\/wp\/v2\/product"}],"about":[{"href":"https:\/\/musclegainalbania.com\/index.php?rest_route=\/wp\/v2\/types\/product"}],"replies":[{"embeddable":true,"href":"https:\/\/musclegainalbania.com\/index.php?rest_route=%2Fwp%2Fv2%2Fcomments&post=9601"}],"wp:featuredmedia":[{"embeddable":true,"href":"https:\/\/musclegainalbania.com\/index.php?rest_route=\/wp\/v2\/media\/9610"}],"wp:attachment":[{"href":"https:\/\/musclegainalbania.com\/index.php?rest_route=%2Fwp%2Fv2%2Fmedia&parent=9601"}],"wp:term":[{"taxonomy":"product_brand","embeddable":true,"href":"https:\/\/musclegainalbania.com\/index.php?rest_route=%2Fwp%2Fv2%2Fproduct_brand&post=9601"},{"taxonomy":"product_cat","embeddable":true,"href":"https:\/\/musclegainalbania.com\/index.php?rest_route=%2Fwp%2Fv2%2Fproduct_cat&post=9601"},{"taxonomy":"product_tag","embeddable":true,"href":"https:\/\/musclegainalbania.com\/index.php?rest_route=%2Fwp%2Fv2%2Fproduct_tag&post=9601"}],"curies":[{"name":"wp","href":"https:\/\/api.w.org\/{rel}","templated":true}]}}