{"id":9587,"date":"2026-04-28T17:54:48","date_gmt":"2026-04-28T17:54:48","guid":{"rendered":"https:\/\/papayawhip-oyster-671994.hostingersite.com\/?post_type=product&#038;p=9587"},"modified":"2026-04-28T17:54:48","modified_gmt":"2026-04-28T17:54:48","slug":"yava-beef-premium-2kg","status":"publish","type":"product","link":"https:\/\/musclegainalbania.com\/?product=yava-beef-premium-2kg","title":{"rendered":"Yava Beef Premium 2kg"},"content":{"rendered":"<p>Beef Protein \u2013 Yava Labs<\/p>\n<p>Fuqizo nd\u00ebrtimin e muskujve me Beef Protein, nj\u00eb alternativ\u00eb e past\u00ebr dhe efektive ndaj proteinave tradicionale me baz\u00eb qum\u00ebshti.<\/p>\n<p>E formuluar p\u00ebr performanc\u00eb maksimale, kjo protein\u00eb nga vi\u00e7i ofron p\u00ebrthithje t\u00eb shpejt\u00eb dhe nj\u00eb profil t\u00eb pasur aminoacidesh q\u00eb ndihmon n\u00eb rritjen dhe rikuperimin muskulor, pa p\u00ebrmbajtje laktoze.<\/p>\n<p>P\u00ebrfitimet kryesore:<\/p>\n<p>* Mb\u00ebshtet nd\u00ebrtimin dhe rikuperimin muskulor<br \/>\n* Burim proteine nga vi\u00e7i (pa laktoz\u00eb)<br \/>\n* P\u00ebrthithje e shpejt\u00eb dhe efikase<br \/>\n* Ideal p\u00ebr persona me intoleranc\u00eb ndaj laktoz\u00ebs<br \/>\n* Low fat &amp; low sugar<\/p>\n<p>P\u00ebrb\u00ebrja kryesore:<\/p>\n<p>* Protein\u00eb e hidrolizuar nga vi\u00e7i<br \/>\n* Profil i plot\u00eb aminoacidesh<br \/>\n* Pa sheqer dhe me yndyr\u00eb shum\u00eb t\u00eb ul\u00ebt<\/p>\n<p>P\u00ebrdorimi:<br \/>\nP\u00ebrziej 1 scoop me uj\u00eb dhe konsumojeni 1-2 her\u00eb n\u00eb dit\u00eb, idealisht pas st\u00ebrvitjes ose gjat\u00eb dit\u00ebs p\u00ebr t\u00eb plot\u00ebsuar nevojat p\u00ebr proteina.<\/p>\n","protected":false},"excerpt":{"rendered":"<p>Beef Protein \u2013 Yava Labs Fuqizo nd\u00ebrtimin e muskujve me Beef Protein, nj\u00eb alternativ\u00eb e past\u00ebr dhe efektive ndaj proteinave tradicionale me baz\u00eb qum\u00ebshti. E formuluar p\u00ebr performanc\u00eb maksimale, kjo protein\u00eb nga vi\u00e7i ofron p\u00ebrthithje t\u00eb shpejt\u00eb dhe nj\u00eb profil t\u00eb pasur aminoacidesh q\u00eb ndihmon n\u00eb rritjen dhe rikuperimin muskulor, pa p\u00ebrmbajtje laktoze. P\u00ebrfitimet kryesore: [&hellip;]<\/p>\n","protected":false},"featured_media":9599,"comment_status":"open","ping_status":"closed","template":"","meta":{"site-sidebar-layout":"default","site-content-layout":"","ast-site-content-layout":"default","site-content-style":"default","site-sidebar-style":"default","ast-global-header-display":"","ast-banner-title-visibility":"","ast-main-header-display":"","ast-hfb-above-header-display":"","ast-hfb-below-header-display":"","ast-hfb-mobile-header-display":"","site-post-title":"","ast-breadcrumbs-content":"","ast-featured-img":"","footer-sml-layout":"","ast-disable-related-posts":"","theme-transparent-header-meta":"default","adv-header-id-meta":"","stick-header-meta":"","header-above-stick-meta":"","header-main-stick-meta":"","header-below-stick-meta":"","astra-migrate-meta-layouts":"set","ast-page-background-enabled":"default","ast-page-background-meta":{"desktop":{"background-color":"","background-image":"","background-repeat":"repeat","background-position":"center center","background-size":"auto","background-attachment":"scroll","background-type":"","background-media":"","overlay-type":"","overlay-color":"","overlay-opacity":"","overlay-gradient":""},"tablet":{"background-color":"","background-image":"","background-repeat":"repeat","background-position":"center center","background-size":"auto","background-attachment":"scroll","background-type":"","background-media":"","overlay-type":"","overlay-color":"","overlay-opacity":"","overlay-gradient":""},"mobile":{"background-color":"","background-image":"","background-repeat":"repeat","background-position":"center center","background-size":"auto","background-attachment":"scroll","background-type":"","background-media":"","overlay-type":"","overlay-color":"","overlay-opacity":"","overlay-gradient":""}},"ast-content-background-meta":{"desktop":{"background-color":"var(--ast-global-color-5)","background-image":"","background-repeat":"repeat","background-position":"center center","background-size":"auto","background-attachment":"scroll","background-type":"","background-media":"","overlay-type":"","overlay-color":"","overlay-opacity":"","overlay-gradient":""},"tablet":{"background-color":"var(--ast-global-color-5)","background-image":"","background-repeat":"repeat","background-position":"center center","background-size":"auto","background-attachment":"scroll","background-type":"","background-media":"","overlay-type":"","overlay-color":"","overlay-opacity":"","overlay-gradient":""},"mobile":{"background-color":"var(--ast-global-color-5)","background-image":"","background-repeat":"repeat","background-position":"center center","background-size":"auto","background-attachment":"scroll","background-type":"","background-media":"","overlay-type":"","overlay-color":"","overlay-opacity":"","overlay-gradient":""}}},"product_brand":[],"product_cat":[32],"product_tag":[],"class_list":{"0":"post-9587","1":"product","2":"type-product","3":"status-publish","4":"has-post-thumbnail","6":"product_cat-proteina","7":"desktop-align-center","8":"tablet-align-center","9":"mobile-align-center","11":"first","12":"instock","13":"shipping-taxable","14":"purchasable","15":"product-type-variable"},"_links":{"self":[{"href":"https:\/\/musclegainalbania.com\/index.php?rest_route=\/wp\/v2\/product\/9587","targetHints":{"allow":["GET"]}}],"collection":[{"href":"https:\/\/musclegainalbania.com\/index.php?rest_route=\/wp\/v2\/product"}],"about":[{"href":"https:\/\/musclegainalbania.com\/index.php?rest_route=\/wp\/v2\/types\/product"}],"replies":[{"embeddable":true,"href":"https:\/\/musclegainalbania.com\/index.php?rest_route=%2Fwp%2Fv2%2Fcomments&post=9587"}],"wp:featuredmedia":[{"embeddable":true,"href":"https:\/\/musclegainalbania.com\/index.php?rest_route=\/wp\/v2\/media\/9599"}],"wp:attachment":[{"href":"https:\/\/musclegainalbania.com\/index.php?rest_route=%2Fwp%2Fv2%2Fmedia&parent=9587"}],"wp:term":[{"taxonomy":"product_brand","embeddable":true,"href":"https:\/\/musclegainalbania.com\/index.php?rest_route=%2Fwp%2Fv2%2Fproduct_brand&post=9587"},{"taxonomy":"product_cat","embeddable":true,"href":"https:\/\/musclegainalbania.com\/index.php?rest_route=%2Fwp%2Fv2%2Fproduct_cat&post=9587"},{"taxonomy":"product_tag","embeddable":true,"href":"https:\/\/musclegainalbania.com\/index.php?rest_route=%2Fwp%2Fv2%2Fproduct_tag&post=9587"}],"curies":[{"name":"wp","href":"https:\/\/api.w.org\/{rel}","templated":true}]}}