{"id":9575,"date":"2026-04-28T17:35:30","date_gmt":"2026-04-28T17:35:30","guid":{"rendered":"https:\/\/papayawhip-oyster-671994.hostingersite.com\/?post_type=product&#038;p=9575"},"modified":"2026-04-28T17:42:52","modified_gmt":"2026-04-28T17:42:52","slug":"diet-whey-1-kg","status":"publish","type":"product","link":"https:\/\/musclegainalbania.com\/?product=diet-whey-1-kg","title":{"rendered":"Diet Whey 1 kg"},"content":{"rendered":"<p>Diet Whey \u2013 Applied Nutrition<\/p>\n<p>Arrit form\u00ebn ideale me Diet Whey, formul\u00eb e avancuar proteine e krijuar p\u00ebr t\u00eb mb\u00ebshtetur humbjen e yndyr\u00ebs duke ruajtur mas\u00ebn muskulore.<\/p>\n<p>Kjo protein\u00eb multifunksionale kombinon proteina cil\u00ebsore me p\u00ebrb\u00ebr\u00ebs aktiv\u00eb q\u00eb ndihmojn\u00eb metabolizmin dhe kontrollin e pesh\u00ebs, duke e b\u00ebr\u00eb perfekte p\u00ebr faz\u00eb definimi dhe lifestyle aktiv.<\/p>\n<p>P\u00ebrfitimet kryesore:<\/p>\n<p>* Ndihmon n\u00eb djegien e yndyr\u00ebs<br \/>\n* Mb\u00ebshtet ruajtjen e mas\u00ebs muskulore<br \/>\n* Jep ndjesi ngopjeje p\u00ebr kontroll m\u00eb t\u00eb mir\u00eb t\u00eb kalorive<br \/>\n* Ideal p\u00ebr definim dhe humbje peshe<\/p>\n<p>P\u00ebrb\u00ebrja kryesore:<\/p>\n<p>* Protein\u00eb whey me cil\u00ebsi t\u00eb lart\u00eb<br \/>\n* L-Carnitine p\u00ebr metaboliz\u00ebm t\u00eb yndyr\u00ebs<br \/>\n* Ekstrakt \u00e7aji jeshil<br \/>\n* CLA (Conjugated Linoleic Acid)<\/p>\n<p>P\u00ebrdorimi:<br \/>\nP\u00ebrziej 1 scoop me uj\u00eb ose qum\u00ebsht dhe konsumojeni 1-2 her\u00eb n\u00eb dit\u00eb, idealisht pas st\u00ebrvitjes ose si snack nd\u00ebrmjet vakteve.<\/p>\n","protected":false},"excerpt":{"rendered":"<p>Diet Whey \u2013 Applied Nutrition Arrit form\u00ebn ideale me Diet Whey, formul\u00eb e avancuar proteine e krijuar p\u00ebr t\u00eb mb\u00ebshtetur humbjen e yndyr\u00ebs duke ruajtur mas\u00ebn muskulore. Kjo protein\u00eb multifunksionale kombinon proteina cil\u00ebsore me p\u00ebrb\u00ebr\u00ebs aktiv\u00eb q\u00eb ndihmojn\u00eb metabolizmin dhe kontrollin e pesh\u00ebs, duke e b\u00ebr\u00eb perfekte p\u00ebr faz\u00eb definimi dhe lifestyle aktiv. P\u00ebrfitimet kryesore: [&hellip;]<\/p>\n","protected":false},"featured_media":9583,"comment_status":"open","ping_status":"closed","template":"","meta":{"site-sidebar-layout":"default","site-content-layout":"","ast-site-content-layout":"default","site-content-style":"default","site-sidebar-style":"default","ast-global-header-display":"","ast-banner-title-visibility":"","ast-main-header-display":"","ast-hfb-above-header-display":"","ast-hfb-below-header-display":"","ast-hfb-mobile-header-display":"","site-post-title":"","ast-breadcrumbs-content":"","ast-featured-img":"","footer-sml-layout":"","ast-disable-related-posts":"","theme-transparent-header-meta":"default","adv-header-id-meta":"","stick-header-meta":"","header-above-stick-meta":"","header-main-stick-meta":"","header-below-stick-meta":"","astra-migrate-meta-layouts":"set","ast-page-background-enabled":"default","ast-page-background-meta":{"desktop":{"background-color":"","background-image":"","background-repeat":"repeat","background-position":"center center","background-size":"auto","background-attachment":"scroll","background-type":"","background-media":"","overlay-type":"","overlay-color":"","overlay-opacity":"","overlay-gradient":""},"tablet":{"background-color":"","background-image":"","background-repeat":"repeat","background-position":"center center","background-size":"auto","background-attachment":"scroll","background-type":"","background-media":"","overlay-type":"","overlay-color":"","overlay-opacity":"","overlay-gradient":""},"mobile":{"background-color":"","background-image":"","background-repeat":"repeat","background-position":"center center","background-size":"auto","background-attachment":"scroll","background-type":"","background-media":"","overlay-type":"","overlay-color":"","overlay-opacity":"","overlay-gradient":""}},"ast-content-background-meta":{"desktop":{"background-color":"var(--ast-global-color-5)","background-image":"","background-repeat":"repeat","background-position":"center center","background-size":"auto","background-attachment":"scroll","background-type":"","background-media":"","overlay-type":"","overlay-color":"","overlay-opacity":"","overlay-gradient":""},"tablet":{"background-color":"var(--ast-global-color-5)","background-image":"","background-repeat":"repeat","background-position":"center center","background-size":"auto","background-attachment":"scroll","background-type":"","background-media":"","overlay-type":"","overlay-color":"","overlay-opacity":"","overlay-gradient":""},"mobile":{"background-color":"var(--ast-global-color-5)","background-image":"","background-repeat":"repeat","background-position":"center center","background-size":"auto","background-attachment":"scroll","background-type":"","background-media":"","overlay-type":"","overlay-color":"","overlay-opacity":"","overlay-gradient":""}}},"product_brand":[],"product_cat":[32],"product_tag":[],"class_list":{"0":"post-9575","1":"product","2":"type-product","3":"status-publish","4":"has-post-thumbnail","6":"product_cat-proteina","7":"desktop-align-center","8":"tablet-align-center","9":"mobile-align-center","11":"first","12":"instock","13":"shipping-taxable","14":"purchasable","15":"product-type-variable"},"_links":{"self":[{"href":"https:\/\/musclegainalbania.com\/index.php?rest_route=\/wp\/v2\/product\/9575","targetHints":{"allow":["GET"]}}],"collection":[{"href":"https:\/\/musclegainalbania.com\/index.php?rest_route=\/wp\/v2\/product"}],"about":[{"href":"https:\/\/musclegainalbania.com\/index.php?rest_route=\/wp\/v2\/types\/product"}],"replies":[{"embeddable":true,"href":"https:\/\/musclegainalbania.com\/index.php?rest_route=%2Fwp%2Fv2%2Fcomments&post=9575"}],"wp:featuredmedia":[{"embeddable":true,"href":"https:\/\/musclegainalbania.com\/index.php?rest_route=\/wp\/v2\/media\/9583"}],"wp:attachment":[{"href":"https:\/\/musclegainalbania.com\/index.php?rest_route=%2Fwp%2Fv2%2Fmedia&parent=9575"}],"wp:term":[{"taxonomy":"product_brand","embeddable":true,"href":"https:\/\/musclegainalbania.com\/index.php?rest_route=%2Fwp%2Fv2%2Fproduct_brand&post=9575"},{"taxonomy":"product_cat","embeddable":true,"href":"https:\/\/musclegainalbania.com\/index.php?rest_route=%2Fwp%2Fv2%2Fproduct_cat&post=9575"},{"taxonomy":"product_tag","embeddable":true,"href":"https:\/\/musclegainalbania.com\/index.php?rest_route=%2Fwp%2Fv2%2Fproduct_tag&post=9575"}],"curies":[{"name":"wp","href":"https:\/\/api.w.org\/{rel}","templated":true}]}}