{"id":9431,"date":"2026-04-06T17:57:54","date_gmt":"2026-04-06T17:57:54","guid":{"rendered":"https:\/\/papayawhip-oyster-671994.hostingersite.com\/?post_type=product&#038;p=9431"},"modified":"2026-04-28T16:56:10","modified_gmt":"2026-04-28T16:56:10","slug":"beef-xp","status":"publish","type":"product","link":"https:\/\/musclegainalbania.com\/?product=beef-xp","title":{"rendered":"Beef XP 1.8kg"},"content":{"rendered":"<p>Beef-XP \u2013 Applied Nutrition<\/p>\n<p>Maksimizo nd\u00ebrtimin e muskujve me Beef-XP, protein\u00eb me burim vi\u00e7i e dizajnuar p\u00ebr ata q\u00eb k\u00ebrkojn\u00eb performanc\u00eb t\u00eb lart\u00eb dhe alternativ\u00eb ndaj proteinave t\u00eb qum\u00ebshtit.<\/p>\n<p>Kjo formul\u00eb e avancuar ofron protein\u00eb t\u00eb past\u00ebr me p\u00ebrthithje t\u00eb shpejt\u00eb, duke ndihmuar n\u00eb nd\u00ebrtimin dhe rikuperimin e mas\u00ebs muskulore pa p\u00ebrmbajtje laktoze apo sheqerna t\u00eb panevojsh\u00ebm.<\/p>\n<p>P\u00ebrfitimet kryesore:<\/p>\n<p>* Mb\u00ebshtet nd\u00ebrtimin dhe rikuperimin muskulor<br \/>\n* Burim proteine nga vi\u00e7i (pa laktoz\u00eb)<br \/>\n* P\u00ebrthithje e shpejt\u00eb p\u00ebr rezultate optimale<br \/>\n* Ideal p\u00ebr dieta low-carb dhe atlet\u00eb serioz\u00eb<\/p>\n<p>P\u00ebrb\u00ebrja kryesore:<\/p>\n<p>* Protein\u00eb e hidrolizuar nga vi\u00e7i<br \/>\n* Profil i pasur me aminoacide<br \/>\n* Pa sheqer dhe me yndyr\u00eb shum\u00eb t\u00eb ul\u00ebt<\/p>\n<p>P\u00ebrdorimi:<br \/>\nP\u00ebrziej 1 scoop me uj\u00eb dhe konsumojeni 1-2 her\u00eb n\u00eb dit\u00eb, idealisht pas st\u00ebrvitjes dhe\/ose gjat\u00eb dit\u00ebs p\u00ebr t\u00eb mb\u00ebshtetur marrjen e proteinave.<\/p>\n","protected":false},"excerpt":{"rendered":"<p>Beef-XP \u2013 Applied Nutrition Maksimizo nd\u00ebrtimin e muskujve me Beef-XP, protein\u00eb me burim vi\u00e7i e dizajnuar p\u00ebr ata q\u00eb k\u00ebrkojn\u00eb performanc\u00eb t\u00eb lart\u00eb dhe alternativ\u00eb ndaj proteinave t\u00eb qum\u00ebshtit. Kjo formul\u00eb e avancuar ofron protein\u00eb t\u00eb past\u00ebr me p\u00ebrthithje t\u00eb shpejt\u00eb, duke ndihmuar n\u00eb nd\u00ebrtimin dhe rikuperimin e mas\u00ebs muskulore pa p\u00ebrmbajtje laktoze apo sheqerna [&hellip;]<\/p>\n","protected":false},"featured_media":9432,"comment_status":"open","ping_status":"closed","template":"","meta":{"site-sidebar-layout":"default","site-content-layout":"","ast-site-content-layout":"default","site-content-style":"default","site-sidebar-style":"default","ast-global-header-display":"","ast-banner-title-visibility":"","ast-main-header-display":"","ast-hfb-above-header-display":"","ast-hfb-below-header-display":"","ast-hfb-mobile-header-display":"","site-post-title":"","ast-breadcrumbs-content":"","ast-featured-img":"","footer-sml-layout":"","ast-disable-related-posts":"","theme-transparent-header-meta":"default","adv-header-id-meta":"","stick-header-meta":"","header-above-stick-meta":"","header-main-stick-meta":"","header-below-stick-meta":"","astra-migrate-meta-layouts":"set","ast-page-background-enabled":"default","ast-page-background-meta":{"desktop":{"background-color":"","background-image":"","background-repeat":"repeat","background-position":"center center","background-size":"auto","background-attachment":"scroll","background-type":"","background-media":"","overlay-type":"","overlay-color":"","overlay-opacity":"","overlay-gradient":""},"tablet":{"background-color":"","background-image":"","background-repeat":"repeat","background-position":"center center","background-size":"auto","background-attachment":"scroll","background-type":"","background-media":"","overlay-type":"","overlay-color":"","overlay-opacity":"","overlay-gradient":""},"mobile":{"background-color":"","background-image":"","background-repeat":"repeat","background-position":"center center","background-size":"auto","background-attachment":"scroll","background-type":"","background-media":"","overlay-type":"","overlay-color":"","overlay-opacity":"","overlay-gradient":""}},"ast-content-background-meta":{"desktop":{"background-color":"var(--ast-global-color-5)","background-image":"","background-repeat":"repeat","background-position":"center center","background-size":"auto","background-attachment":"scroll","background-type":"","background-media":"","overlay-type":"","overlay-color":"","overlay-opacity":"","overlay-gradient":""},"tablet":{"background-color":"var(--ast-global-color-5)","background-image":"","background-repeat":"repeat","background-position":"center center","background-size":"auto","background-attachment":"scroll","background-type":"","background-media":"","overlay-type":"","overlay-color":"","overlay-opacity":"","overlay-gradient":""},"mobile":{"background-color":"var(--ast-global-color-5)","background-image":"","background-repeat":"repeat","background-position":"center center","background-size":"auto","background-attachment":"scroll","background-type":"","background-media":"","overlay-type":"","overlay-color":"","overlay-opacity":"","overlay-gradient":""}}},"product_brand":[],"product_cat":[37,32],"product_tag":[],"class_list":{"0":"post-9431","1":"product","2":"type-product","3":"status-publish","4":"has-post-thumbnail","6":"product_cat-best-selling-products","7":"product_cat-proteina","8":"desktop-align-center","9":"tablet-align-center","10":"mobile-align-center","12":"first","13":"instock","14":"shipping-taxable","15":"purchasable","16":"product-type-variable"},"_links":{"self":[{"href":"https:\/\/musclegainalbania.com\/index.php?rest_route=\/wp\/v2\/product\/9431","targetHints":{"allow":["GET"]}}],"collection":[{"href":"https:\/\/musclegainalbania.com\/index.php?rest_route=\/wp\/v2\/product"}],"about":[{"href":"https:\/\/musclegainalbania.com\/index.php?rest_route=\/wp\/v2\/types\/product"}],"replies":[{"embeddable":true,"href":"https:\/\/musclegainalbania.com\/index.php?rest_route=%2Fwp%2Fv2%2Fcomments&post=9431"}],"wp:featuredmedia":[{"embeddable":true,"href":"https:\/\/musclegainalbania.com\/index.php?rest_route=\/wp\/v2\/media\/9432"}],"wp:attachment":[{"href":"https:\/\/musclegainalbania.com\/index.php?rest_route=%2Fwp%2Fv2%2Fmedia&parent=9431"}],"wp:term":[{"taxonomy":"product_brand","embeddable":true,"href":"https:\/\/musclegainalbania.com\/index.php?rest_route=%2Fwp%2Fv2%2Fproduct_brand&post=9431"},{"taxonomy":"product_cat","embeddable":true,"href":"https:\/\/musclegainalbania.com\/index.php?rest_route=%2Fwp%2Fv2%2Fproduct_cat&post=9431"},{"taxonomy":"product_tag","embeddable":true,"href":"https:\/\/musclegainalbania.com\/index.php?rest_route=%2Fwp%2Fv2%2Fproduct_tag&post=9431"}],"curies":[{"name":"wp","href":"https:\/\/api.w.org\/{rel}","templated":true}]}}