{"id":9427,"date":"2026-04-06T17:54:09","date_gmt":"2026-04-06T17:54:09","guid":{"rendered":"https:\/\/papayawhip-oyster-671994.hostingersite.com\/?post_type=product&#038;p=9427"},"modified":"2026-04-28T16:19:39","modified_gmt":"2026-04-28T16:19:39","slug":"amino-fuel","status":"publish","type":"product","link":"https:\/\/musclegainalbania.com\/?product=amino-fuel","title":{"rendered":"Amino Fuel"},"content":{"rendered":"<p>Amino Fuel \u2013 Applied Nutrition<\/p>\n<p>Rrit performanc\u00ebn dhe p\u00ebrshpejto rikuperimin me Amino Fuel, formul\u00eb e avancuar me aminoacide esenciale e krijuar p\u00ebr t\u00eb mb\u00ebshtetur muskujt gjat\u00eb dhe pas st\u00ebrvitjes.<\/p>\n<p>Ky suplement p\u00ebrmban nj\u00eb profil t\u00eb plot\u00eb aminoacidesh q\u00eb ndihmojn\u00eb n\u00eb reduktimin e lodhjes, ruajtjen e mas\u00ebs muskulore dhe p\u00ebrmir\u00ebsimin e hidratimit, duke e b\u00ebr\u00eb ideal p\u00ebr \u00e7do sportist apo person aktiv.<\/p>\n<p>P\u00ebrfitimet kryesore:<\/p>\n<p>* Mb\u00ebshtet rikuperimin e shpejt\u00eb muskulor<br \/>\n* Ndihmon n\u00eb reduktimin e lodhjes gjat\u00eb st\u00ebrvitjes<br \/>\n* Kontribuon n\u00eb ruajtjen dhe nd\u00ebrtimin e mas\u00ebs muskulore<br \/>\n* P\u00ebrmir\u00ebson hidratimin dhe performanc\u00ebn<\/p>\n<p>P\u00ebrb\u00ebrja kryesore:<\/p>\n<p>* Aminoacide esenciale (EAA &amp; BCAA)<br \/>\n* Elektrolite p\u00ebr hidratim optimal<br \/>\n* Vitamin\u00eb B p\u00ebr energji dhe metaboliz\u00ebm<\/p>\n<p>P\u00ebrdorimi:<br \/>\nP\u00ebrziej 1 scoop me uj\u00eb dhe konsumojeni gjat\u00eb ose pas st\u00ebrvitjes p\u00ebr rezultate optimale.<\/p>\n","protected":false},"excerpt":{"rendered":"<p>Amino Fuel \u2013 Applied Nutrition Rrit performanc\u00ebn dhe p\u00ebrshpejto rikuperimin me Amino Fuel, formul\u00eb e avancuar me aminoacide esenciale e krijuar p\u00ebr t\u00eb mb\u00ebshtetur muskujt gjat\u00eb dhe pas st\u00ebrvitjes. Ky suplement p\u00ebrmban nj\u00eb profil t\u00eb plot\u00eb aminoacidesh q\u00eb ndihmojn\u00eb n\u00eb reduktimin e lodhjes, ruajtjen e mas\u00ebs muskulore dhe p\u00ebrmir\u00ebsimin e hidratimit, duke e b\u00ebr\u00eb ideal [&hellip;]<\/p>\n","protected":false},"featured_media":9428,"comment_status":"open","ping_status":"closed","template":"","meta":{"site-sidebar-layout":"default","site-content-layout":"","ast-site-content-layout":"default","site-content-style":"default","site-sidebar-style":"default","ast-global-header-display":"","ast-banner-title-visibility":"","ast-main-header-display":"","ast-hfb-above-header-display":"","ast-hfb-below-header-display":"","ast-hfb-mobile-header-display":"","site-post-title":"","ast-breadcrumbs-content":"","ast-featured-img":"","footer-sml-layout":"","ast-disable-related-posts":"","theme-transparent-header-meta":"default","adv-header-id-meta":"","stick-header-meta":"","header-above-stick-meta":"","header-main-stick-meta":"","header-below-stick-meta":"","astra-migrate-meta-layouts":"set","ast-page-background-enabled":"default","ast-page-background-meta":{"desktop":{"background-color":"","background-image":"","background-repeat":"repeat","background-position":"center center","background-size":"auto","background-attachment":"scroll","background-type":"","background-media":"","overlay-type":"","overlay-color":"","overlay-opacity":"","overlay-gradient":""},"tablet":{"background-color":"","background-image":"","background-repeat":"repeat","background-position":"center center","background-size":"auto","background-attachment":"scroll","background-type":"","background-media":"","overlay-type":"","overlay-color":"","overlay-opacity":"","overlay-gradient":""},"mobile":{"background-color":"","background-image":"","background-repeat":"repeat","background-position":"center center","background-size":"auto","background-attachment":"scroll","background-type":"","background-media":"","overlay-type":"","overlay-color":"","overlay-opacity":"","overlay-gradient":""}},"ast-content-background-meta":{"desktop":{"background-color":"var(--ast-global-color-5)","background-image":"","background-repeat":"repeat","background-position":"center center","background-size":"auto","background-attachment":"scroll","background-type":"","background-media":"","overlay-type":"","overlay-color":"","overlay-opacity":"","overlay-gradient":""},"tablet":{"background-color":"var(--ast-global-color-5)","background-image":"","background-repeat":"repeat","background-position":"center center","background-size":"auto","background-attachment":"scroll","background-type":"","background-media":"","overlay-type":"","overlay-color":"","overlay-opacity":"","overlay-gradient":""},"mobile":{"background-color":"var(--ast-global-color-5)","background-image":"","background-repeat":"repeat","background-position":"center center","background-size":"auto","background-attachment":"scroll","background-type":"","background-media":"","overlay-type":"","overlay-color":"","overlay-opacity":"","overlay-gradient":""}}},"product_brand":[],"product_cat":[37,34],"product_tag":[],"class_list":{"0":"post-9427","1":"product","2":"type-product","3":"status-publish","4":"has-post-thumbnail","6":"product_cat-best-selling-products","7":"product_cat-metabolizem","8":"desktop-align-center","9":"tablet-align-center","10":"mobile-align-center","12":"first","13":"instock","14":"shipping-taxable","15":"purchasable","16":"product-type-variable"},"_links":{"self":[{"href":"https:\/\/musclegainalbania.com\/index.php?rest_route=\/wp\/v2\/product\/9427","targetHints":{"allow":["GET"]}}],"collection":[{"href":"https:\/\/musclegainalbania.com\/index.php?rest_route=\/wp\/v2\/product"}],"about":[{"href":"https:\/\/musclegainalbania.com\/index.php?rest_route=\/wp\/v2\/types\/product"}],"replies":[{"embeddable":true,"href":"https:\/\/musclegainalbania.com\/index.php?rest_route=%2Fwp%2Fv2%2Fcomments&post=9427"}],"wp:featuredmedia":[{"embeddable":true,"href":"https:\/\/musclegainalbania.com\/index.php?rest_route=\/wp\/v2\/media\/9428"}],"wp:attachment":[{"href":"https:\/\/musclegainalbania.com\/index.php?rest_route=%2Fwp%2Fv2%2Fmedia&parent=9427"}],"wp:term":[{"taxonomy":"product_brand","embeddable":true,"href":"https:\/\/musclegainalbania.com\/index.php?rest_route=%2Fwp%2Fv2%2Fproduct_brand&post=9427"},{"taxonomy":"product_cat","embeddable":true,"href":"https:\/\/musclegainalbania.com\/index.php?rest_route=%2Fwp%2Fv2%2Fproduct_cat&post=9427"},{"taxonomy":"product_tag","embeddable":true,"href":"https:\/\/musclegainalbania.com\/index.php?rest_route=%2Fwp%2Fv2%2Fproduct_tag&post=9427"}],"curies":[{"name":"wp","href":"https:\/\/api.w.org\/{rel}","templated":true}]}}