{"id":9425,"date":"2026-04-06T17:52:29","date_gmt":"2026-04-06T17:52:29","guid":{"rendered":"https:\/\/papayawhip-oyster-671994.hostingersite.com\/?post_type=product&#038;p=9425"},"modified":"2026-05-06T15:32:42","modified_gmt":"2026-05-06T15:32:42","slug":"creatinepeptide","status":"publish","type":"product","link":"https:\/\/musclegainalbania.com\/?product=creatinepeptide","title":{"rendered":"Creatine&#038;Peptide"},"content":{"rendered":"<p data-start=\"0\" data-end=\"42\"><strong data-start=\"0\" data-end=\"42\">Creatine + Peptide \u2013 Applied Nutrition<\/strong><\/p>\n<p data-start=\"44\" data-end=\"260\">Creatine + Peptide nga Applied Nutrition \u00ebsht\u00eb nj\u00eb formul\u00eb e avancuar q\u00eb kombinon <strong data-start=\"126\" data-end=\"178\">kreatin\u00ebn monohidrate me peptide t\u00eb hidrolizuara<\/strong>, p\u00ebr t\u00eb mb\u00ebshtetur <strong data-start=\"198\" data-end=\"247\">forc\u00ebn, performanc\u00ebn dhe rikuperimin muskulor<\/strong> n\u00eb maksimum.<\/p>\n<p data-start=\"262\" data-end=\"412\">Ky kombinim unik ndihmon n\u00eb <strong data-start=\"290\" data-end=\"359\">rritjen e fuqis\u00eb fizike dhe p\u00ebrthithjen m\u00eb efikase t\u00eb nutrient\u00ebve<\/strong>, duke e b\u00ebr\u00eb ideal p\u00ebr sportist\u00eb dhe persona aktiv\u00eb.<\/p>\n<h3 data-section-id=\"1dip94x\" data-start=\"419\" data-end=\"445\">\u00a0P\u00ebrfitimet kryesore:<\/h3>\n<ul data-start=\"446\" data-end=\"708\">\n<li data-section-id=\"p1r4kj\" data-start=\"446\" data-end=\"499\">Rrit <strong data-start=\"453\" data-end=\"497\">forc\u00ebn dhe performanc\u00ebn gjat\u00eb st\u00ebrvitjes<\/strong><\/li>\n<li data-section-id=\"1aa25fx\" data-start=\"500\" data-end=\"542\">Mb\u00ebshtet <strong data-start=\"511\" data-end=\"540\">rritjen e mas\u00ebs muskulore<\/strong><\/li>\n<li data-section-id=\"1qhw2mi\" data-start=\"543\" data-end=\"595\">P\u00ebrmir\u00ebson <strong data-start=\"556\" data-end=\"593\">rikuperimin pas aktivitetit fizik<\/strong><\/li>\n<li data-section-id=\"7w99hy\" data-start=\"596\" data-end=\"646\">Ndihmon n\u00eb <strong data-start=\"609\" data-end=\"644\">hidratimin e qelizave muskulore<\/strong><\/li>\n<li data-section-id=\"1mn5qzs\" data-start=\"647\" data-end=\"708\">Kombinim i kreatin\u00ebs me peptide p\u00ebr <strong data-start=\"685\" data-end=\"708\">absorbim m\u00eb t\u00eb mir\u00eb<\/strong><\/li>\n<\/ul>\n<h3 data-section-id=\"1qn5906\" data-start=\"1109\" data-end=\"1126\">\u00a0P\u00ebrdorimi:<\/h3>\n<p data-start=\"1127\" data-end=\"1185\">P\u00ebrzieni <strong data-start=\"1136\" data-end=\"1172\">1 scoop n\u00eb dit\u00eb me 200\u2013300ml uj\u00eb<\/strong>, preferohet:<\/p>\n<ul data-start=\"1186\" data-end=\"1253\">\n<li data-section-id=\"4uhpyo\" data-start=\"1186\" data-end=\"1210\">Pas st\u00ebrvitjes<br data-start=\"1202\" data-end=\"1205\" \/>OSE<\/li>\n<li data-section-id=\"9n2qum\" data-start=\"1211\" data-end=\"1253\">Para st\u00ebrvitjes p\u00ebr performanc\u00eb shtes\u00eb<\/li>\n<\/ul>\n","protected":false},"excerpt":{"rendered":"<p>Creatine + Peptide \u2013 Applied Nutrition Creatine + Peptide nga Applied Nutrition \u00ebsht\u00eb nj\u00eb formul\u00eb e avancuar q\u00eb kombinon kreatin\u00ebn monohidrate me peptide t\u00eb hidrolizuara, p\u00ebr t\u00eb mb\u00ebshtetur forc\u00ebn, performanc\u00ebn dhe rikuperimin muskulor n\u00eb maksimum. Ky kombinim unik ndihmon n\u00eb rritjen e fuqis\u00eb fizike dhe p\u00ebrthithjen m\u00eb efikase t\u00eb nutrient\u00ebve, duke e b\u00ebr\u00eb ideal p\u00ebr [&hellip;]<\/p>\n","protected":false},"featured_media":9426,"comment_status":"open","ping_status":"closed","template":"","meta":{"site-sidebar-layout":"default","site-content-layout":"","ast-site-content-layout":"default","site-content-style":"default","site-sidebar-style":"default","ast-global-header-display":"","ast-banner-title-visibility":"","ast-main-header-display":"","ast-hfb-above-header-display":"","ast-hfb-below-header-display":"","ast-hfb-mobile-header-display":"","site-post-title":"","ast-breadcrumbs-content":"","ast-featured-img":"","footer-sml-layout":"","ast-disable-related-posts":"","theme-transparent-header-meta":"default","adv-header-id-meta":"","stick-header-meta":"","header-above-stick-meta":"","header-main-stick-meta":"","header-below-stick-meta":"","astra-migrate-meta-layouts":"set","ast-page-background-enabled":"default","ast-page-background-meta":{"desktop":{"background-color":"","background-image":"","background-repeat":"repeat","background-position":"center center","background-size":"auto","background-attachment":"scroll","background-type":"","background-media":"","overlay-type":"","overlay-color":"","overlay-opacity":"","overlay-gradient":""},"tablet":{"background-color":"","background-image":"","background-repeat":"repeat","background-position":"center center","background-size":"auto","background-attachment":"scroll","background-type":"","background-media":"","overlay-type":"","overlay-color":"","overlay-opacity":"","overlay-gradient":""},"mobile":{"background-color":"","background-image":"","background-repeat":"repeat","background-position":"center center","background-size":"auto","background-attachment":"scroll","background-type":"","background-media":"","overlay-type":"","overlay-color":"","overlay-opacity":"","overlay-gradient":""}},"ast-content-background-meta":{"desktop":{"background-color":"var(--ast-global-color-5)","background-image":"","background-repeat":"repeat","background-position":"center center","background-size":"auto","background-attachment":"scroll","background-type":"","background-media":"","overlay-type":"","overlay-color":"","overlay-opacity":"","overlay-gradient":""},"tablet":{"background-color":"var(--ast-global-color-5)","background-image":"","background-repeat":"repeat","background-position":"center center","background-size":"auto","background-attachment":"scroll","background-type":"","background-media":"","overlay-type":"","overlay-color":"","overlay-opacity":"","overlay-gradient":""},"mobile":{"background-color":"var(--ast-global-color-5)","background-image":"","background-repeat":"repeat","background-position":"center center","background-size":"auto","background-attachment":"scroll","background-type":"","background-media":"","overlay-type":"","overlay-color":"","overlay-opacity":"","overlay-gradient":""}}},"product_brand":[],"product_cat":[33],"product_tag":[],"class_list":{"0":"post-9425","1":"product","2":"type-product","3":"status-publish","4":"has-post-thumbnail","6":"product_cat-creatine","7":"desktop-align-center","8":"tablet-align-center","9":"mobile-align-center","11":"first","12":"instock","13":"shipping-taxable","14":"purchasable","15":"product-type-simple"},"_links":{"self":[{"href":"https:\/\/musclegainalbania.com\/index.php?rest_route=\/wp\/v2\/product\/9425","targetHints":{"allow":["GET"]}}],"collection":[{"href":"https:\/\/musclegainalbania.com\/index.php?rest_route=\/wp\/v2\/product"}],"about":[{"href":"https:\/\/musclegainalbania.com\/index.php?rest_route=\/wp\/v2\/types\/product"}],"replies":[{"embeddable":true,"href":"https:\/\/musclegainalbania.com\/index.php?rest_route=%2Fwp%2Fv2%2Fcomments&post=9425"}],"wp:featuredmedia":[{"embeddable":true,"href":"https:\/\/musclegainalbania.com\/index.php?rest_route=\/wp\/v2\/media\/9426"}],"wp:attachment":[{"href":"https:\/\/musclegainalbania.com\/index.php?rest_route=%2Fwp%2Fv2%2Fmedia&parent=9425"}],"wp:term":[{"taxonomy":"product_brand","embeddable":true,"href":"https:\/\/musclegainalbania.com\/index.php?rest_route=%2Fwp%2Fv2%2Fproduct_brand&post=9425"},{"taxonomy":"product_cat","embeddable":true,"href":"https:\/\/musclegainalbania.com\/index.php?rest_route=%2Fwp%2Fv2%2Fproduct_cat&post=9425"},{"taxonomy":"product_tag","embeddable":true,"href":"https:\/\/musclegainalbania.com\/index.php?rest_route=%2Fwp%2Fv2%2Fproduct_tag&post=9425"}],"curies":[{"name":"wp","href":"https:\/\/api.w.org\/{rel}","templated":true}]}}