{"id":9406,"date":"2026-04-06T15:18:36","date_gmt":"2026-04-06T15:18:36","guid":{"rendered":"https:\/\/papayawhip-oyster-671994.hostingersite.com\/?post_type=product&#038;p=9406"},"modified":"2026-04-28T16:29:48","modified_gmt":"2026-04-28T16:29:48","slug":"endurance-gel","status":"publish","type":"product","link":"https:\/\/musclegainalbania.com\/?product=endurance-gel","title":{"rendered":"Endurance Gel"},"content":{"rendered":"<p>Endurance Gel Isotonic \u2013 Applied Nutrition<\/p>\n<p>Rrit performanc\u00ebn dhe q\u00ebndrueshm\u00ebrin\u00eb me Endurance Gel Isotonic, zgjidhja ideale p\u00ebr furnizim t\u00eb menj\u00ebhersh\u00ebm me energji gjat\u00eb aktiviteteve intensive.<\/p>\n<p>Ky gel izotonik \u00ebsht\u00eb i formuluar p\u00ebr t\u2019u p\u00ebrthithur shpejt pa nevoj\u00ebn e ujit, duke siguruar karbohidrate t\u00eb shpejta dhe elektrolite q\u00eb ndihmojn\u00eb n\u00eb ruajtjen e energjis\u00eb dhe hidratimit gjat\u00eb gjith\u00eb st\u00ebrvitjes apo gar\u00ebs.<\/p>\n<p>P\u00ebrfitimet kryesore:<\/p>\n<p>* Jep energji t\u00eb menj\u00ebhershme gjat\u00eb aktivitetit<br \/>\n* Nuk k\u00ebrkon uj\u00eb p\u00ebr konsumim<br \/>\n* Ndihmon n\u00eb ruajtjen e hidratimit<br \/>\n* Ideal p\u00ebr sporte q\u00eb k\u00ebrkojn\u00eb q\u00ebndrueshm\u00ebri (vrap, \u00e7ikliz\u00ebm, fitness)<\/p>\n<p>P\u00ebrb\u00ebrja kryesore:<\/p>\n<p>* Karbohidrate t\u00eb shpejta p\u00ebr energji<br \/>\n* Elektrolite p\u00ebr balanc\u00eb hidrike<br \/>\n* Formula izotonike p\u00ebr p\u00ebrthithje t\u00eb shpejt\u00eb<\/p>\n<p>P\u00ebrdorimi:<br \/>\nKonsumoni 1 gel gjat\u00eb aktivitetit fizik, zakonisht \u00e7do 30-45 minuta, n\u00eb var\u00ebsi t\u00eb intensitetit dhe nevoj\u00ebs p\u00ebr energji.<\/p>\n","protected":false},"excerpt":{"rendered":"<p>Endurance Gel Isotonic \u2013 Applied Nutrition Rrit performanc\u00ebn dhe q\u00ebndrueshm\u00ebrin\u00eb me Endurance Gel Isotonic, zgjidhja ideale p\u00ebr furnizim t\u00eb menj\u00ebhersh\u00ebm me energji gjat\u00eb aktiviteteve intensive. Ky gel izotonik \u00ebsht\u00eb i formuluar p\u00ebr t\u2019u p\u00ebrthithur shpejt pa nevoj\u00ebn e ujit, duke siguruar karbohidrate t\u00eb shpejta dhe elektrolite q\u00eb ndihmojn\u00eb n\u00eb ruajtjen e energjis\u00eb dhe hidratimit gjat\u00eb [&hellip;]<\/p>\n","protected":false},"featured_media":9407,"comment_status":"open","ping_status":"closed","template":"","meta":{"site-sidebar-layout":"default","site-content-layout":"","ast-site-content-layout":"default","site-content-style":"default","site-sidebar-style":"default","ast-global-header-display":"","ast-banner-title-visibility":"","ast-main-header-display":"","ast-hfb-above-header-display":"","ast-hfb-below-header-display":"","ast-hfb-mobile-header-display":"","site-post-title":"","ast-breadcrumbs-content":"","ast-featured-img":"","footer-sml-layout":"","ast-disable-related-posts":"","theme-transparent-header-meta":"default","adv-header-id-meta":"","stick-header-meta":"","header-above-stick-meta":"","header-main-stick-meta":"","header-below-stick-meta":"","astra-migrate-meta-layouts":"set","ast-page-background-enabled":"default","ast-page-background-meta":{"desktop":{"background-color":"","background-image":"","background-repeat":"repeat","background-position":"center center","background-size":"auto","background-attachment":"scroll","background-type":"","background-media":"","overlay-type":"","overlay-color":"","overlay-opacity":"","overlay-gradient":""},"tablet":{"background-color":"","background-image":"","background-repeat":"repeat","background-position":"center center","background-size":"auto","background-attachment":"scroll","background-type":"","background-media":"","overlay-type":"","overlay-color":"","overlay-opacity":"","overlay-gradient":""},"mobile":{"background-color":"","background-image":"","background-repeat":"repeat","background-position":"center center","background-size":"auto","background-attachment":"scroll","background-type":"","background-media":"","overlay-type":"","overlay-color":"","overlay-opacity":"","overlay-gradient":""}},"ast-content-background-meta":{"desktop":{"background-color":"var(--ast-global-color-5)","background-image":"","background-repeat":"repeat","background-position":"center center","background-size":"auto","background-attachment":"scroll","background-type":"","background-media":"","overlay-type":"","overlay-color":"","overlay-opacity":"","overlay-gradient":""},"tablet":{"background-color":"var(--ast-global-color-5)","background-image":"","background-repeat":"repeat","background-position":"center center","background-size":"auto","background-attachment":"scroll","background-type":"","background-media":"","overlay-type":"","overlay-color":"","overlay-opacity":"","overlay-gradient":""},"mobile":{"background-color":"var(--ast-global-color-5)","background-image":"","background-repeat":"repeat","background-position":"center center","background-size":"auto","background-attachment":"scroll","background-type":"","background-media":"","overlay-type":"","overlay-color":"","overlay-opacity":"","overlay-gradient":""}}},"product_brand":[],"product_cat":[34],"product_tag":[],"class_list":{"0":"post-9406","1":"product","2":"type-product","3":"status-publish","4":"has-post-thumbnail","6":"product_cat-metabolizem","7":"desktop-align-center","8":"tablet-align-center","9":"mobile-align-center","11":"first","12":"instock","13":"shipping-taxable","14":"purchasable","15":"product-type-variable"},"_links":{"self":[{"href":"https:\/\/musclegainalbania.com\/index.php?rest_route=\/wp\/v2\/product\/9406","targetHints":{"allow":["GET"]}}],"collection":[{"href":"https:\/\/musclegainalbania.com\/index.php?rest_route=\/wp\/v2\/product"}],"about":[{"href":"https:\/\/musclegainalbania.com\/index.php?rest_route=\/wp\/v2\/types\/product"}],"replies":[{"embeddable":true,"href":"https:\/\/musclegainalbania.com\/index.php?rest_route=%2Fwp%2Fv2%2Fcomments&post=9406"}],"wp:featuredmedia":[{"embeddable":true,"href":"https:\/\/musclegainalbania.com\/index.php?rest_route=\/wp\/v2\/media\/9407"}],"wp:attachment":[{"href":"https:\/\/musclegainalbania.com\/index.php?rest_route=%2Fwp%2Fv2%2Fmedia&parent=9406"}],"wp:term":[{"taxonomy":"product_brand","embeddable":true,"href":"https:\/\/musclegainalbania.com\/index.php?rest_route=%2Fwp%2Fv2%2Fproduct_brand&post=9406"},{"taxonomy":"product_cat","embeddable":true,"href":"https:\/\/musclegainalbania.com\/index.php?rest_route=%2Fwp%2Fv2%2Fproduct_cat&post=9406"},{"taxonomy":"product_tag","embeddable":true,"href":"https:\/\/musclegainalbania.com\/index.php?rest_route=%2Fwp%2Fv2%2Fproduct_tag&post=9406"}],"curies":[{"name":"wp","href":"https:\/\/api.w.org\/{rel}","templated":true}]}}