{"id":9401,"date":"2026-04-06T15:11:43","date_gmt":"2026-04-06T15:11:43","guid":{"rendered":"https:\/\/papayawhip-oyster-671994.hostingersite.com\/?post_type=product&#038;p=9401"},"modified":"2026-05-06T15:37:12","modified_gmt":"2026-05-06T15:37:12","slug":"calciumk2-supplement","status":"publish","type":"product","link":"https:\/\/musclegainalbania.com\/?product=calciumk2-supplement","title":{"rendered":"Calcium&#038;K2"},"content":{"rendered":"<p>Calcium &amp; Vitamin K2 \u00ebsht\u00eb nj\u00eb suplement q\u00eb kombinon kalciumin me vitamin\u00eb K2 p\u00ebr t\u00eb mb\u00ebshtetur sh\u00ebndetin e eshtrave dhe t\u00eb zemr\u00ebs.<\/p>\n<p>P\u00ebr \u00e7far\u00eb sh\u00ebrben:<\/p>\n<p>Fuqizon eshtrat duke ndihmuar n\u00eb thithjen dhe p\u00ebrdorimin e kalciumit<br \/>\nMb\u00ebshtet sh\u00ebndetin e zemr\u00ebs duke ndihmuar n\u00eb drejtimin e kalciumit larg arterieve<br \/>\nFunksionon me vitamin\u00eb D3 p\u00ebr efikasitet m\u00eb t\u00eb mir\u00eb (n\u00eb disa formula)<\/p>\n<p>Si merret: zakonisht 1\u20132 kapsula\/dit\u00eb me ushqim, sipas udh\u00ebzimeve t\u00eb produktit.<\/p>\n<p>Ky suplement \u00ebsht\u00eb i dobish\u00ebm p\u00ebr njer\u00ebzit q\u00eb duan t\u00eb mb\u00ebshtesin densitetin e eshtrave dhe sh\u00ebndetin kardiovaskular n\u00eb m\u00ebnyr\u00eb natyrale.<\/p>\n","protected":false},"excerpt":{"rendered":"<p>Calcium &amp; Vitamin K2 \u00ebsht\u00eb nj\u00eb suplement q\u00eb kombinon kalciumin me vitamin\u00eb K2 p\u00ebr t\u00eb mb\u00ebshtetur sh\u00ebndetin e eshtrave dhe t\u00eb zemr\u00ebs. P\u00ebr \u00e7far\u00eb sh\u00ebrben: Fuqizon eshtrat duke ndihmuar n\u00eb thithjen dhe p\u00ebrdorimin e kalciumit Mb\u00ebshtet sh\u00ebndetin e zemr\u00ebs duke ndihmuar n\u00eb drejtimin e kalciumit larg arterieve Funksionon me vitamin\u00eb D3 p\u00ebr efikasitet m\u00eb t\u00eb [&hellip;]<\/p>\n","protected":false},"featured_media":9403,"comment_status":"open","ping_status":"closed","template":"","meta":{"site-sidebar-layout":"default","site-content-layout":"","ast-site-content-layout":"default","site-content-style":"default","site-sidebar-style":"default","ast-global-header-display":"","ast-banner-title-visibility":"","ast-main-header-display":"","ast-hfb-above-header-display":"","ast-hfb-below-header-display":"","ast-hfb-mobile-header-display":"","site-post-title":"","ast-breadcrumbs-content":"","ast-featured-img":"","footer-sml-layout":"","ast-disable-related-posts":"","theme-transparent-header-meta":"default","adv-header-id-meta":"","stick-header-meta":"","header-above-stick-meta":"","header-main-stick-meta":"","header-below-stick-meta":"","astra-migrate-meta-layouts":"set","ast-page-background-enabled":"default","ast-page-background-meta":{"desktop":{"background-color":"","background-image":"","background-repeat":"repeat","background-position":"center center","background-size":"auto","background-attachment":"scroll","background-type":"","background-media":"","overlay-type":"","overlay-color":"","overlay-opacity":"","overlay-gradient":""},"tablet":{"background-color":"","background-image":"","background-repeat":"repeat","background-position":"center center","background-size":"auto","background-attachment":"scroll","background-type":"","background-media":"","overlay-type":"","overlay-color":"","overlay-opacity":"","overlay-gradient":""},"mobile":{"background-color":"","background-image":"","background-repeat":"repeat","background-position":"center center","background-size":"auto","background-attachment":"scroll","background-type":"","background-media":"","overlay-type":"","overlay-color":"","overlay-opacity":"","overlay-gradient":""}},"ast-content-background-meta":{"desktop":{"background-color":"var(--ast-global-color-5)","background-image":"","background-repeat":"repeat","background-position":"center center","background-size":"auto","background-attachment":"scroll","background-type":"","background-media":"","overlay-type":"","overlay-color":"","overlay-opacity":"","overlay-gradient":""},"tablet":{"background-color":"var(--ast-global-color-5)","background-image":"","background-repeat":"repeat","background-position":"center center","background-size":"auto","background-attachment":"scroll","background-type":"","background-media":"","overlay-type":"","overlay-color":"","overlay-opacity":"","overlay-gradient":""},"mobile":{"background-color":"var(--ast-global-color-5)","background-image":"","background-repeat":"repeat","background-position":"center center","background-size":"auto","background-attachment":"scroll","background-type":"","background-media":"","overlay-type":"","overlay-color":"","overlay-opacity":"","overlay-gradient":""}}},"product_brand":[],"product_cat":[34],"product_tag":[],"class_list":{"0":"post-9401","1":"product","2":"type-product","3":"status-publish","4":"has-post-thumbnail","6":"product_cat-metabolizem","7":"desktop-align-center","8":"tablet-align-center","9":"mobile-align-center","11":"first","12":"instock","13":"shipping-taxable","14":"purchasable","15":"product-type-simple"},"_links":{"self":[{"href":"https:\/\/musclegainalbania.com\/index.php?rest_route=\/wp\/v2\/product\/9401","targetHints":{"allow":["GET"]}}],"collection":[{"href":"https:\/\/musclegainalbania.com\/index.php?rest_route=\/wp\/v2\/product"}],"about":[{"href":"https:\/\/musclegainalbania.com\/index.php?rest_route=\/wp\/v2\/types\/product"}],"replies":[{"embeddable":true,"href":"https:\/\/musclegainalbania.com\/index.php?rest_route=%2Fwp%2Fv2%2Fcomments&post=9401"}],"wp:featuredmedia":[{"embeddable":true,"href":"https:\/\/musclegainalbania.com\/index.php?rest_route=\/wp\/v2\/media\/9403"}],"wp:attachment":[{"href":"https:\/\/musclegainalbania.com\/index.php?rest_route=%2Fwp%2Fv2%2Fmedia&parent=9401"}],"wp:term":[{"taxonomy":"product_brand","embeddable":true,"href":"https:\/\/musclegainalbania.com\/index.php?rest_route=%2Fwp%2Fv2%2Fproduct_brand&post=9401"},{"taxonomy":"product_cat","embeddable":true,"href":"https:\/\/musclegainalbania.com\/index.php?rest_route=%2Fwp%2Fv2%2Fproduct_cat&post=9401"},{"taxonomy":"product_tag","embeddable":true,"href":"https:\/\/musclegainalbania.com\/index.php?rest_route=%2Fwp%2Fv2%2Fproduct_tag&post=9401"}],"curies":[{"name":"wp","href":"https:\/\/api.w.org\/{rel}","templated":true}]}}