{"id":9387,"date":"2026-04-06T14:43:53","date_gmt":"2026-04-06T14:43:53","guid":{"rendered":"https:\/\/papayawhip-oyster-671994.hostingersite.com\/?post_type=product&#038;p=9387"},"modified":"2026-04-06T18:50:44","modified_gmt":"2026-04-06T18:50:44","slug":"yava-labs-creatine-300-gr","status":"publish","type":"product","link":"https:\/\/musclegainalbania.com\/?product=yava-labs-creatine-300-gr","title":{"rendered":"Creatine 300 gr YAVA LABS"},"content":{"rendered":"<p>Creatine 300g nga Yava Labs \u00ebsht\u00eb nj\u00eb suplement me kreatin\u00eb monohidrate q\u00eb ndihmon n\u00eb rritjen e forc\u00ebs, energjis\u00eb dhe mas\u00ebs muskulore. \u00c7do doz\u00eb prej rreth 5g p\u00ebrmban ~4.9g kreatin\u00eb, shpesh e kombinuar me taurin\u00eb dhe vitamin\u00eb B6 p\u00ebr m\u00eb shum\u00eb energji dhe reduktim t\u00eb lodhjes.<\/p>\n<p>P\u00ebrdoret p\u00ebr:<\/p>\n<p>rritjen e performanc\u00ebs n\u00eb st\u00ebrvitje intensive<br \/>\nshtimin e mas\u00ebs muskulore<br \/>\np\u00ebrmir\u00ebsimin e rikuperimit<\/p>\n<p>Nj\u00eb paketim prej 300g zakonisht jep rreth 60 doza, duke e b\u00ebr\u00eb praktik p\u00ebr p\u00ebrdorim t\u00eb p\u00ebrditsh\u00ebm.<\/p>\n<p>P\u00ebrdorimi:<br \/>\n1 lug\u00eb (~5g) me uj\u00eb, para ose pas st\u00ebrvitjes.<\/p>\n<p>\u00cbsht\u00eb nj\u00eb nga suplementet m\u00eb t\u00eb p\u00ebrdorura p\u00ebr forc\u00eb dhe performanc\u00eb n\u00eb palest\u00ebr.<\/p>\n","protected":false},"excerpt":{"rendered":"<p>Creatine 300g nga Yava Labs \u00ebsht\u00eb nj\u00eb suplement me kreatin\u00eb monohidrate q\u00eb ndihmon n\u00eb rritjen e forc\u00ebs, energjis\u00eb dhe mas\u00ebs muskulore. \u00c7do doz\u00eb prej rreth 5g p\u00ebrmban ~4.9g kreatin\u00eb, shpesh e kombinuar me taurin\u00eb dhe vitamin\u00eb B6 p\u00ebr m\u00eb shum\u00eb energji dhe reduktim t\u00eb lodhjes. P\u00ebrdoret p\u00ebr: rritjen e performanc\u00ebs n\u00eb st\u00ebrvitje intensive shtimin e [&hellip;]<\/p>\n","protected":false},"featured_media":9388,"comment_status":"open","ping_status":"closed","template":"","meta":{"site-sidebar-layout":"default","site-content-layout":"","ast-site-content-layout":"default","site-content-style":"default","site-sidebar-style":"default","ast-global-header-display":"","ast-banner-title-visibility":"","ast-main-header-display":"","ast-hfb-above-header-display":"","ast-hfb-below-header-display":"","ast-hfb-mobile-header-display":"","site-post-title":"","ast-breadcrumbs-content":"","ast-featured-img":"","footer-sml-layout":"","ast-disable-related-posts":"","theme-transparent-header-meta":"default","adv-header-id-meta":"","stick-header-meta":"","header-above-stick-meta":"","header-main-stick-meta":"","header-below-stick-meta":"","astra-migrate-meta-layouts":"set","ast-page-background-enabled":"default","ast-page-background-meta":{"desktop":{"background-color":"","background-image":"","background-repeat":"repeat","background-position":"center center","background-size":"auto","background-attachment":"scroll","background-type":"","background-media":"","overlay-type":"","overlay-color":"","overlay-opacity":"","overlay-gradient":""},"tablet":{"background-color":"","background-image":"","background-repeat":"repeat","background-position":"center center","background-size":"auto","background-attachment":"scroll","background-type":"","background-media":"","overlay-type":"","overlay-color":"","overlay-opacity":"","overlay-gradient":""},"mobile":{"background-color":"","background-image":"","background-repeat":"repeat","background-position":"center center","background-size":"auto","background-attachment":"scroll","background-type":"","background-media":"","overlay-type":"","overlay-color":"","overlay-opacity":"","overlay-gradient":""}},"ast-content-background-meta":{"desktop":{"background-color":"var(--ast-global-color-5)","background-image":"","background-repeat":"repeat","background-position":"center center","background-size":"auto","background-attachment":"scroll","background-type":"","background-media":"","overlay-type":"","overlay-color":"","overlay-opacity":"","overlay-gradient":""},"tablet":{"background-color":"var(--ast-global-color-5)","background-image":"","background-repeat":"repeat","background-position":"center center","background-size":"auto","background-attachment":"scroll","background-type":"","background-media":"","overlay-type":"","overlay-color":"","overlay-opacity":"","overlay-gradient":""},"mobile":{"background-color":"var(--ast-global-color-5)","background-image":"","background-repeat":"repeat","background-position":"center center","background-size":"auto","background-attachment":"scroll","background-type":"","background-media":"","overlay-type":"","overlay-color":"","overlay-opacity":"","overlay-gradient":""}}},"product_brand":[],"product_cat":[37,33],"product_tag":[],"class_list":{"0":"post-9387","1":"product","2":"type-product","3":"status-publish","4":"has-post-thumbnail","6":"product_cat-best-selling-products","7":"product_cat-creatine","8":"desktop-align-center","9":"tablet-align-center","10":"mobile-align-center","12":"first","13":"instock","14":"shipping-taxable","15":"purchasable","16":"product-type-simple"},"_links":{"self":[{"href":"https:\/\/musclegainalbania.com\/index.php?rest_route=\/wp\/v2\/product\/9387","targetHints":{"allow":["GET"]}}],"collection":[{"href":"https:\/\/musclegainalbania.com\/index.php?rest_route=\/wp\/v2\/product"}],"about":[{"href":"https:\/\/musclegainalbania.com\/index.php?rest_route=\/wp\/v2\/types\/product"}],"replies":[{"embeddable":true,"href":"https:\/\/musclegainalbania.com\/index.php?rest_route=%2Fwp%2Fv2%2Fcomments&post=9387"}],"wp:featuredmedia":[{"embeddable":true,"href":"https:\/\/musclegainalbania.com\/index.php?rest_route=\/wp\/v2\/media\/9388"}],"wp:attachment":[{"href":"https:\/\/musclegainalbania.com\/index.php?rest_route=%2Fwp%2Fv2%2Fmedia&parent=9387"}],"wp:term":[{"taxonomy":"product_brand","embeddable":true,"href":"https:\/\/musclegainalbania.com\/index.php?rest_route=%2Fwp%2Fv2%2Fproduct_brand&post=9387"},{"taxonomy":"product_cat","embeddable":true,"href":"https:\/\/musclegainalbania.com\/index.php?rest_route=%2Fwp%2Fv2%2Fproduct_cat&post=9387"},{"taxonomy":"product_tag","embeddable":true,"href":"https:\/\/musclegainalbania.com\/index.php?rest_route=%2Fwp%2Fv2%2Fproduct_tag&post=9387"}],"curies":[{"name":"wp","href":"https:\/\/api.w.org\/{rel}","templated":true}]}}