{"id":9285,"date":"2026-03-25T12:35:54","date_gmt":"2026-03-25T12:35:54","guid":{"rendered":"https:\/\/papayawhip-oyster-671994.hostingersite.com\/product\/yava-labs-vegan-protein-chocolate-ice-cream\/"},"modified":"2026-04-28T18:47:10","modified_gmt":"2026-04-28T18:47:10","slug":"yava-labs-vegan-protein-chocolate-ice-cream","status":"publish","type":"product","link":"https:\/\/musclegainalbania.com\/?product=yava-labs-vegan-protein-chocolate-ice-cream","title":{"rendered":"Yava Labs Vegan Protein 2kg"},"content":{"rendered":"<p>Vegan Protein \u2013 Yava Labs<\/p>\n<p>Vegan Protein nga Yava Labs \u00ebsht\u00eb nj\u00eb suplement ushqimor me baz\u00eb bimore, i krijuar p\u00ebr t\u00eb ofruar nj\u00eb burim t\u00eb past\u00ebr dhe cil\u00ebsor proteine p\u00ebr nj\u00eb stil jetese aktiv. I formuluar me proteina vegane t\u00eb p\u00ebrzgjedhura, ky produkt ndihmon n\u00eb mb\u00ebshtetjen e mas\u00ebs muskulore, rikuperimin pas aktivitetit fizik dhe ruajtjen e energjis\u00eb gjat\u00eb dit\u00ebs.<\/p>\n<p>Me nj\u00eb formul\u00eb pa p\u00ebrb\u00ebr\u00ebs me origjin\u00eb shtazore, \u00ebsht\u00eb i p\u00ebrshtatsh\u00ebm p\u00ebr vegan\u00eb dhe p\u00ebr k\u00ebdo q\u00eb k\u00ebrkon alternativa m\u00eb t\u00eb lehta dhe t\u00eb balancuara ushqimore. P\u00ebrthithet leht\u00ebsisht dhe integrohet pa v\u00ebshtir\u00ebsi n\u00eb rutin\u00ebn tuaj t\u00eb p\u00ebrditshme.<\/p>\n<p>\u2e3b<\/p>\n<p>Pikat kryesore<\/p>\n<p>* 100% formul\u00eb vegane me proteina bimore cil\u00ebsore<br \/>\n* Mb\u00ebshtet rritjen dhe rikuperimin muskulor<br \/>\n* I leht\u00eb p\u00ebr t\u2019u tretur dhe p\u00ebrthithur<br \/>\n* Pa p\u00ebrb\u00ebr\u00ebs me origjin\u00eb shtazore<br \/>\n* I p\u00ebrshtatsh\u00ebm p\u00ebr konsum ditor<\/p>\n<p>\u2e3b<\/p>\n<p>P\u00ebrdorimi<\/p>\n<p>P\u00ebrziej 1 scoop (rreth 30g) me 200\u2013250 ml uj\u00eb ose qum\u00ebsht bimor. Konsumohet pas st\u00ebrvitjes ose gjat\u00eb dit\u00ebs sipas nevoj\u00ebs.<\/p>\n","protected":false},"excerpt":{"rendered":"<p>Vegan Protein \u2013 Yava Labs Vegan Protein nga Yava Labs \u00ebsht\u00eb nj\u00eb suplement ushqimor me baz\u00eb bimore, i krijuar p\u00ebr t\u00eb ofruar nj\u00eb burim t\u00eb past\u00ebr dhe cil\u00ebsor proteine p\u00ebr nj\u00eb stil jetese aktiv. I formuluar me proteina vegane t\u00eb p\u00ebrzgjedhura, ky produkt ndihmon n\u00eb mb\u00ebshtetjen e mas\u00ebs muskulore, rikuperimin pas aktivitetit fizik dhe ruajtjen [&hellip;]<\/p>\n","protected":false},"featured_media":9170,"comment_status":"open","ping_status":"closed","template":"","meta":{"site-sidebar-layout":"default","site-content-layout":"","ast-site-content-layout":"default","site-content-style":"default","site-sidebar-style":"default","ast-global-header-display":"","ast-banner-title-visibility":"","ast-main-header-display":"","ast-hfb-above-header-display":"","ast-hfb-below-header-display":"","ast-hfb-mobile-header-display":"","site-post-title":"","ast-breadcrumbs-content":"","ast-featured-img":"","footer-sml-layout":"","ast-disable-related-posts":"","theme-transparent-header-meta":"default","adv-header-id-meta":"","stick-header-meta":"","header-above-stick-meta":"","header-main-stick-meta":"","header-below-stick-meta":"","astra-migrate-meta-layouts":"set","ast-page-background-enabled":"default","ast-page-background-meta":{"desktop":{"background-color":"","background-image":"","background-repeat":"repeat","background-position":"center center","background-size":"auto","background-attachment":"scroll","background-type":"","background-media":"","overlay-type":"","overlay-color":"","overlay-opacity":"","overlay-gradient":""},"tablet":{"background-color":"","background-image":"","background-repeat":"repeat","background-position":"center center","background-size":"auto","background-attachment":"scroll","background-type":"","background-media":"","overlay-type":"","overlay-color":"","overlay-opacity":"","overlay-gradient":""},"mobile":{"background-color":"","background-image":"","background-repeat":"repeat","background-position":"center center","background-size":"auto","background-attachment":"scroll","background-type":"","background-media":"","overlay-type":"","overlay-color":"","overlay-opacity":"","overlay-gradient":""}},"ast-content-background-meta":{"desktop":{"background-color":"var(--ast-global-color-5)","background-image":"","background-repeat":"repeat","background-position":"center center","background-size":"auto","background-attachment":"scroll","background-type":"","background-media":"","overlay-type":"","overlay-color":"","overlay-opacity":"","overlay-gradient":""},"tablet":{"background-color":"var(--ast-global-color-5)","background-image":"","background-repeat":"repeat","background-position":"center center","background-size":"auto","background-attachment":"scroll","background-type":"","background-media":"","overlay-type":"","overlay-color":"","overlay-opacity":"","overlay-gradient":""},"mobile":{"background-color":"var(--ast-global-color-5)","background-image":"","background-repeat":"repeat","background-position":"center center","background-size":"auto","background-attachment":"scroll","background-type":"","background-media":"","overlay-type":"","overlay-color":"","overlay-opacity":"","overlay-gradient":""}}},"product_brand":[],"product_cat":[32],"product_tag":[],"class_list":{"0":"post-9285","1":"product","2":"type-product","3":"status-publish","4":"has-post-thumbnail","6":"product_cat-proteina","7":"desktop-align-center","8":"tablet-align-center","9":"mobile-align-center","11":"first","12":"instock","13":"shipping-taxable","14":"purchasable","15":"product-type-variable"},"_links":{"self":[{"href":"https:\/\/musclegainalbania.com\/index.php?rest_route=\/wp\/v2\/product\/9285","targetHints":{"allow":["GET"]}}],"collection":[{"href":"https:\/\/musclegainalbania.com\/index.php?rest_route=\/wp\/v2\/product"}],"about":[{"href":"https:\/\/musclegainalbania.com\/index.php?rest_route=\/wp\/v2\/types\/product"}],"replies":[{"embeddable":true,"href":"https:\/\/musclegainalbania.com\/index.php?rest_route=%2Fwp%2Fv2%2Fcomments&post=9285"}],"wp:featuredmedia":[{"embeddable":true,"href":"https:\/\/musclegainalbania.com\/index.php?rest_route=\/wp\/v2\/media\/9170"}],"wp:attachment":[{"href":"https:\/\/musclegainalbania.com\/index.php?rest_route=%2Fwp%2Fv2%2Fmedia&parent=9285"}],"wp:term":[{"taxonomy":"product_brand","embeddable":true,"href":"https:\/\/musclegainalbania.com\/index.php?rest_route=%2Fwp%2Fv2%2Fproduct_brand&post=9285"},{"taxonomy":"product_cat","embeddable":true,"href":"https:\/\/musclegainalbania.com\/index.php?rest_route=%2Fwp%2Fv2%2Fproduct_cat&post=9285"},{"taxonomy":"product_tag","embeddable":true,"href":"https:\/\/musclegainalbania.com\/index.php?rest_route=%2Fwp%2Fv2%2Fproduct_tag&post=9285"}],"curies":[{"name":"wp","href":"https:\/\/api.w.org\/{rel}","templated":true}]}}