{"id":9277,"date":"2026-03-25T12:35:52","date_gmt":"2026-03-25T12:35:52","guid":{"rendered":"https:\/\/papayawhip-oyster-671994.hostingersite.com\/product\/applied-nutrition-cream-of-rice-unflavoured\/"},"modified":"2026-05-01T15:35:23","modified_gmt":"2026-05-01T15:35:23","slug":"applied-nutrition-cream-of-rice-unflavoured","status":"publish","type":"product","link":"https:\/\/musclegainalbania.com\/?product=applied-nutrition-cream-of-rice-unflavoured","title":{"rendered":"Applied Nutrition Cream of Rice Unflavoured 2kg"},"content":{"rendered":"<p data-start=\"39\" data-end=\"245\">Cream of Rice nga Applied Nutrition \u00ebsht\u00eb nj\u00eb burim i past\u00ebr i <strong data-start=\"102\" data-end=\"130\">karbohidrateve komplekse<\/strong>, i formuluar p\u00ebr t\u00eb ofruar <strong data-start=\"158\" data-end=\"204\">energji t\u00eb q\u00ebndrueshme dhe tretje t\u00eb leht\u00eb<\/strong>, ideal p\u00ebr m\u00ebngjes ose rreth st\u00ebrvitjes.<\/p>\n<p data-start=\"247\" data-end=\"427\">I p\u00ebrb\u00ebr\u00eb nga <strong data-start=\"261\" data-end=\"289\">miell orizi i bluar im\u00ebt<\/strong>, ky produkt \u00ebsht\u00eb shum\u00eb i leht\u00eb p\u00ebr stomakun dhe p\u00ebrdoret gjer\u00ebsisht nga sportist\u00ebt p\u00ebr furnizim t\u00eb shpejt\u00eb me energji pa ndjesi r\u00ebndese.<\/p>\n<h3 data-section-id=\"1dip94x\" data-start=\"429\" data-end=\"455\">\u00a0P\u00ebrfitimet kryesore:<\/h3>\n<ul data-start=\"456\" data-end=\"826\">\n<li data-section-id=\"1uy7v16\" data-start=\"456\" data-end=\"552\">Ofron <strong data-start=\"464\" data-end=\"512\">25g karbohidrate komplekse p\u00ebr porcion (30g)<\/strong><\/li>\n<li data-section-id=\"neq8nb\" data-start=\"553\" data-end=\"603\">Siguron <strong data-start=\"563\" data-end=\"601\">energji t\u00eb q\u00ebndrueshme gjat\u00eb dit\u00ebs<\/strong><\/li>\n<li data-section-id=\"1sslvnl\" data-start=\"604\" data-end=\"660\"><strong data-start=\"606\" data-end=\"626\">Leht\u00eb p\u00ebr tretje<\/strong> \u2013 ideal para ose pas st\u00ebrvitjes<\/li>\n<li data-section-id=\"1o5l8fx\" data-start=\"661\" data-end=\"734\">I ul\u00ebt n\u00eb <strong data-start=\"673\" data-end=\"694\">sheqer dhe yndyr\u00eb<\/strong><\/li>\n<li data-section-id=\"1u4x43z\" data-start=\"735\" data-end=\"826\">I p\u00ebrshtatsh\u00ebm p\u00ebr <strong data-start=\"756\" data-end=\"786\">vegan\u00eb dhe dieta pa gluten<\/strong><\/li>\n<\/ul>\n<h3 data-section-id=\"1qn5906\" data-start=\"1112\" data-end=\"1129\">P\u00ebrdorimi:<\/h3>\n<p data-start=\"1130\" data-end=\"1307\">P\u00ebrzieni <strong data-start=\"1139\" data-end=\"1156\">1 scoop (30g)<\/strong> me 100\u2013150 ml uj\u00eb t\u00eb nxeht\u00eb ose qum\u00ebsht, p\u00ebrzieni dhe l\u00ebreni 1\u20132 minuta. Mund t\u00eb p\u00ebrgatitet edhe n\u00eb mikroval\u00eb<\/p>\n","protected":false},"excerpt":{"rendered":"<p>Burim karbohidratesh i leht\u00eb p\u00ebr tretje.<\/p>\n","protected":false},"featured_media":9175,"comment_status":"open","ping_status":"closed","template":"","meta":{"site-sidebar-layout":"default","site-content-layout":"","ast-site-content-layout":"default","site-content-style":"default","site-sidebar-style":"default","ast-global-header-display":"","ast-banner-title-visibility":"","ast-main-header-display":"","ast-hfb-above-header-display":"","ast-hfb-below-header-display":"","ast-hfb-mobile-header-display":"","site-post-title":"","ast-breadcrumbs-content":"","ast-featured-img":"","footer-sml-layout":"","ast-disable-related-posts":"","theme-transparent-header-meta":"default","adv-header-id-meta":"","stick-header-meta":"","header-above-stick-meta":"","header-main-stick-meta":"","header-below-stick-meta":"","astra-migrate-meta-layouts":"set","ast-page-background-enabled":"default","ast-page-background-meta":{"desktop":{"background-color":"","background-image":"","background-repeat":"repeat","background-position":"center center","background-size":"auto","background-attachment":"scroll","background-type":"","background-media":"","overlay-type":"","overlay-color":"","overlay-opacity":"","overlay-gradient":""},"tablet":{"background-color":"","background-image":"","background-repeat":"repeat","background-position":"center center","background-size":"auto","background-attachment":"scroll","background-type":"","background-media":"","overlay-type":"","overlay-color":"","overlay-opacity":"","overlay-gradient":""},"mobile":{"background-color":"","background-image":"","background-repeat":"repeat","background-position":"center center","background-size":"auto","background-attachment":"scroll","background-type":"","background-media":"","overlay-type":"","overlay-color":"","overlay-opacity":"","overlay-gradient":""}},"ast-content-background-meta":{"desktop":{"background-color":"var(--ast-global-color-5)","background-image":"","background-repeat":"repeat","background-position":"center center","background-size":"auto","background-attachment":"scroll","background-type":"","background-media":"","overlay-type":"","overlay-color":"","overlay-opacity":"","overlay-gradient":""},"tablet":{"background-color":"var(--ast-global-color-5)","background-image":"","background-repeat":"repeat","background-position":"center center","background-size":"auto","background-attachment":"scroll","background-type":"","background-media":"","overlay-type":"","overlay-color":"","overlay-opacity":"","overlay-gradient":""},"mobile":{"background-color":"var(--ast-global-color-5)","background-image":"","background-repeat":"repeat","background-position":"center center","background-size":"auto","background-attachment":"scroll","background-type":"","background-media":"","overlay-type":"","overlay-color":"","overlay-opacity":"","overlay-gradient":""}}},"product_brand":[],"product_cat":[37,34],"product_tag":[],"class_list":{"0":"post-9277","1":"product","2":"type-product","3":"status-publish","4":"has-post-thumbnail","6":"product_cat-best-selling-products","7":"product_cat-metabolizem","8":"desktop-align-center","9":"tablet-align-center","10":"mobile-align-center","12":"first","13":"instock","14":"shipping-taxable","15":"purchasable","16":"product-type-simple"},"_links":{"self":[{"href":"https:\/\/musclegainalbania.com\/index.php?rest_route=\/wp\/v2\/product\/9277","targetHints":{"allow":["GET"]}}],"collection":[{"href":"https:\/\/musclegainalbania.com\/index.php?rest_route=\/wp\/v2\/product"}],"about":[{"href":"https:\/\/musclegainalbania.com\/index.php?rest_route=\/wp\/v2\/types\/product"}],"replies":[{"embeddable":true,"href":"https:\/\/musclegainalbania.com\/index.php?rest_route=%2Fwp%2Fv2%2Fcomments&post=9277"}],"wp:featuredmedia":[{"embeddable":true,"href":"https:\/\/musclegainalbania.com\/index.php?rest_route=\/wp\/v2\/media\/9175"}],"wp:attachment":[{"href":"https:\/\/musclegainalbania.com\/index.php?rest_route=%2Fwp%2Fv2%2Fmedia&parent=9277"}],"wp:term":[{"taxonomy":"product_brand","embeddable":true,"href":"https:\/\/musclegainalbania.com\/index.php?rest_route=%2Fwp%2Fv2%2Fproduct_brand&post=9277"},{"taxonomy":"product_cat","embeddable":true,"href":"https:\/\/musclegainalbania.com\/index.php?rest_route=%2Fwp%2Fv2%2Fproduct_cat&post=9277"},{"taxonomy":"product_tag","embeddable":true,"href":"https:\/\/musclegainalbania.com\/index.php?rest_route=%2Fwp%2Fv2%2Fproduct_tag&post=9277"}],"curies":[{"name":"wp","href":"https:\/\/api.w.org\/{rel}","templated":true}]}}