{"id":9276,"date":"2026-03-25T12:35:52","date_gmt":"2026-03-25T12:35:52","guid":{"rendered":"https:\/\/papayawhip-oyster-671994.hostingersite.com\/product\/applied-nutrition-tudca-nac\/"},"modified":"2026-05-01T15:31:11","modified_gmt":"2026-05-01T15:31:11","slug":"applied-nutrition-tudca-nac","status":"publish","type":"product","link":"https:\/\/musclegainalbania.com\/?product=applied-nutrition-tudca-nac","title":{"rendered":"Applied Nutrition TUDCA + NAC"},"content":{"rendered":"<p data-start=\"37\" data-end=\"303\">TUDCA + NAC nga Applied Nutrition \u00ebsht\u00eb nj\u00eb suplement i avancuar i formuluar p\u00ebr t\u00eb mb\u00ebshtetur <strong data-start=\"132\" data-end=\"193\">sh\u00ebndetin e m\u00ebl\u00e7is\u00eb dhe mbrojtjen antioksiduese t\u00eb trupit<\/strong>. Ky kombinim bashkon dy p\u00ebrb\u00ebr\u00ebs shum\u00eb t\u00eb fuqish\u00ebm q\u00eb punojn\u00eb n\u00eb sinergji p\u00ebr funksion optimal t\u00eb organizmit.<\/p>\n<h3 data-section-id=\"1dip94x\" data-start=\"305\" data-end=\"331\">\u00a0P\u00ebrfitimet kryesore:<\/h3>\n<ul data-start=\"332\" data-end=\"578\">\n<li data-section-id=\"bbqx4\" data-start=\"332\" data-end=\"375\">Mb\u00ebshtet <strong data-start=\"343\" data-end=\"375\">funksionin normal t\u00eb m\u00ebl\u00e7is\u00eb<\/strong><\/li>\n<li data-section-id=\"1s3lccy\" data-start=\"376\" data-end=\"428\">Ndihmon n\u00eb <strong data-start=\"389\" data-end=\"428\">proceset natyrale t\u00eb detoksifikimit<\/strong><\/li>\n<li data-section-id=\"1om61lu\" data-start=\"429\" data-end=\"485\">Rrit <strong data-start=\"436\" data-end=\"485\">mbrojtjen antioksiduese (glutathione support)<\/strong><\/li>\n<li data-section-id=\"1cvja8r\" data-start=\"486\" data-end=\"533\">Ndihmon n\u00eb <strong data-start=\"499\" data-end=\"533\">reduktimin e stresit oksidativ<\/strong><\/li>\n<li data-section-id=\"fv58t6\" data-start=\"534\" data-end=\"578\">Mb\u00ebshtet <strong data-start=\"545\" data-end=\"578\">tretjen dhe funksionin biliar<\/strong><\/li>\n<\/ul>\n<p data-start=\"851\" data-end=\"969\">Merrni <strong data-start=\"858\" data-end=\"879\">3 kapsula n\u00eb dit\u00eb<\/strong>, zakonisht n\u00eb m\u00ebngjes, 30\u201345 minuta para ushqimit.<\/p>\n","protected":false},"excerpt":{"rendered":"<p>TUDCA + NAC nga Applied Nutrition \u00ebsht\u00eb nj\u00eb suplement i avancuar i formuluar p\u00ebr t\u00eb mb\u00ebshtetur sh\u00ebndetin e m\u00ebl\u00e7is\u00eb dhe mbrojtjen antioksiduese t\u00eb trupit. Ky kombinim bashkon dy p\u00ebrb\u00ebr\u00ebs shum\u00eb t\u00eb fuqish\u00ebm q\u00eb punojn\u00eb n\u00eb sinergji p\u00ebr funksion optimal t\u00eb organizmit. \u00a0P\u00ebrfitimet kryesore: Mb\u00ebshtet funksionin normal t\u00eb m\u00ebl\u00e7is\u00eb Ndihmon n\u00eb proceset natyrale t\u00eb detoksifikimit Rrit [&hellip;]<\/p>\n","protected":false},"featured_media":9184,"comment_status":"open","ping_status":"closed","template":"","meta":{"site-sidebar-layout":"default","site-content-layout":"","ast-site-content-layout":"default","site-content-style":"default","site-sidebar-style":"default","ast-global-header-display":"","ast-banner-title-visibility":"","ast-main-header-display":"","ast-hfb-above-header-display":"","ast-hfb-below-header-display":"","ast-hfb-mobile-header-display":"","site-post-title":"","ast-breadcrumbs-content":"","ast-featured-img":"","footer-sml-layout":"","ast-disable-related-posts":"","theme-transparent-header-meta":"default","adv-header-id-meta":"","stick-header-meta":"","header-above-stick-meta":"","header-main-stick-meta":"","header-below-stick-meta":"","astra-migrate-meta-layouts":"set","ast-page-background-enabled":"default","ast-page-background-meta":{"desktop":{"background-color":"","background-image":"","background-repeat":"repeat","background-position":"center center","background-size":"auto","background-attachment":"scroll","background-type":"","background-media":"","overlay-type":"","overlay-color":"","overlay-opacity":"","overlay-gradient":""},"tablet":{"background-color":"","background-image":"","background-repeat":"repeat","background-position":"center center","background-size":"auto","background-attachment":"scroll","background-type":"","background-media":"","overlay-type":"","overlay-color":"","overlay-opacity":"","overlay-gradient":""},"mobile":{"background-color":"","background-image":"","background-repeat":"repeat","background-position":"center center","background-size":"auto","background-attachment":"scroll","background-type":"","background-media":"","overlay-type":"","overlay-color":"","overlay-opacity":"","overlay-gradient":""}},"ast-content-background-meta":{"desktop":{"background-color":"var(--ast-global-color-5)","background-image":"","background-repeat":"repeat","background-position":"center center","background-size":"auto","background-attachment":"scroll","background-type":"","background-media":"","overlay-type":"","overlay-color":"","overlay-opacity":"","overlay-gradient":""},"tablet":{"background-color":"var(--ast-global-color-5)","background-image":"","background-repeat":"repeat","background-position":"center center","background-size":"auto","background-attachment":"scroll","background-type":"","background-media":"","overlay-type":"","overlay-color":"","overlay-opacity":"","overlay-gradient":""},"mobile":{"background-color":"var(--ast-global-color-5)","background-image":"","background-repeat":"repeat","background-position":"center center","background-size":"auto","background-attachment":"scroll","background-type":"","background-media":"","overlay-type":"","overlay-color":"","overlay-opacity":"","overlay-gradient":""}}},"product_brand":[],"product_cat":[34],"product_tag":[],"class_list":{"0":"post-9276","1":"product","2":"type-product","3":"status-publish","4":"has-post-thumbnail","6":"product_cat-metabolizem","7":"desktop-align-center","8":"tablet-align-center","9":"mobile-align-center","11":"first","12":"instock","13":"shipping-taxable","14":"purchasable","15":"product-type-simple"},"_links":{"self":[{"href":"https:\/\/musclegainalbania.com\/index.php?rest_route=\/wp\/v2\/product\/9276","targetHints":{"allow":["GET"]}}],"collection":[{"href":"https:\/\/musclegainalbania.com\/index.php?rest_route=\/wp\/v2\/product"}],"about":[{"href":"https:\/\/musclegainalbania.com\/index.php?rest_route=\/wp\/v2\/types\/product"}],"replies":[{"embeddable":true,"href":"https:\/\/musclegainalbania.com\/index.php?rest_route=%2Fwp%2Fv2%2Fcomments&post=9276"}],"wp:featuredmedia":[{"embeddable":true,"href":"https:\/\/musclegainalbania.com\/index.php?rest_route=\/wp\/v2\/media\/9184"}],"wp:attachment":[{"href":"https:\/\/musclegainalbania.com\/index.php?rest_route=%2Fwp%2Fv2%2Fmedia&parent=9276"}],"wp:term":[{"taxonomy":"product_brand","embeddable":true,"href":"https:\/\/musclegainalbania.com\/index.php?rest_route=%2Fwp%2Fv2%2Fproduct_brand&post=9276"},{"taxonomy":"product_cat","embeddable":true,"href":"https:\/\/musclegainalbania.com\/index.php?rest_route=%2Fwp%2Fv2%2Fproduct_cat&post=9276"},{"taxonomy":"product_tag","embeddable":true,"href":"https:\/\/musclegainalbania.com\/index.php?rest_route=%2Fwp%2Fv2%2Fproduct_tag&post=9276"}],"curies":[{"name":"wp","href":"https:\/\/api.w.org\/{rel}","templated":true}]}}