{"id":9274,"date":"2026-03-25T12:35:51","date_gmt":"2026-03-25T12:35:51","guid":{"rendered":"https:\/\/papayawhip-oyster-671994.hostingersite.com\/product\/yava-labs-bulk-mass-cookies-cream\/"},"modified":"2026-05-06T15:21:36","modified_gmt":"2026-05-06T15:21:36","slug":"yava-labs-bulk-mass-cookies-cream","status":"publish","type":"product","link":"https:\/\/musclegainalbania.com\/?product=yava-labs-bulk-mass-cookies-cream","title":{"rendered":"Yava Labs Bulk Mass 3kg"},"content":{"rendered":"<p data-start=\"69\" data-end=\"98\"><strong data-start=\"69\" data-end=\"98\">Bulk Mass 3KG \u2013 Yava Labs<\/strong><\/p>\n<p data-start=\"100\" data-end=\"329\">Bulk Mass nga Yava Labs \u00ebsht\u00eb nj\u00eb <strong data-start=\"134\" data-end=\"160\">mass gainer i avancuar<\/strong> i krijuar p\u00ebr t\u00eb ndihmuar n\u00eb <strong data-start=\"190\" data-end=\"238\">rritjen e pesh\u00ebs, mas\u00ebs muskulore dhe forc\u00ebs<\/strong>, duke ofruar nj\u00eb kombinim optimal t\u00eb <strong data-start=\"276\" data-end=\"328\">proteinave dhe karbohidrateve me kalori t\u00eb larta<\/strong>.<\/p>\n<h3 data-section-id=\"1dip94x\" data-start=\"336\" data-end=\"362\">\u00a0P\u00ebrfitimet kryesore:<\/h3>\n<ul data-start=\"363\" data-end=\"624\">\n<li data-section-id=\"1yk0cjp\" data-start=\"363\" data-end=\"407\">Ndihmon n\u00eb <strong data-start=\"376\" data-end=\"405\">shtimin e mas\u00ebs muskulore<\/strong><\/li>\n<li data-section-id=\"1s5xcn9\" data-start=\"408\" data-end=\"454\">Ofron <strong data-start=\"416\" data-end=\"452\">kalori t\u00eb larta p\u00ebr rritje peshe<\/strong><\/li>\n<li data-section-id=\"1abl95k\" data-start=\"455\" data-end=\"498\">Mb\u00ebshtet <strong data-start=\"466\" data-end=\"496\">rikuperimin pas st\u00ebrvitjes<\/strong><\/li>\n<li data-section-id=\"bgdk4r\" data-start=\"499\" data-end=\"545\">Rrit <strong data-start=\"506\" data-end=\"543\">energjin\u00eb dhe performanc\u00ebn fizike<\/strong><\/li>\n<li data-section-id=\"1mnyemr\" data-start=\"546\" data-end=\"624\">Ideal p\u00ebr <strong data-start=\"558\" data-end=\"622\">hardgainers (persona q\u00eb e kan\u00eb t\u00eb v\u00ebshtir\u00eb t\u00eb shtojn\u00eb pesh\u00eb)<\/strong><\/li>\n<\/ul>\n<h3 data-section-id=\"1qn5906\" data-start=\"1002\" data-end=\"1019\">\u00a0P\u00ebrdorimi:<\/h3>\n<p data-start=\"1020\" data-end=\"1089\">P\u00ebrzieni <strong data-start=\"1029\" data-end=\"1072\">3.5 scoops me 500\u2013700ml uj\u00eb ose qum\u00ebsht\u00a0<\/strong><\/p>\n<ul data-start=\"1090\" data-end=\"1180\">\n<li data-section-id=\"1tyemh2\" data-start=\"1090\" data-end=\"1118\">Ideal i ndar\u00eb n\u00eb 2 pjes\u00eb gjat\u00eb dit\u00ebs p\u00ebr marrje m\u00eb t\u00eb leht\u00eb.<\/li>\n<\/ul>\n","protected":false},"excerpt":{"rendered":"<p>Bulk Mass 3KG \u2013 Yava Labs Bulk Mass nga Yava Labs \u00ebsht\u00eb nj\u00eb mass gainer i avancuar i krijuar p\u00ebr t\u00eb ndihmuar n\u00eb rritjen e pesh\u00ebs, mas\u00ebs muskulore dhe forc\u00ebs, duke ofruar nj\u00eb kombinim optimal t\u00eb proteinave dhe karbohidrateve me kalori t\u00eb larta. \u00a0P\u00ebrfitimet kryesore: Ndihmon n\u00eb shtimin e mas\u00ebs muskulore Ofron kalori t\u00eb larta [&hellip;]<\/p>\n","protected":false},"featured_media":9159,"comment_status":"open","ping_status":"closed","template":"","meta":{"site-sidebar-layout":"default","site-content-layout":"","ast-site-content-layout":"default","site-content-style":"default","site-sidebar-style":"default","ast-global-header-display":"","ast-banner-title-visibility":"","ast-main-header-display":"","ast-hfb-above-header-display":"","ast-hfb-below-header-display":"","ast-hfb-mobile-header-display":"","site-post-title":"","ast-breadcrumbs-content":"","ast-featured-img":"","footer-sml-layout":"","ast-disable-related-posts":"","theme-transparent-header-meta":"default","adv-header-id-meta":"","stick-header-meta":"","header-above-stick-meta":"","header-main-stick-meta":"","header-below-stick-meta":"","astra-migrate-meta-layouts":"set","ast-page-background-enabled":"default","ast-page-background-meta":{"desktop":{"background-color":"","background-image":"","background-repeat":"repeat","background-position":"center center","background-size":"auto","background-attachment":"scroll","background-type":"","background-media":"","overlay-type":"","overlay-color":"","overlay-opacity":"","overlay-gradient":""},"tablet":{"background-color":"","background-image":"","background-repeat":"repeat","background-position":"center center","background-size":"auto","background-attachment":"scroll","background-type":"","background-media":"","overlay-type":"","overlay-color":"","overlay-opacity":"","overlay-gradient":""},"mobile":{"background-color":"","background-image":"","background-repeat":"repeat","background-position":"center center","background-size":"auto","background-attachment":"scroll","background-type":"","background-media":"","overlay-type":"","overlay-color":"","overlay-opacity":"","overlay-gradient":""}},"ast-content-background-meta":{"desktop":{"background-color":"var(--ast-global-color-5)","background-image":"","background-repeat":"repeat","background-position":"center center","background-size":"auto","background-attachment":"scroll","background-type":"","background-media":"","overlay-type":"","overlay-color":"","overlay-opacity":"","overlay-gradient":""},"tablet":{"background-color":"var(--ast-global-color-5)","background-image":"","background-repeat":"repeat","background-position":"center center","background-size":"auto","background-attachment":"scroll","background-type":"","background-media":"","overlay-type":"","overlay-color":"","overlay-opacity":"","overlay-gradient":""},"mobile":{"background-color":"var(--ast-global-color-5)","background-image":"","background-repeat":"repeat","background-position":"center center","background-size":"auto","background-attachment":"scroll","background-type":"","background-media":"","overlay-type":"","overlay-color":"","overlay-opacity":"","overlay-gradient":""}}},"product_brand":[],"product_cat":[37,32],"product_tag":[],"class_list":{"0":"post-9274","1":"product","2":"type-product","3":"status-publish","4":"has-post-thumbnail","6":"product_cat-best-selling-products","7":"product_cat-proteina","8":"desktop-align-center","9":"tablet-align-center","10":"mobile-align-center","12":"first","13":"instock","14":"shipping-taxable","15":"purchasable","16":"product-type-variable"},"_links":{"self":[{"href":"https:\/\/musclegainalbania.com\/index.php?rest_route=\/wp\/v2\/product\/9274","targetHints":{"allow":["GET"]}}],"collection":[{"href":"https:\/\/musclegainalbania.com\/index.php?rest_route=\/wp\/v2\/product"}],"about":[{"href":"https:\/\/musclegainalbania.com\/index.php?rest_route=\/wp\/v2\/types\/product"}],"replies":[{"embeddable":true,"href":"https:\/\/musclegainalbania.com\/index.php?rest_route=%2Fwp%2Fv2%2Fcomments&post=9274"}],"wp:featuredmedia":[{"embeddable":true,"href":"https:\/\/musclegainalbania.com\/index.php?rest_route=\/wp\/v2\/media\/9159"}],"wp:attachment":[{"href":"https:\/\/musclegainalbania.com\/index.php?rest_route=%2Fwp%2Fv2%2Fmedia&parent=9274"}],"wp:term":[{"taxonomy":"product_brand","embeddable":true,"href":"https:\/\/musclegainalbania.com\/index.php?rest_route=%2Fwp%2Fv2%2Fproduct_brand&post=9274"},{"taxonomy":"product_cat","embeddable":true,"href":"https:\/\/musclegainalbania.com\/index.php?rest_route=%2Fwp%2Fv2%2Fproduct_cat&post=9274"},{"taxonomy":"product_tag","embeddable":true,"href":"https:\/\/musclegainalbania.com\/index.php?rest_route=%2Fwp%2Fv2%2Fproduct_tag&post=9274"}],"curies":[{"name":"wp","href":"https:\/\/api.w.org\/{rel}","templated":true}]}}