{"id":9267,"date":"2026-03-25T12:35:51","date_gmt":"2026-03-25T12:35:51","guid":{"rendered":"https:\/\/papayawhip-oyster-671994.hostingersite.com\/product\/applied-nutrition-critical-greens-unflavoured\/"},"modified":"2026-05-01T15:41:39","modified_gmt":"2026-05-01T15:41:39","slug":"applied-nutrition-critical-greens-unflavoured","status":"publish","type":"product","link":"https:\/\/musclegainalbania.com\/?product=applied-nutrition-critical-greens-unflavoured","title":{"rendered":"Applied Nutrition Critical Greens Unflavoured"},"content":{"rendered":"<p data-start=\"46\" data-end=\"269\">Critical Greens nga Applied Nutrition \u00ebsht\u00eb nj\u00eb <strong data-start=\"94\" data-end=\"122\">superfood powder premium<\/strong> i formuluar p\u00ebr t\u00eb mb\u00ebshtetur <strong data-start=\"153\" data-end=\"204\">sh\u00ebndetin e p\u00ebrgjithsh\u00ebm, energjin\u00eb dhe tretjen<\/strong>, duke ofruar nj\u00eb m\u00ebnyr\u00eb t\u00eb leht\u00eb p\u00ebr t\u00eb marr\u00eb \u201cgreens\u201d \u00e7do dit\u00eb.<\/p>\n<h3 data-section-id=\"1dip94x\" data-start=\"276\" data-end=\"302\">\u00a0P\u00ebrfitimet kryesore:<\/h3>\n<ul data-start=\"303\" data-end=\"845\">\n<li data-section-id=\"33oes8\" data-start=\"303\" data-end=\"424\">P\u00ebrmban <strong data-start=\"313\" data-end=\"342\">17 ekstrakte super-greens<\/strong> (brokoli, spinaq, wheatgrass, kale, etj.)<\/li>\n<li data-section-id=\"36k45y\" data-start=\"425\" data-end=\"528\">Mb\u00ebshtet <strong data-start=\"436\" data-end=\"488\">energjin\u00eb, fokusin dhe mir\u00ebqenien e p\u00ebrgjithshme<\/strong><\/li>\n<li data-section-id=\"afsyn8\" data-start=\"529\" data-end=\"626\">Ndihmon n\u00eb <strong data-start=\"542\" data-end=\"586\">tretje dhe balanc\u00eb t\u00eb sistemit digjestiv<\/strong><\/li>\n<li data-section-id=\"47vi0g\" data-start=\"627\" data-end=\"744\">Ofron nj\u00eb m\u00ebnyr\u00eb praktike p\u00ebr t\u00eb plot\u00ebsuar <strong data-start=\"672\" data-end=\"704\">konsumimin ditor t\u00eb perimeve<\/strong><\/li>\n<li data-section-id=\"x0ix5o\" data-start=\"745\" data-end=\"845\">Formul\u00eb e past\u00ebr: <strong data-start=\"765\" data-end=\"805\">pa sheqer, pa sweeteners, pa fillers<\/strong><\/li>\n<\/ul>\n<h3 data-section-id=\"1qn5906\" data-start=\"1346\" data-end=\"1363\">P\u00ebrdorimi:<\/h3>\n<p data-start=\"1364\" data-end=\"1486\">P\u00ebrzieni <strong data-start=\"1373\" data-end=\"1389\">1 scoop (5g)<\/strong> me 200\u2013250 ml uj\u00eb, l\u00ebng ose smoothie, <strong data-start=\"1428\" data-end=\"1446\">1 her\u00eb n\u00eb dit\u00eb.<\/strong><\/p>\n","protected":false},"excerpt":{"rendered":"<p>Critical Greens nga Applied Nutrition \u00ebsht\u00eb nj\u00eb superfood powder premium i formuluar p\u00ebr t\u00eb mb\u00ebshtetur sh\u00ebndetin e p\u00ebrgjithsh\u00ebm, energjin\u00eb dhe tretjen, duke ofruar nj\u00eb m\u00ebnyr\u00eb t\u00eb leht\u00eb p\u00ebr t\u00eb marr\u00eb \u201cgreens\u201d \u00e7do dit\u00eb. \u00a0P\u00ebrfitimet kryesore: P\u00ebrmban 17 ekstrakte super-greens (brokoli, spinaq, wheatgrass, kale, etj.) Mb\u00ebshtet energjin\u00eb, fokusin dhe mir\u00ebqenien e p\u00ebrgjithshme Ndihmon n\u00eb tretje dhe [&hellip;]<\/p>\n","protected":false},"featured_media":9169,"comment_status":"open","ping_status":"closed","template":"","meta":{"site-sidebar-layout":"default","site-content-layout":"","ast-site-content-layout":"default","site-content-style":"default","site-sidebar-style":"default","ast-global-header-display":"","ast-banner-title-visibility":"","ast-main-header-display":"","ast-hfb-above-header-display":"","ast-hfb-below-header-display":"","ast-hfb-mobile-header-display":"","site-post-title":"","ast-breadcrumbs-content":"","ast-featured-img":"","footer-sml-layout":"","ast-disable-related-posts":"","theme-transparent-header-meta":"default","adv-header-id-meta":"","stick-header-meta":"","header-above-stick-meta":"","header-main-stick-meta":"","header-below-stick-meta":"","astra-migrate-meta-layouts":"set","ast-page-background-enabled":"default","ast-page-background-meta":{"desktop":{"background-color":"","background-image":"","background-repeat":"repeat","background-position":"center center","background-size":"auto","background-attachment":"scroll","background-type":"","background-media":"","overlay-type":"","overlay-color":"","overlay-opacity":"","overlay-gradient":""},"tablet":{"background-color":"","background-image":"","background-repeat":"repeat","background-position":"center center","background-size":"auto","background-attachment":"scroll","background-type":"","background-media":"","overlay-type":"","overlay-color":"","overlay-opacity":"","overlay-gradient":""},"mobile":{"background-color":"","background-image":"","background-repeat":"repeat","background-position":"center center","background-size":"auto","background-attachment":"scroll","background-type":"","background-media":"","overlay-type":"","overlay-color":"","overlay-opacity":"","overlay-gradient":""}},"ast-content-background-meta":{"desktop":{"background-color":"var(--ast-global-color-5)","background-image":"","background-repeat":"repeat","background-position":"center center","background-size":"auto","background-attachment":"scroll","background-type":"","background-media":"","overlay-type":"","overlay-color":"","overlay-opacity":"","overlay-gradient":""},"tablet":{"background-color":"var(--ast-global-color-5)","background-image":"","background-repeat":"repeat","background-position":"center center","background-size":"auto","background-attachment":"scroll","background-type":"","background-media":"","overlay-type":"","overlay-color":"","overlay-opacity":"","overlay-gradient":""},"mobile":{"background-color":"var(--ast-global-color-5)","background-image":"","background-repeat":"repeat","background-position":"center center","background-size":"auto","background-attachment":"scroll","background-type":"","background-media":"","overlay-type":"","overlay-color":"","overlay-opacity":"","overlay-gradient":""}}},"product_brand":[],"product_cat":[34],"product_tag":[],"class_list":{"0":"post-9267","1":"product","2":"type-product","3":"status-publish","4":"has-post-thumbnail","6":"product_cat-metabolizem","7":"desktop-align-center","8":"tablet-align-center","9":"mobile-align-center","11":"first","12":"instock","13":"shipping-taxable","14":"purchasable","15":"product-type-simple"},"_links":{"self":[{"href":"https:\/\/musclegainalbania.com\/index.php?rest_route=\/wp\/v2\/product\/9267","targetHints":{"allow":["GET"]}}],"collection":[{"href":"https:\/\/musclegainalbania.com\/index.php?rest_route=\/wp\/v2\/product"}],"about":[{"href":"https:\/\/musclegainalbania.com\/index.php?rest_route=\/wp\/v2\/types\/product"}],"replies":[{"embeddable":true,"href":"https:\/\/musclegainalbania.com\/index.php?rest_route=%2Fwp%2Fv2%2Fcomments&post=9267"}],"wp:featuredmedia":[{"embeddable":true,"href":"https:\/\/musclegainalbania.com\/index.php?rest_route=\/wp\/v2\/media\/9169"}],"wp:attachment":[{"href":"https:\/\/musclegainalbania.com\/index.php?rest_route=%2Fwp%2Fv2%2Fmedia&parent=9267"}],"wp:term":[{"taxonomy":"product_brand","embeddable":true,"href":"https:\/\/musclegainalbania.com\/index.php?rest_route=%2Fwp%2Fv2%2Fproduct_brand&post=9267"},{"taxonomy":"product_cat","embeddable":true,"href":"https:\/\/musclegainalbania.com\/index.php?rest_route=%2Fwp%2Fv2%2Fproduct_cat&post=9267"},{"taxonomy":"product_tag","embeddable":true,"href":"https:\/\/musclegainalbania.com\/index.php?rest_route=%2Fwp%2Fv2%2Fproduct_tag&post=9267"}],"curies":[{"name":"wp","href":"https:\/\/api.w.org\/{rel}","templated":true}]}}