{"id":9261,"date":"2026-03-25T12:35:50","date_gmt":"2026-03-25T12:35:50","guid":{"rendered":"https:\/\/papayawhip-oyster-671994.hostingersite.com\/product\/applied-nutrition-ashwagandha-ksm-66\/"},"modified":"2026-04-30T17:13:39","modified_gmt":"2026-04-30T17:13:39","slug":"applied-nutrition-ashwagandha-ksm-66","status":"publish","type":"product","link":"https:\/\/musclegainalbania.com\/?product=applied-nutrition-ashwagandha-ksm-66","title":{"rendered":"Applied Nutrition Ashwagandha KSM-66"},"content":{"rendered":"<p data-start=\"86\" data-end=\"121\"><strong data-start=\"86\" data-end=\"121\">Ashwagandha \u2013 Applied Nutrition<\/strong><\/p>\n<p data-start=\"123\" data-end=\"326\">Gjej balanc\u00ebn dhe performanc\u00ebn optimale me <em data-start=\"166\" data-end=\"179\">Ashwagandha<\/em> nga <strong data-start=\"184\" data-end=\"205\">Applied Nutrition<\/strong>, nj\u00eb suplement natyral i njohur p\u00ebr efektet e tij n\u00eb reduktimin e stresit dhe p\u00ebrmir\u00ebsimin e mir\u00ebqenies s\u00eb p\u00ebrgjithshme.<\/p>\n<p data-start=\"328\" data-end=\"548\">E p\u00ebrdorur prej shekujsh n\u00eb <span class=\"hover:entity-accent entity-underline inline cursor-pointer align-baseline\"><span class=\"whitespace-normal\">Ayurveda<\/span><\/span>, ashwagandha \u00ebsht\u00eb nj\u00eb adaptogjen i fuqish\u00ebm q\u00eb ndihmon trupin t\u00eb p\u00ebrballoj\u00eb stresin fizik dhe mendor, duke mb\u00ebshtetur nj\u00ebkoh\u00ebsisht energjin\u00eb dhe fokusin.<\/p>\n<p data-start=\"550\" data-end=\"773\">\u2714 Ndihmon n\u00eb reduktimin e stresit dhe ankthit<br data-start=\"595\" data-end=\"598\" \/>\u2714 Mb\u00ebshtet energjin\u00eb dhe performanc\u00ebn fizike<br data-start=\"642\" data-end=\"645\" \/>\u2714 P\u00ebrmir\u00ebson fokusin dhe qart\u00ebsin\u00eb mendore<br data-start=\"687\" data-end=\"690\" \/>\u2714 Mund t\u00eb ndihmoj\u00eb n\u00eb balancimin hormonal<br data-start=\"731\" data-end=\"734\" \/>\u2714 P\u00ebrb\u00ebr\u00ebs natyral me cil\u00ebsi t\u00eb lart\u00eb<\/p>\n<p data-start=\"775\" data-end=\"946\">Ky produkt \u00ebsht\u00eb ideal p\u00ebr sportist\u00eb dhe p\u00ebr k\u00ebdo q\u00eb k\u00ebrkon t\u00eb p\u00ebrmir\u00ebsoj\u00eb cil\u00ebsin\u00eb e jet\u00ebs s\u00eb p\u00ebrditshme, duke reduktuar lodhjen dhe duke rritur rezistenc\u00ebn ndaj stresit.<\/p>\n<p data-start=\"948\" data-end=\"1013\"><strong data-start=\"948\" data-end=\"962\">P\u00ebrdorimi:<\/strong> Konsumo 1\u20132 kapsula n\u00eb dit\u00eb, para gjumit.<\/p>\n","protected":false},"excerpt":{"rendered":"<p>Qet\u00ebsi, fokus dhe balanc\u00eb.<\/p>\n","protected":false},"featured_media":9178,"comment_status":"open","ping_status":"closed","template":"","meta":{"site-sidebar-layout":"default","site-content-layout":"","ast-site-content-layout":"default","site-content-style":"default","site-sidebar-style":"default","ast-global-header-display":"","ast-banner-title-visibility":"","ast-main-header-display":"","ast-hfb-above-header-display":"","ast-hfb-below-header-display":"","ast-hfb-mobile-header-display":"","site-post-title":"","ast-breadcrumbs-content":"","ast-featured-img":"","footer-sml-layout":"","ast-disable-related-posts":"","theme-transparent-header-meta":"default","adv-header-id-meta":"","stick-header-meta":"","header-above-stick-meta":"","header-main-stick-meta":"","header-below-stick-meta":"","astra-migrate-meta-layouts":"set","ast-page-background-enabled":"default","ast-page-background-meta":{"desktop":{"background-color":"","background-image":"","background-repeat":"repeat","background-position":"center center","background-size":"auto","background-attachment":"scroll","background-type":"","background-media":"","overlay-type":"","overlay-color":"","overlay-opacity":"","overlay-gradient":""},"tablet":{"background-color":"","background-image":"","background-repeat":"repeat","background-position":"center center","background-size":"auto","background-attachment":"scroll","background-type":"","background-media":"","overlay-type":"","overlay-color":"","overlay-opacity":"","overlay-gradient":""},"mobile":{"background-color":"","background-image":"","background-repeat":"repeat","background-position":"center center","background-size":"auto","background-attachment":"scroll","background-type":"","background-media":"","overlay-type":"","overlay-color":"","overlay-opacity":"","overlay-gradient":""}},"ast-content-background-meta":{"desktop":{"background-color":"var(--ast-global-color-5)","background-image":"","background-repeat":"repeat","background-position":"center center","background-size":"auto","background-attachment":"scroll","background-type":"","background-media":"","overlay-type":"","overlay-color":"","overlay-opacity":"","overlay-gradient":""},"tablet":{"background-color":"var(--ast-global-color-5)","background-image":"","background-repeat":"repeat","background-position":"center center","background-size":"auto","background-attachment":"scroll","background-type":"","background-media":"","overlay-type":"","overlay-color":"","overlay-opacity":"","overlay-gradient":""},"mobile":{"background-color":"var(--ast-global-color-5)","background-image":"","background-repeat":"repeat","background-position":"center center","background-size":"auto","background-attachment":"scroll","background-type":"","background-media":"","overlay-type":"","overlay-color":"","overlay-opacity":"","overlay-gradient":""}}},"product_brand":[],"product_cat":[34],"product_tag":[],"class_list":{"0":"post-9261","1":"product","2":"type-product","3":"status-publish","4":"has-post-thumbnail","6":"product_cat-metabolizem","7":"desktop-align-center","8":"tablet-align-center","9":"mobile-align-center","11":"first","12":"instock","13":"shipping-taxable","14":"purchasable","15":"product-type-simple"},"_links":{"self":[{"href":"https:\/\/musclegainalbania.com\/index.php?rest_route=\/wp\/v2\/product\/9261","targetHints":{"allow":["GET"]}}],"collection":[{"href":"https:\/\/musclegainalbania.com\/index.php?rest_route=\/wp\/v2\/product"}],"about":[{"href":"https:\/\/musclegainalbania.com\/index.php?rest_route=\/wp\/v2\/types\/product"}],"replies":[{"embeddable":true,"href":"https:\/\/musclegainalbania.com\/index.php?rest_route=%2Fwp%2Fv2%2Fcomments&post=9261"}],"wp:featuredmedia":[{"embeddable":true,"href":"https:\/\/musclegainalbania.com\/index.php?rest_route=\/wp\/v2\/media\/9178"}],"wp:attachment":[{"href":"https:\/\/musclegainalbania.com\/index.php?rest_route=%2Fwp%2Fv2%2Fmedia&parent=9261"}],"wp:term":[{"taxonomy":"product_brand","embeddable":true,"href":"https:\/\/musclegainalbania.com\/index.php?rest_route=%2Fwp%2Fv2%2Fproduct_brand&post=9261"},{"taxonomy":"product_cat","embeddable":true,"href":"https:\/\/musclegainalbania.com\/index.php?rest_route=%2Fwp%2Fv2%2Fproduct_cat&post=9261"},{"taxonomy":"product_tag","embeddable":true,"href":"https:\/\/musclegainalbania.com\/index.php?rest_route=%2Fwp%2Fv2%2Fproduct_tag&post=9261"}],"curies":[{"name":"wp","href":"https:\/\/api.w.org\/{rel}","templated":true}]}}