{"id":9260,"date":"2026-03-25T12:35:50","date_gmt":"2026-03-25T12:35:50","guid":{"rendered":"https:\/\/papayawhip-oyster-671994.hostingersite.com\/product\/yava-labs-tribulus-terrestris\/"},"modified":"2026-05-02T07:40:22","modified_gmt":"2026-05-02T07:40:22","slug":"yava-labs-tribulus-terrestris","status":"publish","type":"product","link":"https:\/\/musclegainalbania.com\/?product=yava-labs-tribulus-terrestris","title":{"rendered":"Yava Labs Tribulus Terrestris"},"content":{"rendered":"<p data-start=\"37\" data-end=\"188\">Tribulus Terrestris nga Yava Labs \u00ebsht\u00eb nj\u00eb suplement bimor i formuluar p\u00ebr t\u00eb mb\u00ebshtetur <strong data-start=\"127\" data-end=\"187\">balanc\u00ebn hormonale, energjin\u00eb dhe vitalitetin mashkullor<\/strong>.<\/p>\n<p data-start=\"190\" data-end=\"389\">Ky produkt p\u00ebrmban ekstrakt t\u00eb standardizuar nga bima <em data-start=\"244\" data-end=\"265\">Tribulus terrestris<\/em>, me <strong data-start=\"270\" data-end=\"286\">90% saponins<\/strong>, q\u00eb konsiderohen p\u00ebrb\u00ebr\u00ebsit aktiv\u00eb kryesor\u00eb p\u00ebr efektet e tij.<\/p>\n<hr data-start=\"391\" data-end=\"394\" \/>\n<h3 data-section-id=\"1dip94x\" data-start=\"396\" data-end=\"422\">P\u00ebrfitimet kryesore:<\/h3>\n<ul data-start=\"423\" data-end=\"734\">\n<li data-section-id=\"5sbz5m\" data-start=\"423\" data-end=\"472\">Mb\u00ebshtet <strong data-start=\"434\" data-end=\"470\">nivelin natyral t\u00eb testosteronit<\/strong><\/li>\n<li data-section-id=\"15t5r5i\" data-start=\"473\" data-end=\"531\">Ndihmon n\u00eb <strong data-start=\"486\" data-end=\"529\">rritjen e energjis\u00eb dhe q\u00ebndrueshm\u00ebris\u00eb<\/strong><\/li>\n<li data-section-id=\"7nbw52\" data-start=\"532\" data-end=\"580\">P\u00ebrmir\u00ebson <strong data-start=\"545\" data-end=\"578\">libidon dhe sh\u00ebndetin seksual<\/strong><\/li>\n<li data-section-id=\"r9uhfw\" data-start=\"581\" data-end=\"628\">Mb\u00ebshtet <strong data-start=\"592\" data-end=\"626\">performanc\u00ebn fizike dhe forc\u00ebn<\/strong><\/li>\n<li data-section-id=\"bcmevf\" data-start=\"629\" data-end=\"734\">Ndihmon n\u00eb <strong data-start=\"642\" data-end=\"694\">balanc\u00ebn hormonale dhe mir\u00ebqenien e p\u00ebrgjithshme<\/strong><\/li>\n<\/ul>\n<hr data-start=\"736\" data-end=\"739\" \/>\n<h3 data-section-id=\"1760h7s\" data-start=\"741\" data-end=\"766\">P\u00ebrb\u00ebrja kryesore:<\/h3>\n<ul data-start=\"767\" data-end=\"945\">\n<li data-section-id=\"199ekpy\" data-start=\"767\" data-end=\"821\"><strong data-start=\"769\" data-end=\"819\">222 mg Tribulus Terrestris extract p\u00ebr kapsul\u00eb<\/strong><\/li>\n<li data-section-id=\"16lt5jk\" data-start=\"822\" data-end=\"860\"><strong data-start=\"824\" data-end=\"858\">90% saponins (p\u00ebrb\u00ebr\u00ebsi aktiv)<\/strong><\/li>\n<li data-section-id=\"twe318\" data-start=\"861\" data-end=\"945\">Ekstrakt nga fruti i bim\u00ebs (standardizuar)<\/li>\n<\/ul>\n<hr data-start=\"947\" data-end=\"950\" \/>\n<h3 data-section-id=\"1qn5906\" data-start=\"952\" data-end=\"969\">P\u00ebrdorimi:<\/h3>\n<ul data-start=\"970\" data-end=\"1092\">\n<li data-section-id=\"cuo07d\" data-start=\"970\" data-end=\"998\">1 kapsul\u00eb n\u00eb dit\u00eb me uj\u00eb<\/li>\n<li data-section-id=\"dsqpfd\" data-start=\"999\" data-end=\"1092\">Ose 1\u20132 kapsula n\u00eb dit\u00eb sipas nevoj\u00ebs dhe paketimit<\/li>\n<\/ul>\n","protected":false},"excerpt":{"rendered":"<p>Ekstrakt bimor p\u00ebr vitalitet.<\/p>\n","protected":false},"featured_media":9182,"comment_status":"open","ping_status":"closed","template":"","meta":{"site-sidebar-layout":"default","site-content-layout":"","ast-site-content-layout":"default","site-content-style":"default","site-sidebar-style":"default","ast-global-header-display":"","ast-banner-title-visibility":"","ast-main-header-display":"","ast-hfb-above-header-display":"","ast-hfb-below-header-display":"","ast-hfb-mobile-header-display":"","site-post-title":"","ast-breadcrumbs-content":"","ast-featured-img":"","footer-sml-layout":"","ast-disable-related-posts":"","theme-transparent-header-meta":"default","adv-header-id-meta":"","stick-header-meta":"","header-above-stick-meta":"","header-main-stick-meta":"","header-below-stick-meta":"","astra-migrate-meta-layouts":"set","ast-page-background-enabled":"default","ast-page-background-meta":{"desktop":{"background-color":"","background-image":"","background-repeat":"repeat","background-position":"center center","background-size":"auto","background-attachment":"scroll","background-type":"","background-media":"","overlay-type":"","overlay-color":"","overlay-opacity":"","overlay-gradient":""},"tablet":{"background-color":"","background-image":"","background-repeat":"repeat","background-position":"center center","background-size":"auto","background-attachment":"scroll","background-type":"","background-media":"","overlay-type":"","overlay-color":"","overlay-opacity":"","overlay-gradient":""},"mobile":{"background-color":"","background-image":"","background-repeat":"repeat","background-position":"center center","background-size":"auto","background-attachment":"scroll","background-type":"","background-media":"","overlay-type":"","overlay-color":"","overlay-opacity":"","overlay-gradient":""}},"ast-content-background-meta":{"desktop":{"background-color":"var(--ast-global-color-5)","background-image":"","background-repeat":"repeat","background-position":"center center","background-size":"auto","background-attachment":"scroll","background-type":"","background-media":"","overlay-type":"","overlay-color":"","overlay-opacity":"","overlay-gradient":""},"tablet":{"background-color":"var(--ast-global-color-5)","background-image":"","background-repeat":"repeat","background-position":"center center","background-size":"auto","background-attachment":"scroll","background-type":"","background-media":"","overlay-type":"","overlay-color":"","overlay-opacity":"","overlay-gradient":""},"mobile":{"background-color":"var(--ast-global-color-5)","background-image":"","background-repeat":"repeat","background-position":"center center","background-size":"auto","background-attachment":"scroll","background-type":"","background-media":"","overlay-type":"","overlay-color":"","overlay-opacity":"","overlay-gradient":""}}},"product_brand":[],"product_cat":[34],"product_tag":[],"class_list":{"0":"post-9260","1":"product","2":"type-product","3":"status-publish","4":"has-post-thumbnail","6":"product_cat-metabolizem","7":"desktop-align-center","8":"tablet-align-center","9":"mobile-align-center","11":"first","12":"instock","13":"shipping-taxable","14":"purchasable","15":"product-type-simple"},"_links":{"self":[{"href":"https:\/\/musclegainalbania.com\/index.php?rest_route=\/wp\/v2\/product\/9260","targetHints":{"allow":["GET"]}}],"collection":[{"href":"https:\/\/musclegainalbania.com\/index.php?rest_route=\/wp\/v2\/product"}],"about":[{"href":"https:\/\/musclegainalbania.com\/index.php?rest_route=\/wp\/v2\/types\/product"}],"replies":[{"embeddable":true,"href":"https:\/\/musclegainalbania.com\/index.php?rest_route=%2Fwp%2Fv2%2Fcomments&post=9260"}],"wp:featuredmedia":[{"embeddable":true,"href":"https:\/\/musclegainalbania.com\/index.php?rest_route=\/wp\/v2\/media\/9182"}],"wp:attachment":[{"href":"https:\/\/musclegainalbania.com\/index.php?rest_route=%2Fwp%2Fv2%2Fmedia&parent=9260"}],"wp:term":[{"taxonomy":"product_brand","embeddable":true,"href":"https:\/\/musclegainalbania.com\/index.php?rest_route=%2Fwp%2Fv2%2Fproduct_brand&post=9260"},{"taxonomy":"product_cat","embeddable":true,"href":"https:\/\/musclegainalbania.com\/index.php?rest_route=%2Fwp%2Fv2%2Fproduct_cat&post=9260"},{"taxonomy":"product_tag","embeddable":true,"href":"https:\/\/musclegainalbania.com\/index.php?rest_route=%2Fwp%2Fv2%2Fproduct_tag&post=9260"}],"curies":[{"name":"wp","href":"https:\/\/api.w.org\/{rel}","templated":true}]}}