{"id":9259,"date":"2026-03-25T12:35:49","date_gmt":"2026-03-25T12:35:49","guid":{"rendered":"https:\/\/papayawhip-oyster-671994.hostingersite.com\/product\/yava-labs-fat-burner-extreme\/"},"modified":"2026-04-30T19:03:01","modified_gmt":"2026-04-30T19:03:01","slug":"yava-labs-fat-burner-extreme","status":"publish","type":"product","link":"https:\/\/musclegainalbania.com\/?product=yava-labs-fat-burner-extreme","title":{"rendered":"Yava Labs Fat Burner Extreme"},"content":{"rendered":"<p data-start=\"140\" data-end=\"543\">Fat Burner Extreme nga Yava Labs \u00ebsht\u00eb nj\u00eb suplement termogjenik i fuqish\u00ebm i krijuar p\u00ebr t\u00eb mb\u00ebshtetur djegien e yndyr\u00ebs, p\u00ebrshpejtimin e metabolizmit dhe rritjen e energjis\u00eb gjat\u00eb aktivitetit fizik. Formula e avancuar kombinon p\u00ebrb\u00ebr\u00ebs aktiv\u00eb si L-Carnitine, ekstrakt \u00e7aji jeshil, guarana dhe kafein\u00eb p\u00ebr t\u00eb ndihmuar trupin t\u00eb p\u00ebrdor\u00eb yndyr\u00ebn si burim energjie.<\/p>\n<p data-start=\"545\" data-end=\"696\">Ky produkt \u00ebsht\u00eb ideal p\u00ebr persona q\u00eb jan\u00eb n\u00eb faz\u00eb definimi (cutting), diet\u00eb ose q\u00eb k\u00ebrkojn\u00eb t\u00eb p\u00ebrmir\u00ebsojn\u00eb performanc\u00ebn dhe fokusin gjat\u00eb st\u00ebrvitjes.<\/p>\n<p data-start=\"698\" data-end=\"722\"><strong data-start=\"698\" data-end=\"722\">P\u00ebrfitimet kryesore:<\/strong><\/p>\n<ul data-start=\"723\" data-end=\"1026\">\n<li data-section-id=\"1q1pxqq\" data-start=\"723\" data-end=\"782\">Ndihmon n\u00eb djegien e yndyr\u00ebs p\u00ebrmes efektit termogjenik<\/li>\n<li data-section-id=\"1dzmig1\" data-start=\"783\" data-end=\"837\">P\u00ebrshpejton metabolizmin dhe shpenzimin e kalorive<\/li>\n<li data-section-id=\"kal5a7\" data-start=\"838\" data-end=\"885\">Rrit energjin\u00eb, fokusin dhe q\u00ebndrueshm\u00ebrin\u00eb<\/li>\n<li data-section-id=\"2l75r5\" data-start=\"886\" data-end=\"934\">Ndihmon n\u00eb kontrollin e oreksit gjat\u00eb diet\u00ebs<\/li>\n<li data-section-id=\"18zy3yy\" data-start=\"935\" data-end=\"1026\">Mb\u00ebshtet performanc\u00ebn fizike dhe redukton lodhjen<\/li>\n<\/ul>\n<p data-start=\"1524\" data-end=\"1672\"><strong data-start=\"1524\" data-end=\"1552\">P\u00ebrdorimi i rekomanduar:<\/strong><br \/>\nMerrni 2 kapsula rreth 30 minuta para aktivitetit fizik p\u00ebr rezultate optimale.<\/p>\n","protected":false},"excerpt":{"rendered":"<p>Fat Burner Extreme nga Yava Labs \u00ebsht\u00eb nj\u00eb suplement termogjenik i fuqish\u00ebm i krijuar p\u00ebr t\u00eb mb\u00ebshtetur djegien e yndyr\u00ebs, p\u00ebrshpejtimin e metabolizmit dhe rritjen e energjis\u00eb gjat\u00eb aktivitetit fizik. Formula e avancuar kombinon p\u00ebrb\u00ebr\u00ebs aktiv\u00eb si L-Carnitine, ekstrakt \u00e7aji jeshil, guarana dhe kafein\u00eb p\u00ebr t\u00eb ndihmuar trupin t\u00eb p\u00ebrdor\u00eb yndyr\u00ebn si burim energjie. Ky [&hellip;]<\/p>\n","protected":false},"featured_media":9157,"comment_status":"open","ping_status":"closed","template":"","meta":{"site-sidebar-layout":"default","site-content-layout":"","ast-site-content-layout":"default","site-content-style":"default","site-sidebar-style":"default","ast-global-header-display":"","ast-banner-title-visibility":"","ast-main-header-display":"","ast-hfb-above-header-display":"","ast-hfb-below-header-display":"","ast-hfb-mobile-header-display":"","site-post-title":"","ast-breadcrumbs-content":"","ast-featured-img":"","footer-sml-layout":"","ast-disable-related-posts":"","theme-transparent-header-meta":"default","adv-header-id-meta":"","stick-header-meta":"","header-above-stick-meta":"","header-main-stick-meta":"","header-below-stick-meta":"","astra-migrate-meta-layouts":"set","ast-page-background-enabled":"default","ast-page-background-meta":{"desktop":{"background-color":"","background-image":"","background-repeat":"repeat","background-position":"center center","background-size":"auto","background-attachment":"scroll","background-type":"","background-media":"","overlay-type":"","overlay-color":"","overlay-opacity":"","overlay-gradient":""},"tablet":{"background-color":"","background-image":"","background-repeat":"repeat","background-position":"center center","background-size":"auto","background-attachment":"scroll","background-type":"","background-media":"","overlay-type":"","overlay-color":"","overlay-opacity":"","overlay-gradient":""},"mobile":{"background-color":"","background-image":"","background-repeat":"repeat","background-position":"center center","background-size":"auto","background-attachment":"scroll","background-type":"","background-media":"","overlay-type":"","overlay-color":"","overlay-opacity":"","overlay-gradient":""}},"ast-content-background-meta":{"desktop":{"background-color":"var(--ast-global-color-5)","background-image":"","background-repeat":"repeat","background-position":"center center","background-size":"auto","background-attachment":"scroll","background-type":"","background-media":"","overlay-type":"","overlay-color":"","overlay-opacity":"","overlay-gradient":""},"tablet":{"background-color":"var(--ast-global-color-5)","background-image":"","background-repeat":"repeat","background-position":"center center","background-size":"auto","background-attachment":"scroll","background-type":"","background-media":"","overlay-type":"","overlay-color":"","overlay-opacity":"","overlay-gradient":""},"mobile":{"background-color":"var(--ast-global-color-5)","background-image":"","background-repeat":"repeat","background-position":"center center","background-size":"auto","background-attachment":"scroll","background-type":"","background-media":"","overlay-type":"","overlay-color":"","overlay-opacity":"","overlay-gradient":""}}},"product_brand":[],"product_cat":[37,34],"product_tag":[],"class_list":{"0":"post-9259","1":"product","2":"type-product","3":"status-publish","4":"has-post-thumbnail","6":"product_cat-best-selling-products","7":"product_cat-metabolizem","8":"desktop-align-center","9":"tablet-align-center","10":"mobile-align-center","12":"first","13":"instock","14":"shipping-taxable","15":"purchasable","16":"product-type-simple"},"_links":{"self":[{"href":"https:\/\/musclegainalbania.com\/index.php?rest_route=\/wp\/v2\/product\/9259","targetHints":{"allow":["GET"]}}],"collection":[{"href":"https:\/\/musclegainalbania.com\/index.php?rest_route=\/wp\/v2\/product"}],"about":[{"href":"https:\/\/musclegainalbania.com\/index.php?rest_route=\/wp\/v2\/types\/product"}],"replies":[{"embeddable":true,"href":"https:\/\/musclegainalbania.com\/index.php?rest_route=%2Fwp%2Fv2%2Fcomments&post=9259"}],"wp:featuredmedia":[{"embeddable":true,"href":"https:\/\/musclegainalbania.com\/index.php?rest_route=\/wp\/v2\/media\/9157"}],"wp:attachment":[{"href":"https:\/\/musclegainalbania.com\/index.php?rest_route=%2Fwp%2Fv2%2Fmedia&parent=9259"}],"wp:term":[{"taxonomy":"product_brand","embeddable":true,"href":"https:\/\/musclegainalbania.com\/index.php?rest_route=%2Fwp%2Fv2%2Fproduct_brand&post=9259"},{"taxonomy":"product_cat","embeddable":true,"href":"https:\/\/musclegainalbania.com\/index.php?rest_route=%2Fwp%2Fv2%2Fproduct_cat&post=9259"},{"taxonomy":"product_tag","embeddable":true,"href":"https:\/\/musclegainalbania.com\/index.php?rest_route=%2Fwp%2Fv2%2Fproduct_tag&post=9259"}],"curies":[{"name":"wp","href":"https:\/\/api.w.org\/{rel}","templated":true}]}}