{"id":9257,"date":"2026-03-25T12:35:49","date_gmt":"2026-03-25T12:35:49","guid":{"rendered":"https:\/\/papayawhip-oyster-671994.hostingersite.com\/product\/yava-labs-joint-formula\/"},"modified":"2026-04-30T19:08:10","modified_gmt":"2026-04-30T19:08:10","slug":"yava-labs-joint-formula","status":"publish","type":"product","link":"https:\/\/musclegainalbania.com\/?product=yava-labs-joint-formula","title":{"rendered":"Yava Labs Joint Formula"},"content":{"rendered":"<p data-start=\"90\" data-end=\"455\">Joint Formula nga Yava Labs \u00ebsht\u00eb nj\u00eb suplement ushqimor i avancuar i krijuar p\u00ebr t\u00eb mb\u00ebshtetur sh\u00ebndetin e ky\u00e7eve, kockave dhe k\u00ebrcit. Me nj\u00eb formul\u00eb t\u00eb balancuar q\u00eb kombinon p\u00ebrb\u00ebr\u00ebs aktiv\u00eb si glukozamina, kondroitina dhe MSM, ky produkt ndihmon n\u00eb p\u00ebrmir\u00ebsimin e fleksibilitetit, l\u00ebvizshm\u00ebris\u00eb dhe komfortit t\u00eb p\u00ebrditsh\u00ebm.<\/p>\n<p data-start=\"457\" data-end=\"594\">Ky suplement \u00ebsht\u00eb ideal p\u00ebr sportist\u00eb, persona aktiv\u00eb dhe k\u00ebdo q\u00eb k\u00ebrkon t\u00eb mbroj\u00eb ky\u00e7et nga konsumimi i p\u00ebrditsh\u00ebm apo ngarkesa fizike.<\/p>\n<p data-start=\"596\" data-end=\"620\"><strong data-start=\"596\" data-end=\"620\">P\u00ebrfitimet kryesore:<\/strong><\/p>\n<ul data-start=\"621\" data-end=\"849\">\n<li data-section-id=\"11xpg71\" data-start=\"621\" data-end=\"663\">Mb\u00ebshtet sh\u00ebndetin e ky\u00e7eve dhe k\u00ebrcit<\/li>\n<li data-section-id=\"1vpla9g\" data-start=\"664\" data-end=\"712\">P\u00ebrmir\u00ebson fleksibilitetin dhe l\u00ebvizshm\u00ebrin\u00eb<\/li>\n<li data-section-id=\"15uhd2x\" data-start=\"713\" data-end=\"765\">Ndihmon n\u00eb reduktimin e dhimbjeve dhe ngurt\u00ebsis\u00eb<\/li>\n<li data-section-id=\"ushdue\" data-start=\"766\" data-end=\"812\">Mb\u00ebshtet rikuperimin pas aktivitetit fizik<\/li>\n<li data-section-id=\"1w6amke\" data-start=\"813\" data-end=\"849\">Kontribuon n\u00eb forcimin e kockave<\/li>\n<\/ul>\n<p data-start=\"1284\" data-end=\"1411\"><strong data-start=\"1284\" data-end=\"1312\">P\u00ebrdorimi i rekomanduar:<\/strong><br \/>\nMerrni 3 kapsula n\u00eb dit\u00eb me uj\u00eb, preferohet gjat\u00eb vakteve.<\/p>\n","protected":false},"excerpt":{"rendered":"<p>&nbsp;<\/p>\n<p>&nbsp;<\/p>\n","protected":false},"featured_media":9156,"comment_status":"open","ping_status":"closed","template":"","meta":{"site-sidebar-layout":"default","site-content-layout":"","ast-site-content-layout":"default","site-content-style":"default","site-sidebar-style":"default","ast-global-header-display":"","ast-banner-title-visibility":"","ast-main-header-display":"","ast-hfb-above-header-display":"","ast-hfb-below-header-display":"","ast-hfb-mobile-header-display":"","site-post-title":"","ast-breadcrumbs-content":"","ast-featured-img":"","footer-sml-layout":"","ast-disable-related-posts":"","theme-transparent-header-meta":"default","adv-header-id-meta":"","stick-header-meta":"","header-above-stick-meta":"","header-main-stick-meta":"","header-below-stick-meta":"","astra-migrate-meta-layouts":"set","ast-page-background-enabled":"default","ast-page-background-meta":{"desktop":{"background-color":"","background-image":"","background-repeat":"repeat","background-position":"center center","background-size":"auto","background-attachment":"scroll","background-type":"","background-media":"","overlay-type":"","overlay-color":"","overlay-opacity":"","overlay-gradient":""},"tablet":{"background-color":"","background-image":"","background-repeat":"repeat","background-position":"center center","background-size":"auto","background-attachment":"scroll","background-type":"","background-media":"","overlay-type":"","overlay-color":"","overlay-opacity":"","overlay-gradient":""},"mobile":{"background-color":"","background-image":"","background-repeat":"repeat","background-position":"center center","background-size":"auto","background-attachment":"scroll","background-type":"","background-media":"","overlay-type":"","overlay-color":"","overlay-opacity":"","overlay-gradient":""}},"ast-content-background-meta":{"desktop":{"background-color":"var(--ast-global-color-5)","background-image":"","background-repeat":"repeat","background-position":"center center","background-size":"auto","background-attachment":"scroll","background-type":"","background-media":"","overlay-type":"","overlay-color":"","overlay-opacity":"","overlay-gradient":""},"tablet":{"background-color":"var(--ast-global-color-5)","background-image":"","background-repeat":"repeat","background-position":"center center","background-size":"auto","background-attachment":"scroll","background-type":"","background-media":"","overlay-type":"","overlay-color":"","overlay-opacity":"","overlay-gradient":""},"mobile":{"background-color":"var(--ast-global-color-5)","background-image":"","background-repeat":"repeat","background-position":"center center","background-size":"auto","background-attachment":"scroll","background-type":"","background-media":"","overlay-type":"","overlay-color":"","overlay-opacity":"","overlay-gradient":""}}},"product_brand":[],"product_cat":[34],"product_tag":[],"class_list":{"0":"post-9257","1":"product","2":"type-product","3":"status-publish","4":"has-post-thumbnail","6":"product_cat-metabolizem","7":"desktop-align-center","8":"tablet-align-center","9":"mobile-align-center","11":"first","12":"instock","13":"shipping-taxable","14":"purchasable","15":"product-type-simple"},"_links":{"self":[{"href":"https:\/\/musclegainalbania.com\/index.php?rest_route=\/wp\/v2\/product\/9257","targetHints":{"allow":["GET"]}}],"collection":[{"href":"https:\/\/musclegainalbania.com\/index.php?rest_route=\/wp\/v2\/product"}],"about":[{"href":"https:\/\/musclegainalbania.com\/index.php?rest_route=\/wp\/v2\/types\/product"}],"replies":[{"embeddable":true,"href":"https:\/\/musclegainalbania.com\/index.php?rest_route=%2Fwp%2Fv2%2Fcomments&post=9257"}],"wp:featuredmedia":[{"embeddable":true,"href":"https:\/\/musclegainalbania.com\/index.php?rest_route=\/wp\/v2\/media\/9156"}],"wp:attachment":[{"href":"https:\/\/musclegainalbania.com\/index.php?rest_route=%2Fwp%2Fv2%2Fmedia&parent=9257"}],"wp:term":[{"taxonomy":"product_brand","embeddable":true,"href":"https:\/\/musclegainalbania.com\/index.php?rest_route=%2Fwp%2Fv2%2Fproduct_brand&post=9257"},{"taxonomy":"product_cat","embeddable":true,"href":"https:\/\/musclegainalbania.com\/index.php?rest_route=%2Fwp%2Fv2%2Fproduct_cat&post=9257"},{"taxonomy":"product_tag","embeddable":true,"href":"https:\/\/musclegainalbania.com\/index.php?rest_route=%2Fwp%2Fv2%2Fproduct_tag&post=9257"}],"curies":[{"name":"wp","href":"https:\/\/api.w.org\/{rel}","templated":true}]}}