{"id":9250,"date":"2026-03-25T12:35:47","date_gmt":"2026-03-25T12:35:47","guid":{"rendered":"https:\/\/papayawhip-oyster-671994.hostingersite.com\/product\/applied-nutrition-protein-water-tropical-burst\/"},"modified":"2026-04-30T18:56:12","modified_gmt":"2026-04-30T18:56:12","slug":"applied-nutrition-protein-water-tropical-burst","status":"publish","type":"product","link":"https:\/\/musclegainalbania.com\/?product=applied-nutrition-protein-water-tropical-burst","title":{"rendered":"Applied Nutrition Protein Water  Can"},"content":{"rendered":"<p data-start=\"39\" data-end=\"246\">Protein Water nga Applied Nutrition \u00ebsht\u00eb nj\u00eb <strong data-start=\"85\" data-end=\"134\">pije proteike e leht\u00eb, e gazuar dhe freskuese<\/strong>, e krijuar p\u00ebr t\u00eb ndihmuar n\u00eb <strong data-start=\"165\" data-end=\"245\">hidratim dhe marrjen e protein\u00ebs pa ndjesin\u00eb e r\u00ebnd\u00eb t\u00eb nj\u00eb shake proteinash<\/strong>.<\/p>\n<p data-start=\"248\" data-end=\"452\">\u00c7do kana\u00e7e p\u00ebrmban rreth <strong data-start=\"273\" data-end=\"314\">10g protein\u00eb kolagjeni t\u00eb hidrolizuar<\/strong>, s\u00eb bashku me <strong data-start=\"329\" data-end=\"377\">vitamin\u00eb C dhe elektrolite nga uji i kokosit<\/strong>, duke e b\u00ebr\u00eb nj\u00eb opsion ideal p\u00ebr p\u00ebrdorim gjat\u00eb dit\u00ebs ose pas st\u00ebrvitjes.<\/p>\n<h3 data-section-id=\"1dip94x\" data-start=\"454\" data-end=\"480\">\u2714 P\u00ebrfitimet kryesore:<\/h3>\n<ul data-start=\"481\" data-end=\"721\">\n<li data-section-id=\"338496\" data-start=\"481\" data-end=\"516\">Ofron <strong data-start=\"489\" data-end=\"516\">10g protein\u00eb p\u00ebr kana\u00e7e<\/strong><\/li>\n<li data-section-id=\"69el9k\" data-start=\"517\" data-end=\"571\">Ndihmon n\u00eb <strong data-start=\"530\" data-end=\"571\">hidratim dhe rikuperim pas st\u00ebrvitjes<\/strong><\/li>\n<li data-section-id=\"170yn9g\" data-start=\"572\" data-end=\"638\">Mb\u00ebshtet <strong data-start=\"583\" data-end=\"638\">funksionin normal t\u00eb sistemit imunitar (Vitamin\u00eb C)<\/strong><\/li>\n<li data-section-id=\"2ycpgg\" data-start=\"639\" data-end=\"674\">Pa sheqer dhe me shum\u00eb pak kalori<\/li>\n<li data-section-id=\"1xbqy79\" data-start=\"675\" data-end=\"721\">Alternativ\u00eb e leht\u00eb ndaj shake-ve proteinike<\/li>\n<\/ul>\n<h3 data-section-id=\"1haeybe\" data-start=\"723\" data-end=\"745\">Karakteristika:<\/h3>\n<ul data-start=\"746\" data-end=\"931\">\n<li data-section-id=\"rom1b\" data-start=\"746\" data-end=\"783\">Pije e gazuar dhe shum\u00eb freskuese<\/li>\n<li data-section-id=\"p1xypk\" data-start=\"784\" data-end=\"834\">Me <strong data-start=\"789\" data-end=\"832\">kolagjen t\u00eb hidrolizuar (bovine type I)<\/strong><\/li>\n<li data-section-id=\"1a6j9c7\" data-start=\"835\" data-end=\"901\">Pa laktoz\u00eb, pa gluten dhe e p\u00ebrshtatshme p\u00ebr stil jetese aktiv<\/li>\n<li data-section-id=\"e7dzef\" data-start=\"902\" data-end=\"931\">Shije t\u00eb ndryshme frutash<\/li>\n<\/ul>\n<h3 data-section-id=\"1qn5906\" data-start=\"933\" data-end=\"950\">\u00a0P\u00ebrdorimi:<\/h3>\n<p data-start=\"951\" data-end=\"1049\">Mund t\u00eb konsumohet <strong data-start=\"970\" data-end=\"990\">1 kana\u00e7e n\u00eb dit\u00eb<\/strong>, sidomos pas st\u00ebrvitjes ose si pije freskuese gjat\u00eb dit\u00ebs.<\/p>\n","protected":false},"excerpt":{"rendered":"<p>Protein Water nga Applied Nutrition \u00ebsht\u00eb nj\u00eb pije proteike e leht\u00eb, e gazuar dhe freskuese, e krijuar p\u00ebr t\u00eb ndihmuar n\u00eb hidratim dhe marrjen e protein\u00ebs pa ndjesin\u00eb e r\u00ebnd\u00eb t\u00eb nj\u00eb shake proteinash. \u00c7do kana\u00e7e p\u00ebrmban rreth 10g protein\u00eb kolagjeni t\u00eb hidrolizuar, s\u00eb bashku me vitamin\u00eb C dhe elektrolite nga uji i kokosit, duke [&hellip;]<\/p>\n","protected":false},"featured_media":9183,"comment_status":"open","ping_status":"closed","template":"","meta":{"site-sidebar-layout":"default","site-content-layout":"","ast-site-content-layout":"default","site-content-style":"default","site-sidebar-style":"default","ast-global-header-display":"","ast-banner-title-visibility":"","ast-main-header-display":"","ast-hfb-above-header-display":"","ast-hfb-below-header-display":"","ast-hfb-mobile-header-display":"","site-post-title":"","ast-breadcrumbs-content":"","ast-featured-img":"","footer-sml-layout":"","ast-disable-related-posts":"","theme-transparent-header-meta":"default","adv-header-id-meta":"","stick-header-meta":"","header-above-stick-meta":"","header-main-stick-meta":"","header-below-stick-meta":"","astra-migrate-meta-layouts":"set","ast-page-background-enabled":"default","ast-page-background-meta":{"desktop":{"background-color":"","background-image":"","background-repeat":"repeat","background-position":"center center","background-size":"auto","background-attachment":"scroll","background-type":"","background-media":"","overlay-type":"","overlay-color":"","overlay-opacity":"","overlay-gradient":""},"tablet":{"background-color":"","background-image":"","background-repeat":"repeat","background-position":"center center","background-size":"auto","background-attachment":"scroll","background-type":"","background-media":"","overlay-type":"","overlay-color":"","overlay-opacity":"","overlay-gradient":""},"mobile":{"background-color":"","background-image":"","background-repeat":"repeat","background-position":"center center","background-size":"auto","background-attachment":"scroll","background-type":"","background-media":"","overlay-type":"","overlay-color":"","overlay-opacity":"","overlay-gradient":""}},"ast-content-background-meta":{"desktop":{"background-color":"var(--ast-global-color-5)","background-image":"","background-repeat":"repeat","background-position":"center center","background-size":"auto","background-attachment":"scroll","background-type":"","background-media":"","overlay-type":"","overlay-color":"","overlay-opacity":"","overlay-gradient":""},"tablet":{"background-color":"var(--ast-global-color-5)","background-image":"","background-repeat":"repeat","background-position":"center center","background-size":"auto","background-attachment":"scroll","background-type":"","background-media":"","overlay-type":"","overlay-color":"","overlay-opacity":"","overlay-gradient":""},"mobile":{"background-color":"var(--ast-global-color-5)","background-image":"","background-repeat":"repeat","background-position":"center center","background-size":"auto","background-attachment":"scroll","background-type":"","background-media":"","overlay-type":"","overlay-color":"","overlay-opacity":"","overlay-gradient":""}}},"product_brand":[],"product_cat":[37,32],"product_tag":[],"class_list":{"0":"post-9250","1":"product","2":"type-product","3":"status-publish","4":"has-post-thumbnail","6":"product_cat-best-selling-products","7":"product_cat-proteina","8":"desktop-align-center","9":"tablet-align-center","10":"mobile-align-center","12":"first","13":"instock","14":"shipping-taxable","15":"purchasable","16":"product-type-variable"},"_links":{"self":[{"href":"https:\/\/musclegainalbania.com\/index.php?rest_route=\/wp\/v2\/product\/9250","targetHints":{"allow":["GET"]}}],"collection":[{"href":"https:\/\/musclegainalbania.com\/index.php?rest_route=\/wp\/v2\/product"}],"about":[{"href":"https:\/\/musclegainalbania.com\/index.php?rest_route=\/wp\/v2\/types\/product"}],"replies":[{"embeddable":true,"href":"https:\/\/musclegainalbania.com\/index.php?rest_route=%2Fwp%2Fv2%2Fcomments&post=9250"}],"wp:featuredmedia":[{"embeddable":true,"href":"https:\/\/musclegainalbania.com\/index.php?rest_route=\/wp\/v2\/media\/9183"}],"wp:attachment":[{"href":"https:\/\/musclegainalbania.com\/index.php?rest_route=%2Fwp%2Fv2%2Fmedia&parent=9250"}],"wp:term":[{"taxonomy":"product_brand","embeddable":true,"href":"https:\/\/musclegainalbania.com\/index.php?rest_route=%2Fwp%2Fv2%2Fproduct_brand&post=9250"},{"taxonomy":"product_cat","embeddable":true,"href":"https:\/\/musclegainalbania.com\/index.php?rest_route=%2Fwp%2Fv2%2Fproduct_cat&post=9250"},{"taxonomy":"product_tag","embeddable":true,"href":"https:\/\/musclegainalbania.com\/index.php?rest_route=%2Fwp%2Fv2%2Fproduct_tag&post=9250"}],"curies":[{"name":"wp","href":"https:\/\/api.w.org\/{rel}","templated":true}]}}